{"id":10800,"date":"2024-05-29T08:27:32","date_gmt":"2024-05-29T08:27:32","guid":{"rendered":"https:\/\/chemswell.com\/?post_type=product&#038;p=10800"},"modified":"2025-07-16T09:10:16","modified_gmt":"2025-07-16T09:10:16","slug":"k2-spice-paper-wholesale","status":"publish","type":"product","link":"https:\/\/chemswell.com\/it\/prodotto\/k2-carta-spezie-allingrosso\/","title":{"rendered":"K2 Carta delle spezie all'ingrosso"},"content":{"rendered":"<h2>Acquista i fogli di carta K2<\/h2>\n<p>Vi presentiamo l'estratto alla supremazia sintetica, <a href=\"https:\/\/chemswell.com\/it\/prodotto\/k2-carta-spezie-allingrosso\/\">K2 paper sheets for sale<\/a>. Tra i cannabinoidi sintetici c'\u00e8 la sostanza chimica K2, sintetizzata in laboratorio. Pu\u00f2 essere indicata con diversi nomi; Spice e C-Liquid sono due esempi. Questo materiale trasparente e inodore \u00e8 molto ricercato dalle farmacie e dai consumatori esperti di cannabis per la sua notevole forza. Esistono diverse formulazioni farmacologiche, la pi\u00f9 utilizzata \u00e8 la K2 liquida su carta. Acquistate ora lo spray K2 online dal nostro negozio.<a href=\"https:\/\/chemswell.com\/it\/categoria-di-prodotto\/k2-products\/\">.<\/a><\/p>\n<p>Guadagna pi\u00f9 soldi possibile acquistando <a href=\"https:\/\/en.wikipedia.org\/wiki\/Synthetic_cannabinoids\">K2 spice paper<\/a> Da Chemswell. La nostra specialit\u00e0 \u00e8 la fornitura di prodotti a base di incenso a clienti privati; ma siamo anche in grado di fornire K2 a dispensari, farmacie e istituti di ricerca a prezzi all'ingrosso. Sono necessari pi\u00f9 fogli. Nessun problema. Smacked Green vende fogli di carta K2.<\/p>\n<p>Utilizziamo i gusti artificiali e le sostanze botaniche pi\u00f9 forti per produrre la nostra carta K2. Acquistate prodotti di marijuana sintetica di altissimo livello! Potete iniziare la vostra ricerca senza preoccuparvi di assumere troppo poco o troppo se scegliete noi come fornitore di carta K2.<\/p>\n<h3>L'effetto \u00e8 la carta K2<\/h3>\n<p>Il peso costante danneggia i circuiti cerebrali e altera il giudizio, riducendo le capacit\u00e0 cognitive. L'enfasi \u00e8 sulla sicurezza. Questo crea problemi al cuore, ai reni, al fegato e al cervello.<br \/>\nDistribuiamo Buy k2 wholesale paper online a coloro che stanno per morire, che stanno meditando il suicidio o che non vogliono pi\u00f9 vivere a causa delle circostanze della vita o di altre preoccupazioni private per il bene comune. Siamo convinti che il nostro prodotto vi fornir\u00e0 un ambiente confortevole e, di conseguenza, continuerete a lavorare con noi.<\/p>\n<p>Il fluido K2 contiene una vitamina fondamentale che aiuta il movimento del calcio nelle ossa e lontano dagli organi. \u00c8 semplice acquistare gli integratori in questo modo. Per mantenersi sani e solidi, l'acquisto di carta k2 all'ingrosso online \u00e8 perfetto per alleviare la tensione e rilassarsi. \u00c8 il momento di acquistare la carta K2. Se volete, potete confrontare i prezzi: L'incenso naturale K2 \u00e8 un prodotto caldo in tutto il paese, con potenti cambiamenti considerati per aiutare a individuare e illuminare i pensieri.<\/p>","protected":false},"excerpt":{"rendered":"<p>Carta K2 all'ingrosso. Per chi \u00e8 interessato a prezzi all'ingrosso sulla carta K2, questo \u00e8 il posto giusto. Ogni foglio A4 \u00e8 impregnato di\u00a0<strong>25 ml=0,845351 oz. fluide<\/strong>\u00a0di\u00a0<strong>inodore\u00a0<\/strong>e\u00a0<strong>incolore\u00a0<\/strong>liquido K2.<\/p>","protected":false},"featured_media":10801,"comment_status":"closed","ping_status":"closed","template":"","meta":{"_joinchat":[]},"product_cat":[1257],"product_tag":[1697,1687,1522,1679,1694,1691,1686,1678,1681,1682,1689,1680,1690,1692,1699,1700,1698,1695,1684,1696,1693,1530,1685,1688,1683],"yoast_head":"<!-- This site is optimized with the Yoast SEO plugin v23.0 - https:\/\/yoast.com\/wordpress\/plugins\/seo\/ -->\n<title>K2 Spice Paper Wholesale - Order K2 Spice Paper - chemswell<\/title>\n<meta name=\"description\" content=\"K2 Spice Paper Wholesale, K2 Spice, Diablo K2 spray are shredded plant material that is typically sprayed with a synthetic compound. K2 Spray\/Infused papers\" \/>\n<meta name=\"robots\" content=\"index, follow, max-snippet:-1, max-image-preview:large, max-video-preview:-1\" \/>\n<link rel=\"canonical\" href=\"https:\/\/chemswell.com\/it\/prodotto\/k2-carta-spezie-allingrosso\/\" \/>\n<meta property=\"og:locale\" content=\"it_IT\" \/>\n<meta property=\"og:type\" content=\"article\" \/>\n<meta property=\"og:title\" content=\"K2 Spice Paper Wholesale - Order K2 Spice Paper - chemswell\" \/>\n<meta property=\"og:description\" content=\"K2 Spice Paper Wholesale, K2 Spice, Diablo K2 spray are shredded plant material that is typically sprayed with a synthetic compound. K2 Spray\/Infused papers\" \/>\n<meta property=\"og:url\" content=\"https:\/\/chemswell.com\/it\/prodotto\/k2-carta-spezie-allingrosso\/\" \/>\n<meta property=\"og:site_name\" content=\"Chemswell\" \/>\n<meta property=\"article:modified_time\" content=\"2025-07-16T09:10:16+00:00\" \/>\n<meta property=\"og:image\" content=\"https:\/\/chemswell.com\/wp-content\/uploads\/2024\/05\/Wholesale-K2-Paper-Online.jpg\" \/>\n\t<meta property=\"og:image:width\" content=\"600\" \/>\n\t<meta property=\"og:image:height\" content=\"600\" \/>\n\t<meta property=\"og:image:type\" content=\"image\/jpeg\" \/>\n<meta name=\"twitter:card\" content=\"summary_large_image\" \/>\n<meta name=\"twitter:label1\" content=\"Tempo di lettura stimato\" \/>\n\t<meta name=\"twitter:data1\" content=\"2 minuti\" \/>\n<!-- \/ Yoast SEO plugin. -->","yoast_head_json":{"title":"K2 Spice Paper Wholesale - Order K2 Spice Paper - chemswell","description":"K2 Spice Paper Wholesale, K2 Spice, Diablo K2 spray are shredded plant material that is typically sprayed with a synthetic compound. K2 Spray\/Infused papers","robots":{"index":"index","follow":"follow","max-snippet":"max-snippet:-1","max-image-preview":"max-image-preview:large","max-video-preview":"max-video-preview:-1"},"canonical":"https:\/\/chemswell.com\/it\/prodotto\/k2-carta-spezie-allingrosso\/","og_locale":"it_IT","og_type":"article","og_title":"K2 Spice Paper Wholesale - Order K2 Spice Paper - chemswell","og_description":"K2 Spice Paper Wholesale, K2 Spice, Diablo K2 spray are shredded plant material that is typically sprayed with a synthetic compound. K2 Spray\/Infused papers","og_url":"https:\/\/chemswell.com\/it\/prodotto\/k2-carta-spezie-allingrosso\/","og_site_name":"Chemswell","article_modified_time":"2025-07-16T09:10:16+00:00","og_image":[{"width":600,"height":600,"url":"https:\/\/chemswell.com\/wp-content\/uploads\/2024\/05\/Wholesale-K2-Paper-Online.jpg","type":"image\/jpeg"}],"twitter_card":"summary_large_image","twitter_misc":{"Tempo di lettura stimato":"2 minuti"},"schema":{"@context":"https:\/\/schema.org","@graph":[{"@type":"WebPage","@id":"https:\/\/chemswell.com\/product\/k2-spice-paper-wholesale\/","url":"https:\/\/chemswell.com\/product\/k2-spice-paper-wholesale\/","name":"K2 Spice Paper Wholesale - Order K2 Spice Paper - chemswell","isPartOf":{"@id":"https:\/\/chemswell.com\/it\/#website"},"primaryImageOfPage":{"@id":"https:\/\/chemswell.com\/product\/k2-spice-paper-wholesale\/#primaryimage"},"image":{"@id":"https:\/\/chemswell.com\/product\/k2-spice-paper-wholesale\/#primaryimage"},"thumbnailUrl":"https:\/\/chemswell.com\/wp-content\/uploads\/2024\/05\/Wholesale-K2-Paper-Online.jpg","datePublished":"2024-05-29T08:27:32+00:00","dateModified":"2025-07-16T09:10:16+00:00","description":"K2 Spice Paper Wholesale, K2 Spice, Diablo K2 spray are shredded plant material that is typically sprayed with a synthetic compound. K2 Spray\/Infused papers","breadcrumb":{"@id":"https:\/\/chemswell.com\/product\/k2-spice-paper-wholesale\/#breadcrumb"},"inLanguage":"it-IT","potentialAction":[{"@type":"ReadAction","target":["https:\/\/chemswell.com\/product\/k2-spice-paper-wholesale\/"]}]},{"@type":"ImageObject","inLanguage":"it-IT","@id":"https:\/\/chemswell.com\/product\/k2-spice-paper-wholesale\/#primaryimage","url":"https:\/\/chemswell.com\/wp-content\/uploads\/2024\/05\/Wholesale-K2-Paper-Online.jpg","contentUrl":"https:\/\/chemswell.com\/wp-content\/uploads\/2024\/05\/Wholesale-K2-Paper-Online.jpg","width":600,"height":600,"caption":"K2 Spice Paper Wholesale"},{"@type":"BreadcrumbList","@id":"https:\/\/chemswell.com\/product\/k2-spice-paper-wholesale\/#breadcrumb","itemListElement":[{"@type":"ListItem","position":1,"name":"Home","item":"https:\/\/chemswell.com\/ru\/"},{"@type":"ListItem","position":2,"name":"Shop","item":"https:\/\/chemswell.com\/ru\/%d0%bc%d0%b0%d0%b3%d0%b0%d0%b7%d0%b8%d0%bd\/"},{"@type":"ListItem","position":3,"name":"K2 Spice Paper Wholesale"}]},{"@type":"WebSite","@id":"https:\/\/chemswell.com\/it\/#website","url":"https:\/\/chemswell.com\/it\/","name":"Chemswell","description":"#1 Research Chemical Store","potentialAction":[{"@type":"SearchAction","target":{"@type":"EntryPoint","urlTemplate":"https:\/\/chemswell.com\/it\/?s={search_term_string}"},"query-input":"required name=search_term_string"}],"inLanguage":"it-IT"}]}},"_links":{"self":[{"href":"https:\/\/chemswell.com\/it\/wp-json\/wp\/v2\/product\/10800"}],"collection":[{"href":"https:\/\/chemswell.com\/it\/wp-json\/wp\/v2\/product"}],"about":[{"href":"https:\/\/chemswell.com\/it\/wp-json\/wp\/v2\/types\/product"}],"replies":[{"embeddable":true,"href":"https:\/\/chemswell.com\/it\/wp-json\/wp\/v2\/comments?post=10800"}],"wp:featuredmedia":[{"embeddable":true,"href":"https:\/\/chemswell.com\/it\/wp-json\/wp\/v2\/media\/10801"}],"wp:attachment":[{"href":"https:\/\/chemswell.com\/it\/wp-json\/wp\/v2\/media?parent=10800"}],"wp:term":[{"taxonomy":"product_cat","embeddable":true,"href":"https:\/\/chemswell.com\/it\/wp-json\/wp\/v2\/product_cat?post=10800"},{"taxonomy":"product_tag","embeddable":true,"href":"https:\/\/chemswell.com\/it\/wp-json\/wp\/v2\/product_tag?post=10800"}],"curies":[{"name":"wp","href":"https:\/\/api.w.org\/{rel}","templated":true}]}}