{"id":9781,"date":"2023-01-18T11:03:14","date_gmt":"2023-01-18T11:03:14","guid":{"rendered":"https:\/\/legitchemicals.com\/chemswell\/product\/import-placeholder-for-38\/"},"modified":"2026-02-28T10:31:14","modified_gmt":"2026-02-28T10:31:14","slug":"4f-php-crystal","status":"publish","type":"product","link":"https:\/\/chemswell.com\/it\/prodotto\/4f-php-cristallo\/","title":{"rendered":"Acquistare 4F PHP Crystal"},"content":{"rendered":"<h2>Acquista subito il cristallo 4F-PHP su ChemsWell!<\/h2>\n<p><a href=\"https:\/\/chemswell.com\/it\/prodotto\/4f-php-cristallo\/\">Acquistare 4F PHP Crystal<\/a>, Avete sentito parlare di 4F-PHP Crystal? \u00c8 un composto chimico potente e versatile che pu\u00f2 essere utilizzato per numerose applicazioni. Con il cristallo 4F-PHP in vendita, potete fare cose incredibili e realizzare i vostri sogni. Immergiamoci quindi nell'esplorazione di ci\u00f2 che il cristallo 4F-PHP pu\u00f2 fare per voi.<\/p>\n<h3>Perch\u00e9 acquistare un cristallo 4F-PHP?<\/h3>\n<p>I cristalli 4F-PHP vengono prodotti rapidamente e con una grande purezza chimica, quindi puoi essere certo di ottenere il miglior prodotto possibile. Inoltre, i nostri tempi di produzione sono incredibilmente rapidi, quindi puoi mettere rapidamente le mani su questo potente integratore, senza attese!<\/p>\n<p>Oltre ad essere di qualit\u00e0 garantita e sicuro da usare, \u00e8 meglio ordinare i cristalli 4F-PHP online perch\u00e9 sono anche convenienti. Puoi risparmiare molto acquistando cristalli 4F-PHP invece delle forme tradizionali di <a href=\"https:\/\/en.wikipedia.org\/wiki\/4F-PHP\">4F-PHP<\/a>Non solo, ma i nostri cristalli sono facili da trasportare e conservare, il che significa che puoi portarli con te ovunque tu vada.<\/p>\n<p>Infine, se tu <strong>acquista 4F-PHP online<\/strong>, it delivers big potency effects \u2013 guaranteed! 4F-PHP crystals contain high levels of 4F-Php extractions that will help to improve your overall well-being. Whether it&#8217;s helping to increase energy levels or boosting your mood, our crystals will help to deliver results quickly and effectively.<\/p>\n<p><strong>Cristallo 4F-PHP<\/strong> \u00e8 un composto chimico potente e versatile che ha il potenziale per realizzare i tuoi sogni. Pu\u00f2 essere utilizzato per scopi medicinali e ricreativi, ma deve essere utilizzato in modo responsabile.<\/p>\n<p>Con i suoi potenziali benefici, come il miglioramento delle prestazioni cognitive e l'aumento dei livelli di energia, \u00e8 facile capire perch\u00e9 questa sostanza sia diventata cos\u00ec popolare negli ultimi anni. \u00c8 essenziale ricercare i rischi associati al 4F-PHP prima di decidere se questo farmaco \u00e8 giusto o meno per te; tuttavia, con un uso corretto e la comprensione dei suoi effetti sul corpo, 4F-PHP pu\u00f2 essere un'esperienza incredibilmente gratificante. <strong>Acquista cristallo 4F-PHP<\/strong> online at <a href=\"https:\/\/chemswell.com\/it\/\">ChemsWell<\/a> oggi<a href=\"https:\/\/chemswell.com\/it\/prodotto\/4f-php-cristallo\/\">!<\/a><\/p>","protected":false},"excerpt":{"rendered":"<p>Acquistare subito 4F-PHP Crystal su ChemsWell! Acquistare 4F PHP Crystal, Avete mai sentito parlare di 4F-PHP Crystal? Si tratta di un potente e<\/p>","protected":false},"featured_media":9948,"comment_status":"open","ping_status":"closed","template":"","meta":{"_joinchat":[]},"product_cat":[1255],"product_tag":[3389,3379,1522,3370,3374,3373,3381,3372,3382,3384,3391,3392,3390,3387,3371,3386,3383,3378,3376,3388,3385,1530,3377,3380,3375],"yoast_head":"<!-- This site is optimized with the Yoast SEO plugin v23.0 - https:\/\/yoast.com\/wordpress\/plugins\/seo\/ -->\n<title>4F PHP Crystal for sale - Buy Pure 4F PHP Online | Chemswell<\/title>\n<meta name=\"description\" content=\"We are the leading store available with 4f php crystal for sale. If you wish to buy 4f php crystal, contact us right away and get the order delivered. Order Now!\" \/>\n<meta name=\"robots\" content=\"index, follow, max-snippet:-1, max-image-preview:large, max-video-preview:-1\" \/>\n<link rel=\"canonical\" href=\"https:\/\/chemswell.com\/it\/prodotto\/4f-php-cristallo\/\" \/>\n<meta property=\"og:locale\" content=\"it_IT\" \/>\n<meta property=\"og:type\" content=\"article\" \/>\n<meta property=\"og:title\" content=\"4F PHP Crystal for sale - Buy Pure 4F PHP Online | Chemswell\" \/>\n<meta property=\"og:description\" content=\"We are the leading store available with 4f php crystal for sale. If you wish to buy 4f php crystal, contact us right away and get the order delivered. Order Now!\" \/>\n<meta property=\"og:url\" content=\"https:\/\/chemswell.com\/it\/prodotto\/4f-php-cristallo\/\" \/>\n<meta property=\"og:site_name\" content=\"Chemswell\" \/>\n<meta property=\"article:modified_time\" content=\"2026-02-28T10:31:14+00:00\" \/>\n<meta property=\"og:image\" content=\"https:\/\/chemswell.com\/wp-content\/uploads\/2023\/01\/4F-PHP-Crystal.jpg\" \/>\n\t<meta property=\"og:image:width\" content=\"600\" \/>\n\t<meta property=\"og:image:height\" content=\"600\" \/>\n\t<meta property=\"og:image:type\" content=\"image\/jpeg\" \/>\n<meta name=\"twitter:card\" content=\"summary_large_image\" \/>\n<meta name=\"twitter:label1\" content=\"Tempo di lettura stimato\" \/>\n\t<meta name=\"twitter:data1\" content=\"2 minuti\" \/>\n<!-- \/ Yoast SEO plugin. -->","yoast_head_json":{"title":"4F PHP Crystal for sale - Buy Pure 4F PHP Online | Chemswell","description":"We are the leading store available with 4f php crystal for sale. If you wish to buy 4f php crystal, contact us right away and get the order delivered. Order Now!","robots":{"index":"index","follow":"follow","max-snippet":"max-snippet:-1","max-image-preview":"max-image-preview:large","max-video-preview":"max-video-preview:-1"},"canonical":"https:\/\/chemswell.com\/it\/prodotto\/4f-php-cristallo\/","og_locale":"it_IT","og_type":"article","og_title":"4F PHP Crystal for sale - Buy Pure 4F PHP Online | Chemswell","og_description":"We are the leading store available with 4f php crystal for sale. If you wish to buy 4f php crystal, contact us right away and get the order delivered. Order Now!","og_url":"https:\/\/chemswell.com\/it\/prodotto\/4f-php-cristallo\/","og_site_name":"Chemswell","article_modified_time":"2026-02-28T10:31:14+00:00","og_image":[{"width":600,"height":600,"url":"https:\/\/chemswell.com\/wp-content\/uploads\/2023\/01\/4F-PHP-Crystal.jpg","type":"image\/jpeg"}],"twitter_card":"summary_large_image","twitter_misc":{"Tempo di lettura stimato":"2 minuti"},"schema":{"@context":"https:\/\/schema.org","@graph":[{"@type":"WebPage","@id":"https:\/\/chemswell.com\/product\/4f-php-crystal\/","url":"https:\/\/chemswell.com\/product\/4f-php-crystal\/","name":"4F PHP Crystal for sale - Buy Pure 4F PHP Online | Chemswell","isPartOf":{"@id":"https:\/\/chemswell.com\/it\/#website"},"primaryImageOfPage":{"@id":"https:\/\/chemswell.com\/product\/4f-php-crystal\/#primaryimage"},"image":{"@id":"https:\/\/chemswell.com\/product\/4f-php-crystal\/#primaryimage"},"thumbnailUrl":"https:\/\/chemswell.com\/wp-content\/uploads\/2023\/01\/4F-PHP-Crystal.jpg","datePublished":"2023-01-18T11:03:14+00:00","dateModified":"2026-02-28T10:31:14+00:00","description":"We are the leading store available with 4f php crystal for sale. If you wish to buy 4f php crystal, contact us right away and get the order delivered. Order Now!","breadcrumb":{"@id":"https:\/\/chemswell.com\/product\/4f-php-crystal\/#breadcrumb"},"inLanguage":"it-IT","potentialAction":[{"@type":"ReadAction","target":["https:\/\/chemswell.com\/product\/4f-php-crystal\/"]}]},{"@type":"ImageObject","inLanguage":"it-IT","@id":"https:\/\/chemswell.com\/product\/4f-php-crystal\/#primaryimage","url":"https:\/\/chemswell.com\/wp-content\/uploads\/2023\/01\/4F-PHP-Crystal.jpg","contentUrl":"https:\/\/chemswell.com\/wp-content\/uploads\/2023\/01\/4F-PHP-Crystal.jpg","width":600,"height":600,"caption":"4F-PHP-Crystal"},{"@type":"BreadcrumbList","@id":"https:\/\/chemswell.com\/product\/4f-php-crystal\/#breadcrumb","itemListElement":[{"@type":"ListItem","position":1,"name":"Home","item":"https:\/\/chemswell.com\/ru\/"},{"@type":"ListItem","position":2,"name":"Shop","item":"https:\/\/chemswell.com\/ru\/%d0%bc%d0%b0%d0%b3%d0%b0%d0%b7%d0%b8%d0%bd\/"},{"@type":"ListItem","position":3,"name":"Buy 4F PHP Crystal"}]},{"@type":"WebSite","@id":"https:\/\/chemswell.com\/it\/#website","url":"https:\/\/chemswell.com\/it\/","name":"Chemswell","description":"#1 Research Chemical Store","potentialAction":[{"@type":"SearchAction","target":{"@type":"EntryPoint","urlTemplate":"https:\/\/chemswell.com\/it\/?s={search_term_string}"},"query-input":"required name=search_term_string"}],"inLanguage":"it-IT"}]}},"_links":{"self":[{"href":"https:\/\/chemswell.com\/it\/wp-json\/wp\/v2\/product\/9781"}],"collection":[{"href":"https:\/\/chemswell.com\/it\/wp-json\/wp\/v2\/product"}],"about":[{"href":"https:\/\/chemswell.com\/it\/wp-json\/wp\/v2\/types\/product"}],"replies":[{"embeddable":true,"href":"https:\/\/chemswell.com\/it\/wp-json\/wp\/v2\/comments?post=9781"}],"wp:featuredmedia":[{"embeddable":true,"href":"https:\/\/chemswell.com\/it\/wp-json\/wp\/v2\/media\/9948"}],"wp:attachment":[{"href":"https:\/\/chemswell.com\/it\/wp-json\/wp\/v2\/media?parent=9781"}],"wp:term":[{"taxonomy":"product_cat","embeddable":true,"href":"https:\/\/chemswell.com\/it\/wp-json\/wp\/v2\/product_cat?post=9781"},{"taxonomy":"product_tag","embeddable":true,"href":"https:\/\/chemswell.com\/it\/wp-json\/wp\/v2\/product_tag?post=9781"}],"curies":[{"name":"wp","href":"https:\/\/api.w.org\/{rel}","templated":true}]}}