{"id":9783,"date":"2023-01-18T11:03:15","date_gmt":"2023-01-18T11:03:15","guid":{"rendered":"https:\/\/legitchemicals.com\/chemswell\/product\/import-placeholder-for-40\/"},"modified":"2026-02-28T10:31:55","modified_gmt":"2026-02-28T10:31:55","slug":"7h-herbal-incense","status":"publish","type":"product","link":"https:\/\/chemswell.com\/it\/prodotto\/7h-herbal-incense\/","title":{"rendered":"Buy 7h Herbal Incense Online"},"content":{"rendered":"<h2>Ottieni 7 ore di incenso alle erbe in vendita su ChemsWell!<\/h2>\n<p><a href=\"https:\/\/chemswell.com\/it\/prodotto\/7h-herbal-incense\/\">Buy 7h Herbal Incense online<\/a>, Are you searching for a way to bring more peace and relaxation into your life? 7H Herbal Incense for sale might be the answer you&#8217;ve been searching for. Whether you want to use it for meditation, to improve your sleep, or just to fill your home with a pleasant aroma, 7H herbal incense can provide the soothing atmosphere you&#8217;re looking for. At <a href=\"https:\/\/chemswell.com\/it\/\">ChemsWell<\/a>, you can easily order 7H Herbal incense online at the best prices available.<\/p>\n<h3>Cos'\u00e8 l'incenso alle erbe 7h?<\/h3>\n<p>7h Herbal Incense \u00e8 una forma unica di incenso che ha una lunga storia di utilizzo in molte culture diverse. \u00c8 noto per i suoi effetti potenti e benefici, che possono aiutare a migliorare la tua salute mentale e fisica.<\/p>\n<p>Innanzitutto, l'incenso alle erbe 7h \u00e8 noto per i suoi effetti di lunga durata. A differenza dell'incenso tradizionale, che \u00e8 pensato per essere usato una volta e poi scartato, 7h Herbal Incense pu\u00f2 essere usato pi\u00f9 e pi\u00f9 volte senza perdere la sua potenza. Questo lo rende un'ottima scelta se vuoi migliorare la tua salute mentale o fisica in modo graduale, piuttosto che dall'oggi al domani.<\/p>\n<p>7h Herbal Incense ha un'ampia variet\u00e0 di applicazioni. Sia che tu voglia usarlo per scopi di rilassamento o per migliorare la tua vita spirituale, c'\u00e8 probabilmente un'opzione per te! Inoltre, l'incenso alle erbe 7h offre vari vantaggi se usato in combinazione con altri tipi di incenso, quindi \u00e8 importante trovare la miscela giusta per te!<\/p>\n<p>Infine, una considerazione quando si utilizza qualsiasi tipo di incenso alle erbe \u00e8 la sicurezza. Assicurati sempre di leggere gli ingredienti prima di utilizzare qualsiasi nuovo prodotto, soprattutto se \u00e8 stato prescritto da un operatore sanitario. Inoltre, evita sempre di fumare mentre usi qualsiasi tipo di erba poich\u00e9 possono interagire negativamente tra loro.<\/p>\n<h3>Usi dell'incenso alle erbe 7h<\/h3>\n<p>Acquista l'incenso alle erbe 7H perch\u00e9 \u00e8 un prodotto naturale a base di erbe che contiene estratti naturali di erbe. Questi estratti sono noti per rinfrescare le stanze e neutralizzare gli odori. Pu\u00f2 anche essere usato per ridurre lo stress e l'ansia, combattere la depressione e fornire un senso di calma nei momenti di forte stress o emozioni travolgenti. Le propriet\u00e0 naturali presenti nell'incenso alle erbe 7h possono anche aiutare a migliorare la concentrazione e la chiarezza mentale, offrendo una migliore qualit\u00e0 della vita.<\/p>\n<p>Acquista l'incenso alle erbe 7H online su ChemsWell oggi e aspettati la consegna a breve!<\/p>","protected":false},"excerpt":{"rendered":"<p>Get 7h Herbal Incense for Sale at ChemsWell! Buy 7h Herbal Incense online, Are you searching for a way to bring more<\/p>","protected":false},"featured_media":9945,"comment_status":"open","ping_status":"closed","template":"","meta":{"_joinchat":[]},"product_cat":[1255],"product_tag":[],"yoast_head":"<!-- This site is optimized with the Yoast SEO plugin v23.0 - https:\/\/yoast.com\/wordpress\/plugins\/seo\/ -->\n<title>Buy 7h Herbal Incense Online - 7h Herbal Incense for Sale | CW<\/title>\n<meta name=\"description\" content=\"If you wish to buy 7h herbal incense online, our online Chemswell store can help. We have 7h herbal incense for sale at the best rates here. Place your order now\" \/>\n<meta name=\"robots\" content=\"index, follow, max-snippet:-1, max-image-preview:large, max-video-preview:-1\" \/>\n<link rel=\"canonical\" href=\"https:\/\/chemswell.com\/it\/prodotto\/7h-herbal-incense\/\" \/>\n<meta property=\"og:locale\" content=\"it_IT\" \/>\n<meta property=\"og:type\" content=\"article\" \/>\n<meta property=\"og:title\" content=\"Buy 7h Herbal Incense Online - 7h Herbal Incense for Sale | CW\" \/>\n<meta property=\"og:description\" content=\"If you wish to buy 7h herbal incense online, our online Chemswell store can help. We have 7h herbal incense for sale at the best rates here. Place your order now\" \/>\n<meta property=\"og:url\" content=\"https:\/\/chemswell.com\/it\/prodotto\/7h-herbal-incense\/\" \/>\n<meta property=\"og:site_name\" content=\"Chemswell\" \/>\n<meta property=\"article:modified_time\" content=\"2026-02-28T10:31:55+00:00\" \/>\n<meta property=\"og:image\" content=\"https:\/\/chemswell.com\/wp-content\/uploads\/2023\/01\/7h-Herbal-Incense.jpg\" \/>\n\t<meta property=\"og:image:width\" content=\"600\" \/>\n\t<meta property=\"og:image:height\" content=\"600\" \/>\n\t<meta property=\"og:image:type\" content=\"image\/jpeg\" \/>\n<meta name=\"twitter:card\" content=\"summary_large_image\" \/>\n<meta name=\"twitter:label1\" content=\"Tempo di lettura stimato\" \/>\n\t<meta name=\"twitter:data1\" content=\"2 minuti\" \/>\n<!-- \/ Yoast SEO plugin. -->","yoast_head_json":{"title":"Buy 7h Herbal Incense Online - 7h Herbal Incense for Sale | CW","description":"If you wish to buy 7h herbal incense online, our online Chemswell store can help. We have 7h herbal incense for sale at the best rates here. Place your order now","robots":{"index":"index","follow":"follow","max-snippet":"max-snippet:-1","max-image-preview":"max-image-preview:large","max-video-preview":"max-video-preview:-1"},"canonical":"https:\/\/chemswell.com\/it\/prodotto\/7h-herbal-incense\/","og_locale":"it_IT","og_type":"article","og_title":"Buy 7h Herbal Incense Online - 7h Herbal Incense for Sale | CW","og_description":"If you wish to buy 7h herbal incense online, our online Chemswell store can help. We have 7h herbal incense for sale at the best rates here. Place your order now","og_url":"https:\/\/chemswell.com\/it\/prodotto\/7h-herbal-incense\/","og_site_name":"Chemswell","article_modified_time":"2026-02-28T10:31:55+00:00","og_image":[{"width":600,"height":600,"url":"https:\/\/chemswell.com\/wp-content\/uploads\/2023\/01\/7h-Herbal-Incense.jpg","type":"image\/jpeg"}],"twitter_card":"summary_large_image","twitter_misc":{"Tempo di lettura stimato":"2 minuti"},"schema":{"@context":"https:\/\/schema.org","@graph":[{"@type":"WebPage","@id":"https:\/\/chemswell.com\/product\/7h-herbal-incense\/","url":"https:\/\/chemswell.com\/product\/7h-herbal-incense\/","name":"Buy 7h Herbal Incense Online - 7h Herbal Incense for Sale | CW","isPartOf":{"@id":"https:\/\/chemswell.com\/it\/#website"},"primaryImageOfPage":{"@id":"https:\/\/chemswell.com\/product\/7h-herbal-incense\/#primaryimage"},"image":{"@id":"https:\/\/chemswell.com\/product\/7h-herbal-incense\/#primaryimage"},"thumbnailUrl":"https:\/\/chemswell.com\/wp-content\/uploads\/2023\/01\/7h-Herbal-Incense.jpg","datePublished":"2023-01-18T11:03:15+00:00","dateModified":"2026-02-28T10:31:55+00:00","description":"If you wish to buy 7h herbal incense online, our online Chemswell store can help. We have 7h herbal incense for sale at the best rates here. Place your order now","breadcrumb":{"@id":"https:\/\/chemswell.com\/product\/7h-herbal-incense\/#breadcrumb"},"inLanguage":"it-IT","potentialAction":[{"@type":"ReadAction","target":["https:\/\/chemswell.com\/product\/7h-herbal-incense\/"]}]},{"@type":"ImageObject","inLanguage":"it-IT","@id":"https:\/\/chemswell.com\/product\/7h-herbal-incense\/#primaryimage","url":"https:\/\/chemswell.com\/wp-content\/uploads\/2023\/01\/7h-Herbal-Incense.jpg","contentUrl":"https:\/\/chemswell.com\/wp-content\/uploads\/2023\/01\/7h-Herbal-Incense.jpg","width":600,"height":600,"caption":"7h-Herbal-Incense"},{"@type":"BreadcrumbList","@id":"https:\/\/chemswell.com\/product\/7h-herbal-incense\/#breadcrumb","itemListElement":[{"@type":"ListItem","position":1,"name":"Home","item":"https:\/\/chemswell.com\/ru\/"},{"@type":"ListItem","position":2,"name":"Shop","item":"https:\/\/chemswell.com\/ru\/%d0%bc%d0%b0%d0%b3%d0%b0%d0%b7%d0%b8%d0%bd\/"},{"@type":"ListItem","position":3,"name":"Buy 7h Herbal Incense Online"}]},{"@type":"WebSite","@id":"https:\/\/chemswell.com\/it\/#website","url":"https:\/\/chemswell.com\/it\/","name":"Chemswell","description":"#1 Research Chemical Store","potentialAction":[{"@type":"SearchAction","target":{"@type":"EntryPoint","urlTemplate":"https:\/\/chemswell.com\/it\/?s={search_term_string}"},"query-input":"required name=search_term_string"}],"inLanguage":"it-IT"}]}},"_links":{"self":[{"href":"https:\/\/chemswell.com\/it\/wp-json\/wp\/v2\/product\/9783"}],"collection":[{"href":"https:\/\/chemswell.com\/it\/wp-json\/wp\/v2\/product"}],"about":[{"href":"https:\/\/chemswell.com\/it\/wp-json\/wp\/v2\/types\/product"}],"replies":[{"embeddable":true,"href":"https:\/\/chemswell.com\/it\/wp-json\/wp\/v2\/comments?post=9783"}],"wp:featuredmedia":[{"embeddable":true,"href":"https:\/\/chemswell.com\/it\/wp-json\/wp\/v2\/media\/9945"}],"wp:attachment":[{"href":"https:\/\/chemswell.com\/it\/wp-json\/wp\/v2\/media?parent=9783"}],"wp:term":[{"taxonomy":"product_cat","embeddable":true,"href":"https:\/\/chemswell.com\/it\/wp-json\/wp\/v2\/product_cat?post=9783"},{"taxonomy":"product_tag","embeddable":true,"href":"https:\/\/chemswell.com\/it\/wp-json\/wp\/v2\/product_tag?post=9783"}],"curies":[{"name":"wp","href":"https:\/\/api.w.org\/{rel}","templated":true}]}}