{"id":9881,"date":"2023-01-18T11:03:36","date_gmt":"2023-01-18T11:03:36","guid":{"rendered":"https:\/\/legitchemicals.com\/chemswell\/product\/import-placeholder-for-140\/"},"modified":"2025-08-22T09:30:46","modified_gmt":"2025-08-22T09:30:46","slug":"k2-spice-paper","status":"publish","type":"product","link":"https:\/\/chemswell.com\/it\/prodotto\/k2-carta-delle-spezie\/","title":{"rendered":"Carta K2 Spice"},"content":{"rendered":"<h2>Acquista la carta delle spezie K2 in vendita su ChemsWell!<\/h2>\n<p>La carta K2 Spice Paper \u00e8 un nuovo prodotto che sta guadagnando popolarit\u00e0 negli ultimi tempi. Si tratta di una combinazione di spezie ed erbe che presenta molti vantaggi sia per l'utente che per l'ambiente. Se si desidera <a href=\"https:\/\/chemswell.com\/it\/prodotto\/k2-carta-delle-spezie\/\">acquistare la carta K2 Spice online<\/a>, allora hai raggiunto il negozio online giusto. A <a href=\"https:\/\/chemswell.com\/it\/\">Chemswell<\/a>, abbiamo la carta K2 Spice in vendita, disponibile a prezzi convenienti. Puoi ordinarne qualsiasi quantit\u00e0 e riceverla a breve all'indirizzo da te indicato.<\/p>\n<h3>Che cos'\u00e8 la carta K Spice?<\/h3>\n<p>La carta delle spezie K2 \u00e8 una carta ottenuta da una combinazione di spezie ed erbe. \u00c8 disponibile in diversi tipi, tra cui: a base di erbe, organica, per la disintossicazione, per il potenziamento maschile, per alleviare l'ansia, per aumentare l'energia (ridurre la stanchezza), per la salute delle articolazioni (ridurre le infiammazioni) e altro ancora. Ogni tipo di carta K Spice ha benefici unici che vale la pena esplorare.<\/p>\n<h3>Come si usa K SpicePaper?<\/h3>\n<p>Ci sono molti modi per utilizzare <a href=\"https:\/\/en.wikipedia.org\/wiki\/K2\">K2<\/a> SpicePaper: pu\u00f2 essere utilizzato come superficie per scrivere o come integratore alla tua dieta quotidiana. Alcuni esempi includono l'utilizzo in sostituzione dei tradizionali tovaglioli di carta; l'utilizzo per assorbire l'olio o il grasso in eccesso; il portarlo con s\u00e9 in viaggio per evitare di mangiare fuori; o l'aggiunta alle tue ricette preferite per esaltarne il sapore o il contenuto nutrizionale.<\/p>\n<h3>Perch\u00e9 ChemsWell \u00e8 il posto migliore per acquistare carta K2 Spice di qualit\u00e0?<\/h3>\n<p>Quando si tratta di trovare prodotti chimici di qualit\u00e0, non c'\u00e8 posto migliore di ChemsWell. Non solo garantiamo la qualit\u00e0 dei nostri prodotti chimici, ma offriamo i migliori prezzi e sconti su prodotti chimici selezionati. Le nostre opzioni di spedizione e consegna in tutto il mondo sono discrete e veloci, mentre il nostro servizio clienti \u00e8 di prim'ordine.<\/p>\n<p>Per essere sicuri di ottenere il massimo dal vostro acquisto, offriamo anche documenti legali e di conformit\u00e0 con ogni acquisto. In questo modo, potrete essere certi di utilizzare il prodotto chimico corretto per il vostro progetto e che sia legale da usare nel vostro paese\/regione. <a href=\"https:\/\/en.wikisource.org\/w\/index.php?fulltext=1&amp;profile=default&amp;search=k2+space+papers&amp;title=Special:Search&amp;ns0=1&amp;ns100=1&amp;ns102=1&amp;ns106=1&amp;ns114=1\">.<\/a><\/p>\n<p>Ordina subito la carta K2 Spice online su ChemsWell <a href=\"https:\/\/chemswell.com\/it\/prodotto\/k2-carta-delle-spezie\/\">!<\/a><\/p>","protected":false},"excerpt":{"rendered":"<p>Acquista la carta delle spezie K2 in vendita su ChemsWell! La carta delle spezie K2 \u00e8 un nuovo prodotto che sta guadagnando popolarit\u00e0 negli ultimi tempi. Questo<\/p>","protected":false},"featured_media":9932,"comment_status":"open","ping_status":"closed","template":"","meta":{"_joinchat":[]},"product_cat":[1257],"product_tag":[3101,3091,1522,3083,3098,3095,3090,3082,3085,3086,3093,3084,3094,3096,3103,3104,3102,3099,3088,3100,3097,1530,3089,3092,3087],"yoast_head":"<!-- This site is optimized with the Yoast SEO plugin v23.0 - https:\/\/yoast.com\/wordpress\/plugins\/seo\/ -->\n<title>Buy K2 Spice Paper Online - K2 Spice Paper for sale | Chemswell<\/title>\n<meta name=\"description\" content=\"Get k2 spice paper for sale at ChemsWell! k2 spice paper is a new product that has been gaining popularity recently. Buy k2 spice paper dugs online,\" \/>\n<meta name=\"robots\" content=\"index, follow, max-snippet:-1, max-image-preview:large, max-video-preview:-1\" \/>\n<link rel=\"canonical\" href=\"https:\/\/chemswell.com\/it\/prodotto\/k2-carta-delle-spezie\/\" \/>\n<meta property=\"og:locale\" content=\"it_IT\" \/>\n<meta property=\"og:type\" content=\"article\" \/>\n<meta property=\"og:title\" content=\"Buy K2 Spice Paper Online - K2 Spice Paper for sale | Chemswell\" \/>\n<meta property=\"og:description\" content=\"Get k2 spice paper for sale at ChemsWell! k2 spice paper is a new product that has been gaining popularity recently. Buy k2 spice paper dugs online,\" \/>\n<meta property=\"og:url\" content=\"https:\/\/chemswell.com\/it\/prodotto\/k2-carta-delle-spezie\/\" \/>\n<meta property=\"og:site_name\" content=\"Chemswell\" \/>\n<meta property=\"article:modified_time\" content=\"2025-08-22T09:30:46+00:00\" \/>\n<meta property=\"og:image\" content=\"https:\/\/chemswell.com\/wp-content\/uploads\/2023\/01\/K2-Spice-Paper.jpg\" \/>\n\t<meta property=\"og:image:width\" content=\"600\" \/>\n\t<meta property=\"og:image:height\" content=\"600\" \/>\n\t<meta property=\"og:image:type\" content=\"image\/jpeg\" \/>\n<meta name=\"twitter:card\" content=\"summary_large_image\" \/>\n<meta name=\"twitter:label1\" content=\"Tempo di lettura stimato\" \/>\n\t<meta name=\"twitter:data1\" content=\"2 minuti\" \/>\n<!-- \/ Yoast SEO plugin. -->","yoast_head_json":{"title":"Buy K2 Spice Paper Online - K2 Spice Paper for sale | Chemswell","description":"Get k2 spice paper for sale at ChemsWell! k2 spice paper is a new product that has been gaining popularity recently. Buy k2 spice paper dugs online,","robots":{"index":"index","follow":"follow","max-snippet":"max-snippet:-1","max-image-preview":"max-image-preview:large","max-video-preview":"max-video-preview:-1"},"canonical":"https:\/\/chemswell.com\/it\/prodotto\/k2-carta-delle-spezie\/","og_locale":"it_IT","og_type":"article","og_title":"Buy K2 Spice Paper Online - K2 Spice Paper for sale | Chemswell","og_description":"Get k2 spice paper for sale at ChemsWell! k2 spice paper is a new product that has been gaining popularity recently. Buy k2 spice paper dugs online,","og_url":"https:\/\/chemswell.com\/it\/prodotto\/k2-carta-delle-spezie\/","og_site_name":"Chemswell","article_modified_time":"2025-08-22T09:30:46+00:00","og_image":[{"width":600,"height":600,"url":"https:\/\/chemswell.com\/wp-content\/uploads\/2023\/01\/K2-Spice-Paper.jpg","type":"image\/jpeg"}],"twitter_card":"summary_large_image","twitter_misc":{"Tempo di lettura stimato":"2 minuti"},"schema":{"@context":"https:\/\/schema.org","@graph":[{"@type":"WebPage","@id":"https:\/\/chemswell.com\/product\/k2-spice-paper\/","url":"https:\/\/chemswell.com\/product\/k2-spice-paper\/","name":"Buy K2 Spice Paper Online - K2 Spice Paper for sale | Chemswell","isPartOf":{"@id":"https:\/\/chemswell.com\/it\/#website"},"primaryImageOfPage":{"@id":"https:\/\/chemswell.com\/product\/k2-spice-paper\/#primaryimage"},"image":{"@id":"https:\/\/chemswell.com\/product\/k2-spice-paper\/#primaryimage"},"thumbnailUrl":"https:\/\/chemswell.com\/wp-content\/uploads\/2023\/01\/K2-Spice-Paper.jpg","datePublished":"2023-01-18T11:03:36+00:00","dateModified":"2025-08-22T09:30:46+00:00","description":"Get k2 spice paper for sale at ChemsWell! k2 spice paper is a new product that has been gaining popularity recently. Buy k2 spice paper dugs online,","breadcrumb":{"@id":"https:\/\/chemswell.com\/product\/k2-spice-paper\/#breadcrumb"},"inLanguage":"it-IT","potentialAction":[{"@type":"ReadAction","target":["https:\/\/chemswell.com\/product\/k2-spice-paper\/"]}]},{"@type":"ImageObject","inLanguage":"it-IT","@id":"https:\/\/chemswell.com\/product\/k2-spice-paper\/#primaryimage","url":"https:\/\/chemswell.com\/wp-content\/uploads\/2023\/01\/K2-Spice-Paper.jpg","contentUrl":"https:\/\/chemswell.com\/wp-content\/uploads\/2023\/01\/K2-Spice-Paper.jpg","width":600,"height":600,"caption":"K2-Spice-Paper"},{"@type":"BreadcrumbList","@id":"https:\/\/chemswell.com\/product\/k2-spice-paper\/#breadcrumb","itemListElement":[{"@type":"ListItem","position":1,"name":"Home","item":"https:\/\/chemswell.com\/ru\/"},{"@type":"ListItem","position":2,"name":"Shop","item":"https:\/\/chemswell.com\/ru\/%d0%bc%d0%b0%d0%b3%d0%b0%d0%b7%d0%b8%d0%bd\/"},{"@type":"ListItem","position":3,"name":"K2 Spice Paper"}]},{"@type":"WebSite","@id":"https:\/\/chemswell.com\/it\/#website","url":"https:\/\/chemswell.com\/it\/","name":"Chemswell","description":"#1 Research Chemical Store","potentialAction":[{"@type":"SearchAction","target":{"@type":"EntryPoint","urlTemplate":"https:\/\/chemswell.com\/it\/?s={search_term_string}"},"query-input":"required name=search_term_string"}],"inLanguage":"it-IT"}]}},"_links":{"self":[{"href":"https:\/\/chemswell.com\/it\/wp-json\/wp\/v2\/product\/9881"}],"collection":[{"href":"https:\/\/chemswell.com\/it\/wp-json\/wp\/v2\/product"}],"about":[{"href":"https:\/\/chemswell.com\/it\/wp-json\/wp\/v2\/types\/product"}],"replies":[{"embeddable":true,"href":"https:\/\/chemswell.com\/it\/wp-json\/wp\/v2\/comments?post=9881"}],"wp:featuredmedia":[{"embeddable":true,"href":"https:\/\/chemswell.com\/it\/wp-json\/wp\/v2\/media\/9932"}],"wp:attachment":[{"href":"https:\/\/chemswell.com\/it\/wp-json\/wp\/v2\/media?parent=9881"}],"wp:term":[{"taxonomy":"product_cat","embeddable":true,"href":"https:\/\/chemswell.com\/it\/wp-json\/wp\/v2\/product_cat?post=9881"},{"taxonomy":"product_tag","embeddable":true,"href":"https:\/\/chemswell.com\/it\/wp-json\/wp\/v2\/product_tag?post=9881"}],"curies":[{"name":"wp","href":"https:\/\/api.w.org\/{rel}","templated":true}]}}