{"id":9884,"date":"2023-01-18T11:03:41","date_gmt":"2023-01-18T11:03:41","guid":{"rendered":"https:\/\/legitchemicals.com\/chemswell\/product\/import-placeholder-for-143\/"},"modified":"2026-01-15T17:29:44","modified_gmt":"2026-01-15T17:29:44","slug":"mdphp","status":"publish","type":"product","link":"https:\/\/chemswell.com\/it\/prodotto\/mdphp\/","title":{"rendered":"Acquistare MDPHP online"},"content":{"rendered":"<h2>Acquista MDPHP Research Chemical su ChemsWell!<\/h2>\n<p><a href=\"https:\/\/chemswell.com\/it\/prodotto\/mdphp\/\"><strong>MDHP in vendita<\/strong><\/a> \u00e8 una sostanza chimica potente e versatile che ha dimostrato di fornire una serie di vantaggi finanziari per gli acquirenti.<\/p>\n<p>Stai cercando una fonte affidabile per <strong>acquistare <a href=\"https:\/\/en.wikipedia.org\/wiki\/MDPHP\">Acquistare MDPHP online<\/a> online<\/strong>? ChemsWell \u00e8 il tuo sportello unico per tutte le tue esigenze chimiche di ricerca.<\/p>\n<h3>\u041f\u0440\u0435\u0438\u043c\u0443\u0449\u0435\u0441\u0442\u0432\u0430 \u043f\u043e\u043a\u0443\u043f\u043a\u0438 MDPHP \u0443 ChemsWell<\/h3>\n<p>Cerchi i materiali di ricerca legale pi\u00f9 recenti e affidabili? ChemsWell \u00e8 la soluzione che fa per te. I nostri prodotti MDPHP sono affidabili, convenienti e sicuri da usare. Offriamo consegne rapide e imballaggi discreti per garantire la protezione della tua privacy. I nostri materiali sono di altissima qualit\u00e0, garantiti come i pi\u00f9 recenti materiali di ricerca legale. Offriamo anche una garanzia di rimborso, per garantirti la massima affidabilit\u00e0 e affidabilit\u00e0 disponibile. Inoltre, i nostri materiali sono rigorosamente regolamentati da agenzie internazionali per garantire la sicurezza dei tuoi dati. Chemswell<\/p>\n<p>Inoltre, il nostro servizio clienti \u00e8 disponibile 24 ore su 24, 7 giorni su 7, per aiutarti con qualsiasi dubbio tu possa avere. Infine, il nostro materiale viene ampiamente testato e analizzato prima di essere reso disponibile per la vendita sul nostro sito Web, quindi puoi essere certo di ottenere le informazioni pi\u00f9 affidabili possibili. Con tutti questi vantaggi, non c'\u00e8 da meravigliarsi se ChemsWell gode della fiducia dei clienti di tutto il mondo!<\/p>\n<h3>Perch\u00e9 scegliere ChemsWell per le tue esigenze chimiche di ricerca?<\/h3>\n<p>Quando si tratta di prodotti chimici per la ricerca, non c'\u00e8 scelta migliore di ChemsWell. Non solo fornisce MDPHP di alta qualit\u00e0 online, ma il suo servizio di consegna non \u00e8 secondo a nessuno. Possono consegnare il vostro ordine in qualsiasi parte del mondo in poche ore e la loro variet\u00e0 di opzioni di imballaggio si adatta a qualsiasi esigenza. Inoltre, il team del servizio clienti \u00e8 competente e cordiale, per garantire che le vostre esigenze siano sempre soddisfatte.<a href=\"https:\/\/en.wikipedia.org\/wiki\/MDPHP\">.<\/a><\/p>\n<p>In ChemsWell, siamo molto orgogliosi dei nostri prodotti e dei nostri standard di qualit\u00e0. Tutti i nostri prodotti chimici di ricerca sono prodotti secondo rigorosi protocolli di sicurezza e salute al fine di garantire che tu ottenga il prodotto pi\u00f9 affidabile ed efficace possibile. Oltre a fornire informazioni complete sui prodotti, disponiamo anche di un'ampia selezione di prodotti chimici di ricerca personalizzati per soddisfare le vostre esigenze specifiche.<\/p>\n<p><strong>Ordina MDPHP online<\/strong> a ChemsWell oggi e si aspetta la consegna a breve.<a href=\"https:\/\/chemswell.com\/it\/prodotto\/a-php-cristalli-in-vendita\/\">!<\/a><\/p>","protected":false},"excerpt":{"rendered":"<h1 id=\"firstHeading\" class=\"firstHeading mw-first-heading\"><span class=\"mw-page-title-main\">Acquistare MDPHP online<\/span><\/h1>\n<p>CAS: 962421-82-1<br \/>\nFormula: C17H23NO3<br \/>\nPeso molecolare: 289,370<br \/>\nPurezza del composto: &gt; 99,7%<br \/>\nAspetto: Polvere<br \/>\nIUPAC: 1-(benzo[d][1,3]dioxol-5-yl)-2-(pyrrolidin-1-yl)hexan-1-one<\/p>\n<p class=\"firstHeading mw-first-heading\"><strong>Acquistare MDPHP online<\/strong> \u00e8 un parente stretto del pi\u00f9 noto stimolante MDPV, sviluppato originariamente da un'azienda farmaceutica inglese negli anni '60.<\/p>\n<p>L'MDPHP, noto anche come (3\u2032,4\u2032-metilendiossi-\u03b1-pirrolidinoesiofenone) o \"polvere di scimmia\", agisce come inibitore della ricaptazione della noradrenalina e della dopamina (NDRI) e si presenta come una polvere cristallina molto fine allo stato di cloridrato (HCL).<\/p>","protected":false},"featured_media":9930,"comment_status":"open","ping_status":"closed","template":"","meta":{"_joinchat":[]},"product_cat":[1255],"product_tag":[3170,3160,1522,3152,3151,3155,3154,3162,3153,3163,3165,3172,3173,3171,3168,3167,3164,3159,3157,3169,3166,1530,3158,3161,3156],"yoast_head":"<!-- This site is optimized with the Yoast SEO plugin v23.0 - https:\/\/yoast.com\/wordpress\/plugins\/seo\/ -->\n<title>MDPHP for Sale - Buy Cheap MDPHP Online | Chemswell<\/title>\n<meta name=\"description\" content=\"If you are willing to get mdphp for sale, then we are the right choice for you. Our staff members will help you buy mdphp online at cheap rates. Place your order with us!\" \/>\n<meta name=\"robots\" content=\"index, follow, max-snippet:-1, max-image-preview:large, max-video-preview:-1\" \/>\n<link rel=\"canonical\" href=\"https:\/\/chemswell.com\/it\/prodotto\/mdphp\/\" \/>\n<meta property=\"og:locale\" content=\"it_IT\" \/>\n<meta property=\"og:type\" content=\"article\" \/>\n<meta property=\"og:title\" content=\"MDPHP for Sale - Buy Cheap MDPHP Online | Chemswell\" \/>\n<meta property=\"og:description\" content=\"If you are willing to get mdphp for sale, then we are the right choice for you. Our staff members will help you buy mdphp online at cheap rates. Place your order with us!\" \/>\n<meta property=\"og:url\" content=\"https:\/\/chemswell.com\/it\/prodotto\/mdphp\/\" \/>\n<meta property=\"og:site_name\" content=\"Chemswell\" \/>\n<meta property=\"article:modified_time\" content=\"2026-01-15T17:29:44+00:00\" \/>\n<meta property=\"og:image\" content=\"https:\/\/chemswell.com\/wp-content\/uploads\/2023\/01\/MDPHP.jpg\" \/>\n\t<meta property=\"og:image:width\" content=\"600\" \/>\n\t<meta property=\"og:image:height\" content=\"600\" \/>\n\t<meta property=\"og:image:type\" content=\"image\/jpeg\" \/>\n<meta name=\"twitter:card\" content=\"summary_large_image\" \/>\n<meta name=\"twitter:label1\" content=\"Tempo di lettura stimato\" \/>\n\t<meta name=\"twitter:data1\" content=\"2 minuti\" \/>\n<!-- \/ Yoast SEO plugin. -->","yoast_head_json":{"title":"MDPHP for Sale - Buy Cheap MDPHP Online | Chemswell","description":"If you are willing to get mdphp for sale, then we are the right choice for you. Our staff members will help you buy mdphp online at cheap rates. Place your order with us!","robots":{"index":"index","follow":"follow","max-snippet":"max-snippet:-1","max-image-preview":"max-image-preview:large","max-video-preview":"max-video-preview:-1"},"canonical":"https:\/\/chemswell.com\/it\/prodotto\/mdphp\/","og_locale":"it_IT","og_type":"article","og_title":"MDPHP for Sale - Buy Cheap MDPHP Online | Chemswell","og_description":"If you are willing to get mdphp for sale, then we are the right choice for you. Our staff members will help you buy mdphp online at cheap rates. Place your order with us!","og_url":"https:\/\/chemswell.com\/it\/prodotto\/mdphp\/","og_site_name":"Chemswell","article_modified_time":"2026-01-15T17:29:44+00:00","og_image":[{"width":600,"height":600,"url":"https:\/\/chemswell.com\/wp-content\/uploads\/2023\/01\/MDPHP.jpg","type":"image\/jpeg"}],"twitter_card":"summary_large_image","twitter_misc":{"Tempo di lettura stimato":"2 minuti"},"schema":{"@context":"https:\/\/schema.org","@graph":[{"@type":"WebPage","@id":"https:\/\/chemswell.com\/product\/mdphp\/","url":"https:\/\/chemswell.com\/product\/mdphp\/","name":"MDPHP for Sale - Buy Cheap MDPHP Online | Chemswell","isPartOf":{"@id":"https:\/\/chemswell.com\/it\/#website"},"primaryImageOfPage":{"@id":"https:\/\/chemswell.com\/product\/mdphp\/#primaryimage"},"image":{"@id":"https:\/\/chemswell.com\/product\/mdphp\/#primaryimage"},"thumbnailUrl":"https:\/\/chemswell.com\/wp-content\/uploads\/2023\/01\/MDPHP.jpg","datePublished":"2023-01-18T11:03:41+00:00","dateModified":"2026-01-15T17:29:44+00:00","description":"If you are willing to get mdphp for sale, then we are the right choice for you. Our staff members will help you buy mdphp online at cheap rates. Place your order with us!","breadcrumb":{"@id":"https:\/\/chemswell.com\/product\/mdphp\/#breadcrumb"},"inLanguage":"it-IT","potentialAction":[{"@type":"ReadAction","target":["https:\/\/chemswell.com\/product\/mdphp\/"]}]},{"@type":"ImageObject","inLanguage":"it-IT","@id":"https:\/\/chemswell.com\/product\/mdphp\/#primaryimage","url":"https:\/\/chemswell.com\/wp-content\/uploads\/2023\/01\/MDPHP.jpg","contentUrl":"https:\/\/chemswell.com\/wp-content\/uploads\/2023\/01\/MDPHP.jpg","width":600,"height":600,"caption":"Buy mdphp Online"},{"@type":"BreadcrumbList","@id":"https:\/\/chemswell.com\/product\/mdphp\/#breadcrumb","itemListElement":[{"@type":"ListItem","position":1,"name":"Home","item":"https:\/\/chemswell.com\/ru\/"},{"@type":"ListItem","position":2,"name":"Shop","item":"https:\/\/chemswell.com\/ru\/%d0%bc%d0%b0%d0%b3%d0%b0%d0%b7%d0%b8%d0%bd\/"},{"@type":"ListItem","position":3,"name":"Buy MDPHP online"}]},{"@type":"WebSite","@id":"https:\/\/chemswell.com\/it\/#website","url":"https:\/\/chemswell.com\/it\/","name":"Chemswell","description":"#1 Research Chemical Store","potentialAction":[{"@type":"SearchAction","target":{"@type":"EntryPoint","urlTemplate":"https:\/\/chemswell.com\/it\/?s={search_term_string}"},"query-input":"required name=search_term_string"}],"inLanguage":"it-IT"}]}},"_links":{"self":[{"href":"https:\/\/chemswell.com\/it\/wp-json\/wp\/v2\/product\/9884"}],"collection":[{"href":"https:\/\/chemswell.com\/it\/wp-json\/wp\/v2\/product"}],"about":[{"href":"https:\/\/chemswell.com\/it\/wp-json\/wp\/v2\/types\/product"}],"replies":[{"embeddable":true,"href":"https:\/\/chemswell.com\/it\/wp-json\/wp\/v2\/comments?post=9884"}],"wp:featuredmedia":[{"embeddable":true,"href":"https:\/\/chemswell.com\/it\/wp-json\/wp\/v2\/media\/9930"}],"wp:attachment":[{"href":"https:\/\/chemswell.com\/it\/wp-json\/wp\/v2\/media?parent=9884"}],"wp:term":[{"taxonomy":"product_cat","embeddable":true,"href":"https:\/\/chemswell.com\/it\/wp-json\/wp\/v2\/product_cat?post=9884"},{"taxonomy":"product_tag","embeddable":true,"href":"https:\/\/chemswell.com\/it\/wp-json\/wp\/v2\/product_tag?post=9884"}],"curies":[{"name":"wp","href":"https:\/\/api.w.org\/{rel}","templated":true}]}}