{"id":9953,"date":"2023-01-21T15:56:56","date_gmt":"2023-01-21T15:56:56","guid":{"rendered":"https:\/\/chemswell.com\/?post_type=product&#038;p=9953"},"modified":"2025-08-22T18:08:59","modified_gmt":"2025-08-22T18:08:59","slug":"crystal-meth","status":"publish","type":"product","link":"https:\/\/chemswell.com\/it\/prodotto\/metanfetamina\/","title":{"rendered":"Metanfetamina di cristallo"},"content":{"rendered":"<h2><strong>Acquista Crystal Meth Research Chemical su ChemsWell!<\/strong><\/h2>\n<p>Alla ricerca del meglio <a href=\"https:\/\/chemswell.com\/it\/prodotto\/metanfetamina\/\"><strong>Vendita di metanfetamina<\/strong><\/a> l\u00e0 fuori? Non cercare oltre <a href=\"https:\/\/chemswell.com\/it\/\">Chemswell<\/a>Offriamo una vasta gamma di prodotti affidabili e di alta qualit\u00e0, perfetti per chiunque voglia affermarsi nel mondo della droga. La nostra missione \u00e8 offrire ai nostri clienti la migliore qualit\u00e0 e purezza possibili a prezzi imbattibili. Inoltre, garantiamo la massima riservatezza, cos\u00ec puoi stare certo che le tue informazioni rimarranno riservate.<\/p>\n<p>La nostra promessa di prezzo garantisce che non rimarrai mai deluso dai nostri prodotti. Inoltre, se qualcosa va storto con il tuo ordine, non importa quanto piccolo, faremo di tutto per sistemarlo. Abbiamo anche un piano di compensazione in atto se qualcosa dovesse andare storto con la tua spedizione. Infine, abbiamo un team di assistenza clienti esperto che si dedica a tutto ci\u00f2 che riguarda Crystal Meth e le sue applicazioni. Quindi, che tu sia un principiante o un esperto, abbiamo le conoscenze e il supporto di cui hai bisogno per ottenere il massimo dai prodotti ChemsWell!<\/p>\n<h3><strong>Spedizione sicura e imballaggio discreto<\/strong><\/h3>\n<p>Quando tu <strong>acquistare <a href=\"https:\/\/en.wikipedia.org\/wiki\/Crystal%20Meth?redirect=no&amp;useFormat=mobile\">metanfetamina<\/a> online<\/strong>, devi essere sicuro di ottenere la migliore qualit\u00e0 possibile. \u00c8 qui che entriamo in gioco noi. Il nostro negozio online offre cristalli di alta qualit\u00e0 a prezzi convenienti e consegniamo i prodotti direttamente a casa tua. Utilizziamo imballaggi discreti e metodi di spedizione sicuri per garantire che i tuoi prodotti siano al sicuro quando arrivano. Inoltre, disponiamo di un team di personale qualificato che assicurer\u00e0 che i prodotti vengano movimentati in modo sicuro e protetto durante il trasporto.<\/p>\n<p>Prendiamo molto sul serio anche la soddisfazione del cliente, motivo per cui offriamo un gateway di pagamento sicuro al 100% per tutti i clienti. Quindi il nostro negozio \u00e8 il posto perfetto dove andare se vuoi <strong>pesan sabu-sabu secara online<\/strong> per scopi didattici o per uso personale.<\/p>\n<p><strong>Comprare cristalli di metanfetamina<\/strong> a ChemsWell e ricevere il pacchetto completo in breve tempo. <a href=\"https:\/\/chemswell.com\/it\/prodotto\/metanfetamina\/\">.<\/a><\/p>","protected":false},"excerpt":{"rendered":"<p>Buy Crystal Meth Research Chemical At ChemsWell! Looking for the best Crystal Meth for sale out there? Look no further than Chemswell.<\/p>","protected":false},"featured_media":9954,"comment_status":"open","ping_status":"closed","template":"","meta":{"_joinchat":[]},"product_cat":[1258],"product_tag":[3233,3223,1522,120,3230,119,3220,123,3225,122,3226,3228,3235,3236,3234,3231,3227,3222,124,3232,3229,1530,128,3224,3221],"yoast_head":"<!-- This site is optimized with the Yoast SEO plugin v23.0 - https:\/\/yoast.com\/wordpress\/plugins\/seo\/ -->\n<title>Buy Crystal Meth online - Crystal Meth for Sale | Chemswell<\/title>\n<meta name=\"description\" content=\"Buy Crystal Meth online, Research chemicals for sale at chemswell! Looking for the best crystal meth for sale out there? Look no further than ChemsWell.\" \/>\n<meta name=\"robots\" content=\"index, follow, max-snippet:-1, max-image-preview:large, max-video-preview:-1\" \/>\n<link rel=\"canonical\" href=\"https:\/\/chemswell.com\/it\/prodotto\/metanfetamina\/\" \/>\n<meta property=\"og:locale\" content=\"it_IT\" \/>\n<meta property=\"og:type\" content=\"article\" \/>\n<meta property=\"og:title\" content=\"Buy Crystal Meth online - Crystal Meth for Sale | Chemswell\" \/>\n<meta property=\"og:description\" content=\"Buy Crystal Meth online, Research chemicals for sale at chemswell! Looking for the best crystal meth for sale out there? Look no further than ChemsWell.\" \/>\n<meta property=\"og:url\" content=\"https:\/\/chemswell.com\/it\/prodotto\/metanfetamina\/\" \/>\n<meta property=\"og:site_name\" content=\"Chemswell\" \/>\n<meta property=\"article:modified_time\" content=\"2025-08-22T18:08:59+00:00\" \/>\n<meta property=\"og:image\" content=\"https:\/\/chemswell.com\/wp-content\/uploads\/2023\/01\/crystal-meth.jpg\" \/>\n\t<meta property=\"og:image:width\" content=\"600\" \/>\n\t<meta property=\"og:image:height\" content=\"600\" \/>\n\t<meta property=\"og:image:type\" content=\"image\/jpeg\" \/>\n<meta name=\"twitter:card\" content=\"summary_large_image\" \/>\n<meta name=\"twitter:label1\" content=\"Tempo di lettura stimato\" \/>\n\t<meta name=\"twitter:data1\" content=\"2 minuti\" \/>\n<!-- \/ Yoast SEO plugin. -->","yoast_head_json":{"title":"Buy Crystal Meth online - Crystal Meth for Sale | Chemswell","description":"Buy Crystal Meth online, Research chemicals for sale at chemswell! Looking for the best crystal meth for sale out there? Look no further than ChemsWell.","robots":{"index":"index","follow":"follow","max-snippet":"max-snippet:-1","max-image-preview":"max-image-preview:large","max-video-preview":"max-video-preview:-1"},"canonical":"https:\/\/chemswell.com\/it\/prodotto\/metanfetamina\/","og_locale":"it_IT","og_type":"article","og_title":"Buy Crystal Meth online - Crystal Meth for Sale | Chemswell","og_description":"Buy Crystal Meth online, Research chemicals for sale at chemswell! Looking for the best crystal meth for sale out there? Look no further than ChemsWell.","og_url":"https:\/\/chemswell.com\/it\/prodotto\/metanfetamina\/","og_site_name":"Chemswell","article_modified_time":"2025-08-22T18:08:59+00:00","og_image":[{"width":600,"height":600,"url":"https:\/\/chemswell.com\/wp-content\/uploads\/2023\/01\/crystal-meth.jpg","type":"image\/jpeg"}],"twitter_card":"summary_large_image","twitter_misc":{"Tempo di lettura stimato":"2 minuti"},"schema":{"@context":"https:\/\/schema.org","@graph":[{"@type":"WebPage","@id":"https:\/\/chemswell.com\/product\/crystal-meth\/","url":"https:\/\/chemswell.com\/product\/crystal-meth\/","name":"Buy Crystal Meth online - Crystal Meth for Sale | Chemswell","isPartOf":{"@id":"https:\/\/chemswell.com\/it\/#website"},"primaryImageOfPage":{"@id":"https:\/\/chemswell.com\/product\/crystal-meth\/#primaryimage"},"image":{"@id":"https:\/\/chemswell.com\/product\/crystal-meth\/#primaryimage"},"thumbnailUrl":"https:\/\/chemswell.com\/wp-content\/uploads\/2023\/01\/crystal-meth.jpg","datePublished":"2023-01-21T15:56:56+00:00","dateModified":"2025-08-22T18:08:59+00:00","description":"Buy Crystal Meth online, Research chemicals for sale at chemswell! Looking for the best crystal meth for sale out there? Look no further than ChemsWell.","breadcrumb":{"@id":"https:\/\/chemswell.com\/product\/crystal-meth\/#breadcrumb"},"inLanguage":"it-IT","potentialAction":[{"@type":"ReadAction","target":["https:\/\/chemswell.com\/product\/crystal-meth\/"]}]},{"@type":"ImageObject","inLanguage":"it-IT","@id":"https:\/\/chemswell.com\/product\/crystal-meth\/#primaryimage","url":"https:\/\/chemswell.com\/wp-content\/uploads\/2023\/01\/crystal-meth.jpg","contentUrl":"https:\/\/chemswell.com\/wp-content\/uploads\/2023\/01\/crystal-meth.jpg","width":600,"height":600,"caption":"Buy Crystal Meth online"},{"@type":"BreadcrumbList","@id":"https:\/\/chemswell.com\/product\/crystal-meth\/#breadcrumb","itemListElement":[{"@type":"ListItem","position":1,"name":"Home","item":"https:\/\/chemswell.com\/ru\/"},{"@type":"ListItem","position":2,"name":"Shop","item":"https:\/\/chemswell.com\/ru\/%d0%bc%d0%b0%d0%b3%d0%b0%d0%b7%d0%b8%d0%bd\/"},{"@type":"ListItem","position":3,"name":"Crystal Meth"}]},{"@type":"WebSite","@id":"https:\/\/chemswell.com\/it\/#website","url":"https:\/\/chemswell.com\/it\/","name":"Chemswell","description":"#1 Research Chemical Store","potentialAction":[{"@type":"SearchAction","target":{"@type":"EntryPoint","urlTemplate":"https:\/\/chemswell.com\/it\/?s={search_term_string}"},"query-input":"required name=search_term_string"}],"inLanguage":"it-IT"}]}},"_links":{"self":[{"href":"https:\/\/chemswell.com\/it\/wp-json\/wp\/v2\/product\/9953"}],"collection":[{"href":"https:\/\/chemswell.com\/it\/wp-json\/wp\/v2\/product"}],"about":[{"href":"https:\/\/chemswell.com\/it\/wp-json\/wp\/v2\/types\/product"}],"replies":[{"embeddable":true,"href":"https:\/\/chemswell.com\/it\/wp-json\/wp\/v2\/comments?post=9953"}],"wp:featuredmedia":[{"embeddable":true,"href":"https:\/\/chemswell.com\/it\/wp-json\/wp\/v2\/media\/9954"}],"wp:attachment":[{"href":"https:\/\/chemswell.com\/it\/wp-json\/wp\/v2\/media?parent=9953"}],"wp:term":[{"taxonomy":"product_cat","embeddable":true,"href":"https:\/\/chemswell.com\/it\/wp-json\/wp\/v2\/product_cat?post=9953"},{"taxonomy":"product_tag","embeddable":true,"href":"https:\/\/chemswell.com\/it\/wp-json\/wp\/v2\/product_tag?post=9953"}],"curies":[{"name":"wp","href":"https:\/\/api.w.org\/{rel}","templated":true}]}}