{"id":10447,"date":"2023-06-02T10:49:47","date_gmt":"2023-06-02T10:49:47","guid":{"rendered":"https:\/\/chemswell.com\/?post_type=product&#038;p=10447"},"modified":"2026-02-27T10:56:30","modified_gmt":"2026-02-27T10:56:30","slug":"buy-2c-b-nexus-blue-bees","status":"publish","type":"product","link":"https:\/\/chemswell.com\/nl\/product\/buy-2c-b-nexus-blue-bees\/","title":{"rendered":"Koop 2C-B NEXUS BLAUWE BIJEN"},"content":{"rendered":"<h2>Purchase 2C-B NEXUS BLUE BEES Online.<\/h2>\n<p><span style=\"font-weight: 400;\">The rise of substances like <\/span><a href=\"https:\/\/chemswell.com\/nl\/product\/buy-2c-b-nexus-blue-bees\/\"><i><span style=\"font-weight: 400;\">2C-B NEXUS BLUE BEES<\/span><\/i><\/a><span style=\"font-weight: 400;\"> De online markt onderstreept een bredere transformatie in de manier waarop psychoactieve stoffen worden verkregen, verkocht en geconsumeerd. Ooit waren deze stoffen beperkt tot ondergrondse kringen, maar ze circuleren nu wijdverspreid via digitale grijze markten \u2013 online ruimtes die buiten de formele regelgeving opereren, maar niet altijd volledig illegaal. Deze verschuiving roept diepgaande ethische, juridische en volksgezondheidsvragen op. Hoe verenigen we individuele autonomie met maatschappelijke schade? Wie draagt de verantwoordelijkheid in gedecentraliseerde digitale marktplaatsen?<\/span><\/p>\n<h3><b>De digitale grijze markt<\/b><\/h3>\n<h3><b>Overzicht van online leveranciers, forums en gebruikersrecensies<\/b><\/h3>\n<p><span style=\"font-weight: 400;\">Digital marketplaces, including darknet platforms and semi-public forums, are now the primary channels for buying compounds like <a href=\"https:\/\/en.wikipedia.org\/wiki\/2C-B\">2C-B NEXUS BLUE BEES<\/a>Verkopers gebruiken versleutelde berichtenapps, verborgen web-URL's (op het Tor-netwerk) en reputatiesystemen om vertrouwen op te bouwen bij kopers. Platforms zoals Dread, Reddit-achtige forums en Telegram-groepen bieden productrecensies, reisverslagen en advies over schadebeperking, vaak met verrassende transparantie en details.<\/span><\/p>\n<p><span style=\"font-weight: 400;\">In deze omgevingen vervaagt de grens tussen legitieme consumentenhandel en illegale drugshandel. Gebruikersbeoordelingen spelen een cruciale rol, waarbij kwaliteit, effectiviteit en klantenservice net als bij Amazon onder de loep worden genomen \u2013 zij het in een ongereguleerde en risicovolle context.<\/span><\/p>\n<h3><b>De rol van cryptocurrency en anonimiteit<\/b><\/h3>\n<p><span style=\"font-weight: 400;\">Criptovalute come Bitcoin, Monero ed Ethereum consentono transazioni veloci e semi-anonime. Questo livello finanziario \u00e8 fondamentale per il funzionamento del mercato grigio. Il relativo anonimato consente ad acquirenti e venditori di ridurre al minimo il rischio di essere scoperti, mentre gli smart contract e i servizi di deposito a garanzia offrono protezioni rudimentali contro le frodi.<\/span><\/p>\n<p><span style=\"font-weight: 400;\">Tuttavia, questo stesso anonimato complica gli sforzi delle forze dell'ordine e solleva interrogativi sulla responsabilit\u00e0. L'uso di monete basate sulla privacy (ad esempio, Monero) ostacola ulteriormente la tracciabilit\u00e0, rendendo difficile monitorare o intervenire nella vendita di sostanze potenzialmente dannose.<\/span><\/p>\n<h2><b>Autonomie versus schade<\/b><\/h2>\n<h3><b>Moeten individuen toegang hebben tot ongereguleerde stoffen?<\/b><\/h3>\n<p><span style=\"font-weight: 400;\">Composti come il 2C-B spesso occupano una zona grigia dal punto di vista legale: non sono classificati in alcune giurisdizioni, sono vietati in altre. I sostenitori della depenalizzazione sostengono che gli adulti dovrebbero avere la libert\u00e0 di esplorare la propria coscienza e prendere decisioni consapevoli su ci\u00f2 che introducono nel proprio corpo, soprattutto se la sostanza non crea dipendenza fisica o non \u00e8 significativamente dannosa ai dosaggi tipici.<\/span><\/p>\n<p><span style=\"font-weight: 400;\">I critici, tuttavia, sottolineano il potenziale di abuso, disinformazione o combinazioni pericolose quando le droghe vengono acquistate al di fuori dei canali regolamentati. Senza supervisione medica o controllo di qualit\u00e0, anche una sostanza psichedelica teoricamente \"sicura\" pu\u00f2 causare danni involontari.<\/span><\/p>\n<h3><b>De balans tussen vrijheid en volksgezondheid<\/b><\/h3>\n<p><span style=\"font-weight: 400;\">Striking a balance between personal liberty and public safety is at the core of modern drug policy debates. While prohibition has historically failed to eliminate demand, unregulated availability via digital platforms increases risks \u2014 especially for adolescents, inexperienced users, or those with underlying mental health conditions.<\/span><\/p>\n<p><span style=\"font-weight: 400;\">Policy solutions must weigh civil liberties against the societal cost of emergency room visits, mental health crises, and accidental poisonings from impure or misidentified substances.<\/span><\/p>\n<h3><b>Platformverantwoordelijkheid<\/b><\/h3>\n<h3><b>Zijn marktplaatsen verantwoordelijk voor wat er verkocht wordt?<\/b><\/h3>\n<p>I marketplace digitali spesso rivendicano la loro neutralit\u00e0, paragonandosi ai fornitori di tecnologia piuttosto che agli spacciatori di droga. Tuttavia, la portata e la specializzazione di queste piattaforme suggeriscono il contrario. Proprio come eBay ha politiche antifrode e Amazon applica standard di prodotto, le piattaforme del mercato grigio esercitano un controllo su ci\u00f2 che \u00e8 consentito e su come viene commercializzato, dal divieto delle truffe all'attivazione di sistemi di rimborso.<\/p>\n<p><span style=\"font-weight: 400;\">Quindi, dove risiede la responsabilit\u00e0? Sebbene alcune giurisdizioni considerino gli operatori di piattaforme come complici di attivit\u00e0 illegali, l'applicazione delle norme rimane difficoltosa a causa dei confini giurisdizionali, dell'hosting anonimo e delle tecnologie di crittografia.<\/span><\/p>\n<h3><b>Case Studies of Shutdowns (e.g., 2C-B NEXUS BLUE BEES)<\/b><\/h3>\n<p>Quando i marketplace pi\u00f9 popolari vengono chiusi \u2013 come AlphaBay, Dream Market o i negozi dei singoli venditori che vendevano le 2C-B NEXUS BLUE BEES \u2013 si verificano effetti a catena. Gli utenti si affannano a trovare alternative, spesso rivolgendosi a fonti ancora meno sicure o affidabili. Le forze dell'ordine vincono una battaglia temporanea, ma l'ecosistema si adatta rapidamente.<\/p>\n<p><span style=\"font-weight: 400;\">Ogni smantellamento rivela una lezione fondamentale: prendere di mira la catena di fornitura senza considerare la domanda o la formazione degli utenti raramente produce un cambiamento duraturo.<\/span><\/p>\n<h3><b>Policy and Ethical Solutions<\/b><\/h3>\n<h3><b>Ethische regulering in het tijdperk van gedecentraliseerde handel<\/b><\/h3>\n<p><span style=\"font-weight: 400;\">La guerra alla droga si \u00e8 dimostrata inefficace nell'era digitale. Invece di cercare di eliminare i mercati grigi, gli esperti propugnano sempre pi\u00f9 una regolamentazione etica: legalizzare determinate sostanze in condizioni controllate, stabilire standard di test ed etichettatura e reindirizzare gli sforzi delle forze dell'ordine verso la riduzione del danno.<\/span><\/p>\n<p><span style=\"font-weight: 400;\">Ad esempio, i servizi di controllo antidroga, le campagne di educazione pubblica e l'integrazione della cultura psiconautica nei sistemi sanitari potrebbero ridurre i rischi senza criminalizzare gli utenti.<\/span><\/p>\n<h3><b>Digitale monitoring zonder overmatige surveillance<\/b><\/h3>\n<p>Gli strumenti tecnologici possono aiutare a identificare le tendenze nell'uso di sostanze, segnalare lotti pericolosi e informare le risposte di sanit\u00e0 pubblica, ma senza trasformare internet in uno stato di sorveglianza. Analisi e intelligenza artificiale che tutelano la privacy potrebbero monitorare i forum alla ricerca di rischi emergenti (ad esempio, lotti difettosi di 2C-B NEXUS BLUE BEES) nel rispetto dell'anonimato degli utenti.<\/p>\n<p>Een nieuw regelgevingskader moet flexibel, technisch onderlegd en rechten respecterend zijn \u2013 een heel ander verhaal dan de huidige lappendekenaanpak.<\/p>\n<h3><b>Conclusie: Navigeren door de toekomst van digitale geneesmiddelenethiek<\/b><\/h3>\n<p>De opkomst van middelen zoals 2C-B NEXUS BLUE BEES op online marktplaatsen is geen marginaal fenomeen \u2013 het is een voorbode van de gedecentraliseerde, digitaal-geori\u00ebnteerde toekomst van psychoactieve middelen. Naarmate cryptomarkten zich blijven ontwikkelen, moet de maatschappij niet reageren met achterhaalde verbodsmodellen, maar met ethische, datagedreven en gebruikersgerichte beleidsmaatregelen.<\/p>\n<p>Of we het nu leuk vinden of niet, de digitale drugshandel is er om te blijven. Om hierin te navigeren, is een genuanceerde kennis van technologie, psychologie, recht en ethiek vereist.<\/p>\n<h3><b>Final Tips: Staying Safe, Legal, and Informed in a Changing Landscape<\/b><\/h3>\n<ul>\n<li style=\"font-weight: 400;\" aria-level=\"1\">Always verify legality in your country before considering any psychoactive substance.<span style=\"font-weight: 400;\"><br \/>\n<\/span><\/li>\n<li style=\"font-weight: 400;\" aria-level=\"1\">Use third-party testing services where possible to confirm compound identity and purity.<span style=\"font-weight: 400;\"><br \/>\n<\/span><\/li>\n<li style=\"font-weight: 400;\" aria-level=\"1\">Avoid public markets and sketchy vendors \u2014 trust reviews, but cross-reference sources.<span style=\"font-weight: 400;\"><br \/>\n<\/span><\/li>\n<li style=\"font-weight: 400;\" aria-level=\"1\">Engage in communities that emphasize harm reduction and informed use.<span style=\"font-weight: 400;\"><br \/>\n<\/span><\/li>\n<li style=\"font-weight: 400;\" aria-level=\"1\">Respect your limits and mental health \u2014 especially when trying new substances.<\/li>\n<\/ul>","protected":false},"excerpt":{"rendered":"<p>Purchase 2C-B NEXUS BLUE BEES Online. The rise of substances like 2C-B NEXUS BLUE BEES in online markets underscores a broader transformation<\/p>","protected":false},"featured_media":10454,"comment_status":"closed","ping_status":"closed","template":"","meta":{"_joinchat":[]},"product_cat":[1260],"product_tag":[1812,1802,1522,1793,1797,1796,1804,1795,1805,1807,1814,1815,1813,1810,1794,1809,1806,1801,1799,1811,1808,1530,1800,1803,1798],"yoast_head":"<!-- This site is optimized with the Yoast SEO plugin v23.0 - https:\/\/yoast.com\/wordpress\/plugins\/seo\/ -->\n<title>2C-B Nexus Blue Bees for Sale -Buy 2C-B Nexus Blue Bees Online<\/title>\n<meta name=\"description\" content=\"Shop for 2c-b nexus blue bees online from our best chemicals store. We offer the 2c-b nexus blue bees for sale, backed by fast delivery and excellent customer service. Buy Now!\" \/>\n<meta name=\"robots\" content=\"index, follow, max-snippet:-1, max-image-preview:large, max-video-preview:-1\" \/>\n<link rel=\"canonical\" href=\"https:\/\/chemswell.com\/nl\/product\/buy-2c-b-nexus-blue-bees\/\" \/>\n<meta property=\"og:locale\" content=\"nl_NL\" \/>\n<meta property=\"og:type\" content=\"article\" \/>\n<meta property=\"og:title\" content=\"2C-B Nexus Blue Bees for Sale -Buy 2C-B Nexus Blue Bees Online\" \/>\n<meta property=\"og:description\" content=\"Shop for 2c-b nexus blue bees online from our best chemicals store. We offer the 2c-b nexus blue bees for sale, backed by fast delivery and excellent customer service. Buy Now!\" \/>\n<meta property=\"og:url\" content=\"https:\/\/chemswell.com\/nl\/product\/buy-2c-b-nexus-blue-bees\/\" \/>\n<meta property=\"og:site_name\" content=\"Chemswell\" \/>\n<meta property=\"article:modified_time\" content=\"2026-02-27T10:56:30+00:00\" \/>\n<meta property=\"og:image\" content=\"https:\/\/chemswell.com\/wp-content\/uploads\/2023\/06\/Buy-2C-B-NEXUS-BLUE-BEES.png\" \/>\n\t<meta property=\"og:image:width\" content=\"600\" \/>\n\t<meta property=\"og:image:height\" content=\"400\" \/>\n\t<meta property=\"og:image:type\" content=\"image\/png\" \/>\n<meta name=\"twitter:card\" content=\"summary_large_image\" \/>\n<meta name=\"twitter:label1\" content=\"Geschatte leestijd\" \/>\n\t<meta name=\"twitter:data1\" content=\"5 minuten\" \/>\n<!-- \/ Yoast SEO plugin. -->","yoast_head_json":{"title":"2C-B Nexus Blue Bees for Sale -Buy 2C-B Nexus Blue Bees Online","description":"Shop for 2c-b nexus blue bees online from our best chemicals store. We offer the 2c-b nexus blue bees for sale, backed by fast delivery and excellent customer service. Buy Now!","robots":{"index":"index","follow":"follow","max-snippet":"max-snippet:-1","max-image-preview":"max-image-preview:large","max-video-preview":"max-video-preview:-1"},"canonical":"https:\/\/chemswell.com\/nl\/product\/buy-2c-b-nexus-blue-bees\/","og_locale":"nl_NL","og_type":"article","og_title":"2C-B Nexus Blue Bees for Sale -Buy 2C-B Nexus Blue Bees Online","og_description":"Shop for 2c-b nexus blue bees online from our best chemicals store. We offer the 2c-b nexus blue bees for sale, backed by fast delivery and excellent customer service. Buy Now!","og_url":"https:\/\/chemswell.com\/nl\/product\/buy-2c-b-nexus-blue-bees\/","og_site_name":"Chemswell","article_modified_time":"2026-02-27T10:56:30+00:00","og_image":[{"width":600,"height":400,"url":"https:\/\/chemswell.com\/wp-content\/uploads\/2023\/06\/Buy-2C-B-NEXUS-BLUE-BEES.png","type":"image\/png"}],"twitter_card":"summary_large_image","twitter_misc":{"Geschatte leestijd":"5 minuten"},"schema":{"@context":"https:\/\/schema.org","@graph":[{"@type":"WebPage","@id":"https:\/\/chemswell.com\/product\/buy-2c-b-nexus-blue-bees\/","url":"https:\/\/chemswell.com\/product\/buy-2c-b-nexus-blue-bees\/","name":"2C-B Nexus Blue Bees for Sale -Buy 2C-B Nexus Blue Bees Online","isPartOf":{"@id":"https:\/\/chemswell.com\/it\/#website"},"primaryImageOfPage":{"@id":"https:\/\/chemswell.com\/product\/buy-2c-b-nexus-blue-bees\/#primaryimage"},"image":{"@id":"https:\/\/chemswell.com\/product\/buy-2c-b-nexus-blue-bees\/#primaryimage"},"thumbnailUrl":"https:\/\/chemswell.com\/wp-content\/uploads\/2023\/06\/Buy-2C-B-NEXUS-BLUE-BEES.png","datePublished":"2023-06-02T10:49:47+00:00","dateModified":"2026-02-27T10:56:30+00:00","description":"Shop for 2c-b nexus blue bees online from our best chemicals store. We offer the 2c-b nexus blue bees for sale, backed by fast delivery and excellent customer service. Buy Now!","breadcrumb":{"@id":"https:\/\/chemswell.com\/product\/buy-2c-b-nexus-blue-bees\/#breadcrumb"},"inLanguage":"nl-NL","potentialAction":[{"@type":"ReadAction","target":["https:\/\/chemswell.com\/product\/buy-2c-b-nexus-blue-bees\/"]}]},{"@type":"ImageObject","inLanguage":"nl-NL","@id":"https:\/\/chemswell.com\/product\/buy-2c-b-nexus-blue-bees\/#primaryimage","url":"https:\/\/chemswell.com\/wp-content\/uploads\/2023\/06\/Buy-2C-B-NEXUS-BLUE-BEES.png","contentUrl":"https:\/\/chemswell.com\/wp-content\/uploads\/2023\/06\/Buy-2C-B-NEXUS-BLUE-BEES.png","width":600,"height":400,"caption":"Buy-2C-B-NEXUS-BLUE-BEES"},{"@type":"BreadcrumbList","@id":"https:\/\/chemswell.com\/product\/buy-2c-b-nexus-blue-bees\/#breadcrumb","itemListElement":[{"@type":"ListItem","position":1,"name":"Home","item":"https:\/\/chemswell.com\/ru\/"},{"@type":"ListItem","position":2,"name":"Shop","item":"https:\/\/chemswell.com\/ru\/%d0%bc%d0%b0%d0%b3%d0%b0%d0%b7%d0%b8%d0%bd\/"},{"@type":"ListItem","position":3,"name":"Buy 2C-B NEXUS BLUE BEES"}]},{"@type":"WebSite","@id":"https:\/\/chemswell.com\/it\/#website","url":"https:\/\/chemswell.com\/it\/","name":"Chemswell","description":"#1 Research Chemical Store","potentialAction":[{"@type":"SearchAction","target":{"@type":"EntryPoint","urlTemplate":"https:\/\/chemswell.com\/it\/?s={search_term_string}"},"query-input":"required name=search_term_string"}],"inLanguage":"nl-NL"}]}},"_links":{"self":[{"href":"https:\/\/chemswell.com\/nl\/wp-json\/wp\/v2\/product\/10447"}],"collection":[{"href":"https:\/\/chemswell.com\/nl\/wp-json\/wp\/v2\/product"}],"about":[{"href":"https:\/\/chemswell.com\/nl\/wp-json\/wp\/v2\/types\/product"}],"replies":[{"embeddable":true,"href":"https:\/\/chemswell.com\/nl\/wp-json\/wp\/v2\/comments?post=10447"}],"wp:featuredmedia":[{"embeddable":true,"href":"https:\/\/chemswell.com\/nl\/wp-json\/wp\/v2\/media\/10454"}],"wp:attachment":[{"href":"https:\/\/chemswell.com\/nl\/wp-json\/wp\/v2\/media?parent=10447"}],"wp:term":[{"taxonomy":"product_cat","embeddable":true,"href":"https:\/\/chemswell.com\/nl\/wp-json\/wp\/v2\/product_cat?post=10447"},{"taxonomy":"product_tag","embeddable":true,"href":"https:\/\/chemswell.com\/nl\/wp-json\/wp\/v2\/product_tag?post=10447"}],"curies":[{"name":"wp","href":"https:\/\/api.w.org\/{rel}","templated":true}]}}