{"id":10099,"date":"2023-05-29T12:50:46","date_gmt":"2023-05-29T12:50:46","guid":{"rendered":"https:\/\/chemswell.com\/?post_type=product&#038;p=10099"},"modified":"2026-02-25T04:16:36","modified_gmt":"2026-02-25T04:16:36","slug":"pure-100g-mdma-rocks-for-sale-online","status":"publish","type":"product","link":"https:\/\/chemswell.com\/pt\/produto\/rochas-mdma-puras-100g-para-venda-online\/","title":{"rendered":"Rochas puras de 100g de MDMA para venda online"},"content":{"rendered":"<h2><strong>Comprar MDMA Rocks Puro Online<\/strong><\/h2>\n<p><a href=\"https:\/\/chemswell.com\/pt\/produto\/rochas-mdma-puras-100g-para-venda-online\/\">Comprar MDMA Rocks Puro Online<\/a> com 88% de pureza. Testado em laborat\u00f3rio. Directamente do fornecedor n\u00ba 1 de Amesterd\u00e3o. Encomendar Pure MDMA Rocks Online, Pure MDMA Rocks para venda online, Encomendar MDMA Rocks online, Pure MDMA Rocks \u00e0 venda, Onde comprar Pure MDMA Rocks online<\/p>\n<h3>O que \u00e9 MDMA?<\/h3>\n<p>(<a href=\"https:\/\/en.wikipedia.org\/wiki\/MDMA\">MDMA<\/a>\u00e9 o nome qu\u00edmico abreviado da droga psicoactiva sint\u00e9tica 3,4 metilenodioximetanfetamina. A MDMA pode apresentar-se em p\u00f3 ou em cristais e \u00e9 tamb\u00e9m o ingrediente activo que se espera encontrar nos comprimidos de ecstasy. A quantidade de MDMA presente nos comprimidos de ecstasy na Europa. <a href=\"https:\/\/chemswell.com\/pt\/\">Chemswell<\/a><\/p>\n<h3><strong>Efeitos?<\/strong><\/h3>\n<p>- Euforia, uma sensa\u00e7\u00e3o de bem-estar geral e de felicidade.<br \/>\n- Aumento da sociabilidade e sensa\u00e7\u00e3o de que a comunica\u00e7\u00e3o \u00e9 f\u00e1cil ou simples.<br \/>\n- Aumento da empatia ou sentimentos de proximidade com os outros - \u00c9 seguro!<br \/>\n- Uma sensa\u00e7\u00e3o de paz interior.<br \/>\n- As cores e os sons s\u00e3o melhorados e os olhos est\u00e3o ligeiramente fechados.<br \/>\n- Sensa\u00e7\u00e3o, perce\u00e7\u00e3o ou sexualidade melhoradas.<br \/>\n- Manter\u00e1 o controlo e lembrar-se-\u00e1 de tudo.<br \/>\n- Sem ressaca.<\/p>\n<h3>Outros nomes<\/h3>\n<p>Comprimidos de ecstasy: ecstasy, E, eggs, sweeties, eccies, pingers, swedgers, wee fellas, yolks, pills ou tablets podem ser designados pelo log\u00f3tipo na parte da frente do comprimido, MDMA em p\u00f3\/cristal: mandy, madman, molly (na Am\u00e9rica do Norte),<\/p>\n<h3>Como \u00e9 que as pessoas consomem MDMA?<\/h3>\n<p>As pessoas que consomem MDMA para venda tomam-na geralmente sob a forma de c\u00e1psulas ou comprimidos, embora algumas a engulam sob a forma l\u00edquida ou snifem o p\u00f3. A alcunha popular Molly (cal\u00e3o para \"molecular\") refere-se frequentemente ao p\u00f3 cristalino supostamente \"puro\" da MDMA, geralmente vendido em c\u00e1psulas. No entanto, as pessoas que compram o p\u00f3 ou as c\u00e1psulas vendidas como Molly adquirem muitas vezes outras drogas, como as catinonas sint\u00e9ticas.<\/p>\n<p>Algumas pessoas tomam MDMA em combina\u00e7\u00e3o com outras drogas, como o \u00e1lcool ou a marijuana.<\/p>","protected":false},"excerpt":{"rendered":"<p>Comprar MDMA Rocks Puro Online Comprar MDMA Rocks Puro Online com pureza 88%. Testado em laborat\u00f3rio. Diretamente do fornecedor n\u00ba 1 de Amesterd\u00e3o. Encomendar<\/p>","protected":false},"featured_media":10100,"comment_status":"closed","ping_status":"closed","template":"","meta":{"_joinchat":[]},"product_cat":[1258,1255],"product_tag":[3256,3246,1522,3238,3253,3250,3245,3243,3255,3237,3240,3248,3239,3249,3241,3251,3258,3259,3257,3254,3252,1530,3244,3247,3242],"yoast_head":"<!-- This site is optimized with the Yoast SEO plugin v23.0 - https:\/\/yoast.com\/wordpress\/plugins\/seo\/ -->\n<title>MDMA for sale - Buy MDMA Online - Order MDMA | Chemswell<\/title>\n<meta name=\"description\" content=\"MDMA for sale, Buy Pure MDMA crystals for sale discretely. Molly (ecstasy) powder is a very potent stimulant with empathogenic and entactogenic effects.\" \/>\n<meta name=\"robots\" content=\"index, follow, max-snippet:-1, max-image-preview:large, max-video-preview:-1\" \/>\n<link rel=\"canonical\" href=\"https:\/\/chemswell.com\/pt\/produto\/rochas-mdma-puras-100g-para-venda-online\/\" \/>\n<meta property=\"og:locale\" content=\"pt_PT\" \/>\n<meta property=\"og:type\" content=\"article\" \/>\n<meta property=\"og:title\" content=\"MDMA for sale - Buy MDMA Online - Order MDMA | Chemswell\" \/>\n<meta property=\"og:description\" content=\"MDMA for sale, Buy Pure MDMA crystals for sale discretely. Molly (ecstasy) powder is a very potent stimulant with empathogenic and entactogenic effects.\" \/>\n<meta property=\"og:url\" content=\"https:\/\/chemswell.com\/pt\/produto\/rochas-mdma-puras-100g-para-venda-online\/\" \/>\n<meta property=\"og:site_name\" content=\"Chemswell\" \/>\n<meta property=\"article:modified_time\" content=\"2026-02-25T04:16:36+00:00\" \/>\n<meta property=\"og:image\" content=\"https:\/\/chemswell.com\/wp-content\/uploads\/2023\/05\/pure-mdma.webp\" \/>\n\t<meta property=\"og:image:width\" content=\"1000\" \/>\n\t<meta property=\"og:image:height\" content=\"750\" \/>\n\t<meta property=\"og:image:type\" content=\"image\/webp\" \/>\n<meta name=\"twitter:card\" content=\"summary_large_image\" \/>\n<meta name=\"twitter:label1\" content=\"Tempo estimado de leitura\" \/>\n\t<meta name=\"twitter:data1\" content=\"2 minutos\" \/>\n<!-- \/ Yoast SEO plugin. -->","yoast_head_json":{"title":"MDMA for sale - Buy MDMA Online - Order MDMA | Chemswell","description":"MDMA for sale, Buy Pure MDMA crystals for sale discretely. Molly (ecstasy) powder is a very potent stimulant with empathogenic and entactogenic effects.","robots":{"index":"index","follow":"follow","max-snippet":"max-snippet:-1","max-image-preview":"max-image-preview:large","max-video-preview":"max-video-preview:-1"},"canonical":"https:\/\/chemswell.com\/pt\/produto\/rochas-mdma-puras-100g-para-venda-online\/","og_locale":"pt_PT","og_type":"article","og_title":"MDMA for sale - Buy MDMA Online - Order MDMA | Chemswell","og_description":"MDMA for sale, Buy Pure MDMA crystals for sale discretely. Molly (ecstasy) powder is a very potent stimulant with empathogenic and entactogenic effects.","og_url":"https:\/\/chemswell.com\/pt\/produto\/rochas-mdma-puras-100g-para-venda-online\/","og_site_name":"Chemswell","article_modified_time":"2026-02-25T04:16:36+00:00","og_image":[{"width":1000,"height":750,"url":"https:\/\/chemswell.com\/wp-content\/uploads\/2023\/05\/pure-mdma.webp","type":"image\/webp"}],"twitter_card":"summary_large_image","twitter_misc":{"Tempo estimado de leitura":"2 minutos"},"schema":{"@context":"https:\/\/schema.org","@graph":[{"@type":"WebPage","@id":"https:\/\/chemswell.com\/product\/pure-100g-mdma-rocks-for-sale-online\/","url":"https:\/\/chemswell.com\/product\/pure-100g-mdma-rocks-for-sale-online\/","name":"MDMA for sale - Buy MDMA Online - Order MDMA | Chemswell","isPartOf":{"@id":"https:\/\/chemswell.com\/it\/#website"},"primaryImageOfPage":{"@id":"https:\/\/chemswell.com\/product\/pure-100g-mdma-rocks-for-sale-online\/#primaryimage"},"image":{"@id":"https:\/\/chemswell.com\/product\/pure-100g-mdma-rocks-for-sale-online\/#primaryimage"},"thumbnailUrl":"https:\/\/chemswell.com\/wp-content\/uploads\/2023\/05\/pure-mdma.webp","datePublished":"2023-05-29T12:50:46+00:00","dateModified":"2026-02-25T04:16:36+00:00","description":"MDMA for sale, Buy Pure MDMA crystals for sale discretely. Molly (ecstasy) powder is a very potent stimulant with empathogenic and entactogenic effects.","breadcrumb":{"@id":"https:\/\/chemswell.com\/product\/pure-100g-mdma-rocks-for-sale-online\/#breadcrumb"},"inLanguage":"pt-PT","potentialAction":[{"@type":"ReadAction","target":["https:\/\/chemswell.com\/product\/pure-100g-mdma-rocks-for-sale-online\/"]}]},{"@type":"ImageObject","inLanguage":"pt-PT","@id":"https:\/\/chemswell.com\/product\/pure-100g-mdma-rocks-for-sale-online\/#primaryimage","url":"https:\/\/chemswell.com\/wp-content\/uploads\/2023\/05\/pure-mdma.webp","contentUrl":"https:\/\/chemswell.com\/wp-content\/uploads\/2023\/05\/pure-mdma.webp","width":1000,"height":750,"caption":"MDMA for sale"},{"@type":"BreadcrumbList","@id":"https:\/\/chemswell.com\/product\/pure-100g-mdma-rocks-for-sale-online\/#breadcrumb","itemListElement":[{"@type":"ListItem","position":1,"name":"Home","item":"https:\/\/chemswell.com\/ru\/"},{"@type":"ListItem","position":2,"name":"Shop","item":"https:\/\/chemswell.com\/ru\/%d0%bc%d0%b0%d0%b3%d0%b0%d0%b7%d0%b8%d0%bd\/"},{"@type":"ListItem","position":3,"name":"Pure 100g MDMA Rocks For Sale Online"}]},{"@type":"WebSite","@id":"https:\/\/chemswell.com\/it\/#website","url":"https:\/\/chemswell.com\/it\/","name":"Chemswell","description":"#1 Research Chemical Store","potentialAction":[{"@type":"SearchAction","target":{"@type":"EntryPoint","urlTemplate":"https:\/\/chemswell.com\/it\/?s={search_term_string}"},"query-input":"required name=search_term_string"}],"inLanguage":"pt-PT"}]}},"_links":{"self":[{"href":"https:\/\/chemswell.com\/pt\/wp-json\/wp\/v2\/product\/10099"}],"collection":[{"href":"https:\/\/chemswell.com\/pt\/wp-json\/wp\/v2\/product"}],"about":[{"href":"https:\/\/chemswell.com\/pt\/wp-json\/wp\/v2\/types\/product"}],"replies":[{"embeddable":true,"href":"https:\/\/chemswell.com\/pt\/wp-json\/wp\/v2\/comments?post=10099"}],"wp:featuredmedia":[{"embeddable":true,"href":"https:\/\/chemswell.com\/pt\/wp-json\/wp\/v2\/media\/10100"}],"wp:attachment":[{"href":"https:\/\/chemswell.com\/pt\/wp-json\/wp\/v2\/media?parent=10099"}],"wp:term":[{"taxonomy":"product_cat","embeddable":true,"href":"https:\/\/chemswell.com\/pt\/wp-json\/wp\/v2\/product_cat?post=10099"},{"taxonomy":"product_tag","embeddable":true,"href":"https:\/\/chemswell.com\/pt\/wp-json\/wp\/v2\/product_tag?post=10099"}],"curies":[{"name":"wp","href":"https:\/\/api.w.org\/{rel}","templated":true}]}}