{"id":10102,"date":"2023-05-29T13:12:42","date_gmt":"2023-05-29T13:12:42","guid":{"rendered":"https:\/\/chemswell.com\/?post_type=product&#038;p=10102"},"modified":"2026-03-02T11:49:44","modified_gmt":"2026-03-02T11:49:44","slug":"buy-alprazolam-powder-100g-online","status":"publish","type":"product","link":"https:\/\/chemswell.com\/pt\/produto\/buy-alprazolam-powder-100g-online\/","title":{"rendered":"Comprar Alprazolam Powder Online"},"content":{"rendered":"<h1>Comprar Alprazolam Powder Online<\/h1>\n<p>Para onde <a href=\"https:\/\/chemswell.com\/pt\/produto\/buy-alprazolam-powder-100g-online\/\">comprar p\u00f3 de alprazolam online<\/a> na Europa. As pessoas continuam a procurar onde comprar Xanax online. Por outro lado, as encomendas de p\u00f3 de Xanax acontecem todos os dias. Qual \u00e9 ent\u00e3o o problema? Uma fonte fidedigna. O medicamento alprazolam xanax n\u00e3o \u00e9 assim t\u00e3o comum, por isso n\u00e3o deve simplesmente ver um n\u00famero num blog qualquer e ligar. O fornecimento de medicamentos \u00e9 feito com cuidado e precau\u00e7\u00e3o. Isto para evitar a DEA e a FDA com as suas leis sobre medicamentos.<\/p>\n<p>Xanax tamb\u00e9m pertence \u00e0 classe das benzodiazepinas. \u00c9 um ansiol\u00edtico de ac\u00e7\u00e3o curta utilizado para ansiedade e perturba\u00e7\u00f5es de p\u00e2nico. \u00c9 eficaz quando se toma a dose correcta. O seu consumo excessivo pode levar \u00e0 morte. Embora n\u00e3o nos importe se tiveres uma receita m\u00e9dica, aconselhamos-te a consultar um m\u00e9dico. \u00c9 um medicamento anti-ansiedade, mas encomendar sem conhecimento m\u00e9dico \u00e9 arriscado. Alprazolam para venda e pol\u00edtica de envio. <a href=\"https:\/\/chemswell.com\/pt\/\">Chemswell<\/a><\/p>\n<p>This product is use for making xanax bars. Xanax bars belongs to a group of drugs called benzodiazepines (ben-zoe-dye-AZE-eh-peens). It works by slowing down the movement of chemicals in the brain that may become unbalanced. This results in a reduction in nervous tension (anxiety). Xanax is used to treat anxiety disorders, panic disorders, and anxiety caused by depression. The drug has a currently accepted medical use in treatment in the United States.<\/p>\n<p>onde comprar <a href=\"https:\/\/en.wikipedia.org\/wiki\/Alprazolam\">alprazolam powder<\/a>, comprar alprazolam online, encomendar xanax online nos EUA, farm\u00e1cia online de alprazolam<\/p>\n<p>alprazolam 0,25 mg para dormir, p\u00f3 de alprazolam puro para venda, fornecedores de p\u00f3 de alprazolam, \u00e9 seguro tomar alprazolam<\/p>","protected":false},"excerpt":{"rendered":"<p>Comprar Alprazolam Powder Online Onde comprar alprazolam powder online na Europa. As pessoas continuam \u00e0 procura de onde comprar xanax online. Em<\/p>","protected":false},"featured_media":10104,"comment_status":"closed","ping_status":"closed","template":"","meta":{"_joinchat":[]},"product_cat":[1255],"product_tag":[3279,3269,1522,3260,3264,3263,3271,3262,3272,3274,3281,3282,3280,3277,3261,3276,3273,3268,3266,3278,3275,1530,3267,3270,3265],"yoast_head":"<!-- This site is optimized with the Yoast SEO plugin v23.0 - https:\/\/yoast.com\/wordpress\/plugins\/seo\/ -->\n<title>Buy Alprazolam Powder Online - Alprazolam for Sale | Chemswell<\/title>\n<meta name=\"description\" content=\"Buy alprazolam powder Online, you can order quality alprazolam for sale safely from a relaible online chemical shop Chemswell. Place your order now!\" \/>\n<meta name=\"robots\" content=\"index, follow, max-snippet:-1, max-image-preview:large, max-video-preview:-1\" \/>\n<link rel=\"canonical\" href=\"https:\/\/chemswell.com\/pt\/produto\/buy-alprazolam-powder-100g-online\/\" \/>\n<meta property=\"og:locale\" content=\"pt_PT\" \/>\n<meta property=\"og:type\" content=\"article\" \/>\n<meta property=\"og:title\" content=\"Buy Alprazolam Powder Online - Alprazolam for Sale | Chemswell\" \/>\n<meta property=\"og:description\" content=\"Buy alprazolam powder Online, you can order quality alprazolam for sale safely from a relaible online chemical shop Chemswell. Place your order now!\" \/>\n<meta property=\"og:url\" content=\"https:\/\/chemswell.com\/pt\/produto\/buy-alprazolam-powder-100g-online\/\" \/>\n<meta property=\"og:site_name\" content=\"Chemswell\" \/>\n<meta property=\"article:modified_time\" content=\"2026-03-02T11:49:44+00:00\" \/>\n<meta property=\"og:image\" content=\"https:\/\/chemswell.com\/wp-content\/uploads\/2023\/05\/Buy-Alprazolam-Powder-Online.jpg\" \/>\n\t<meta property=\"og:image:width\" content=\"220\" \/>\n\t<meta property=\"og:image:height\" content=\"267\" \/>\n\t<meta property=\"og:image:type\" content=\"image\/jpeg\" \/>\n<meta name=\"twitter:card\" content=\"summary_large_image\" \/>\n<meta name=\"twitter:label1\" content=\"Tempo estimado de leitura\" \/>\n\t<meta name=\"twitter:data1\" content=\"2 minutos\" \/>\n<!-- \/ Yoast SEO plugin. -->","yoast_head_json":{"title":"Buy Alprazolam Powder Online - Alprazolam for Sale | Chemswell","description":"Buy alprazolam powder Online, you can order quality alprazolam for sale safely from a relaible online chemical shop Chemswell. Place your order now!","robots":{"index":"index","follow":"follow","max-snippet":"max-snippet:-1","max-image-preview":"max-image-preview:large","max-video-preview":"max-video-preview:-1"},"canonical":"https:\/\/chemswell.com\/pt\/produto\/buy-alprazolam-powder-100g-online\/","og_locale":"pt_PT","og_type":"article","og_title":"Buy Alprazolam Powder Online - Alprazolam for Sale | Chemswell","og_description":"Buy alprazolam powder Online, you can order quality alprazolam for sale safely from a relaible online chemical shop Chemswell. Place your order now!","og_url":"https:\/\/chemswell.com\/pt\/produto\/buy-alprazolam-powder-100g-online\/","og_site_name":"Chemswell","article_modified_time":"2026-03-02T11:49:44+00:00","og_image":[{"width":220,"height":267,"url":"https:\/\/chemswell.com\/wp-content\/uploads\/2023\/05\/Buy-Alprazolam-Powder-Online.jpg","type":"image\/jpeg"}],"twitter_card":"summary_large_image","twitter_misc":{"Tempo estimado de leitura":"2 minutos"},"schema":{"@context":"https:\/\/schema.org","@graph":[{"@type":"WebPage","@id":"https:\/\/chemswell.com\/product\/buy-alprazolam-powder-100g-online\/","url":"https:\/\/chemswell.com\/product\/buy-alprazolam-powder-100g-online\/","name":"Buy Alprazolam Powder Online - Alprazolam for Sale | Chemswell","isPartOf":{"@id":"https:\/\/chemswell.com\/it\/#website"},"primaryImageOfPage":{"@id":"https:\/\/chemswell.com\/product\/buy-alprazolam-powder-100g-online\/#primaryimage"},"image":{"@id":"https:\/\/chemswell.com\/product\/buy-alprazolam-powder-100g-online\/#primaryimage"},"thumbnailUrl":"https:\/\/chemswell.com\/wp-content\/uploads\/2023\/05\/Buy-Alprazolam-Powder-Online.jpg","datePublished":"2023-05-29T13:12:42+00:00","dateModified":"2026-03-02T11:49:44+00:00","description":"Buy alprazolam powder Online, you can order quality alprazolam for sale safely from a relaible online chemical shop Chemswell. Place your order now!","breadcrumb":{"@id":"https:\/\/chemswell.com\/product\/buy-alprazolam-powder-100g-online\/#breadcrumb"},"inLanguage":"pt-PT","potentialAction":[{"@type":"ReadAction","target":["https:\/\/chemswell.com\/product\/buy-alprazolam-powder-100g-online\/"]}]},{"@type":"ImageObject","inLanguage":"pt-PT","@id":"https:\/\/chemswell.com\/product\/buy-alprazolam-powder-100g-online\/#primaryimage","url":"https:\/\/chemswell.com\/wp-content\/uploads\/2023\/05\/Buy-Alprazolam-Powder-Online.jpg","contentUrl":"https:\/\/chemswell.com\/wp-content\/uploads\/2023\/05\/Buy-Alprazolam-Powder-Online.jpg","width":220,"height":267,"caption":"Buy Alprazolam Powder Online"},{"@type":"BreadcrumbList","@id":"https:\/\/chemswell.com\/product\/buy-alprazolam-powder-100g-online\/#breadcrumb","itemListElement":[{"@type":"ListItem","position":1,"name":"Home","item":"https:\/\/chemswell.com\/ru\/"},{"@type":"ListItem","position":2,"name":"Shop","item":"https:\/\/chemswell.com\/ru\/%d0%bc%d0%b0%d0%b3%d0%b0%d0%b7%d0%b8%d0%bd\/"},{"@type":"ListItem","position":3,"name":"Buy Alprazolam Powder Online"}]},{"@type":"WebSite","@id":"https:\/\/chemswell.com\/it\/#website","url":"https:\/\/chemswell.com\/it\/","name":"Chemswell","description":"#1 Research Chemical Store","potentialAction":[{"@type":"SearchAction","target":{"@type":"EntryPoint","urlTemplate":"https:\/\/chemswell.com\/it\/?s={search_term_string}"},"query-input":"required name=search_term_string"}],"inLanguage":"pt-PT"}]}},"_links":{"self":[{"href":"https:\/\/chemswell.com\/pt\/wp-json\/wp\/v2\/product\/10102"}],"collection":[{"href":"https:\/\/chemswell.com\/pt\/wp-json\/wp\/v2\/product"}],"about":[{"href":"https:\/\/chemswell.com\/pt\/wp-json\/wp\/v2\/types\/product"}],"replies":[{"embeddable":true,"href":"https:\/\/chemswell.com\/pt\/wp-json\/wp\/v2\/comments?post=10102"}],"wp:featuredmedia":[{"embeddable":true,"href":"https:\/\/chemswell.com\/pt\/wp-json\/wp\/v2\/media\/10104"}],"wp:attachment":[{"href":"https:\/\/chemswell.com\/pt\/wp-json\/wp\/v2\/media?parent=10102"}],"wp:term":[{"taxonomy":"product_cat","embeddable":true,"href":"https:\/\/chemswell.com\/pt\/wp-json\/wp\/v2\/product_cat?post=10102"},{"taxonomy":"product_tag","embeddable":true,"href":"https:\/\/chemswell.com\/pt\/wp-json\/wp\/v2\/product_tag?post=10102"}],"curies":[{"name":"wp","href":"https:\/\/api.w.org\/{rel}","templated":true}]}}