{"id":10113,"date":"2023-05-29T14:42:06","date_gmt":"2023-05-29T14:42:06","guid":{"rendered":"https:\/\/chemswell.com\/?post_type=product&#038;p=10113"},"modified":"2026-02-28T10:31:37","modified_gmt":"2026-02-28T10:31:37","slug":"buy-4-cl-pvp-crystal-online","status":"publish","type":"product","link":"https:\/\/chemswell.com\/pt\/produto\/comprar-4-cl-pvp-crystal-online\/","title":{"rendered":"Comprar 4-CL-PVP Crystal online"},"content":{"rendered":"<h2>Comprar 4-CL-PVP Crystal online<\/h2>\n<p>4-CL-PVP (<a href=\"https:\/\/en.wikipedia.org\/wiki\/4-Chloro-%CE%B1-pyrrolidinovalerophenone\">4-Chloro-alpha-pyrrolidinovalerophenone<\/a>\u00e9 um produto qu\u00edmico de investiga\u00e7\u00e3o da classe das pirrolidinofenonas. \u00c9 tamb\u00e9m um an\u00e1logo cristalino da a-PVP, o que significa que os investigadores consideraram esta uma \u00f3ptima alternativa! O 4-CL-PVP produz os seus efeitos estimulantes porque \u00e9 um inibidor da recapta\u00e7\u00e3o da norepinefrina-dopamina. Relat\u00f3rios aned\u00f3ticos afirmaram que os participantes exibiram efeitos de alta energia, melhor estado de alerta e euforia.<\/p>\n<h2><b>Introdu\u00e7\u00e3o<\/b><\/h2>\n<p><span style=\"font-weight: 400;\">The presence of <\/span><a href=\"https:\/\/chemswell.com\/pt\/produto\/comprar-4-cl-pvp-crystal-online\/\"><b>4-CL-PVP Crystal<\/b><\/a><span style=\"font-weight: 400;\"> nos mercados cinzentos online levanta quest\u00f5es urgentes sobre a regulamenta\u00e7\u00e3o, a seguran\u00e7a p\u00fablica e a autonomia individual. Comercializado como um \u201cproduto qu\u00edmico de investiga\u00e7\u00e3o\u201d, o 4-CL-PVP \u00e9 um potente estimulante sint\u00e9tico com uma crescente presen\u00e7a digital \u2014 frequentemente vendido em f\u00f3runs, mercados da darknet e aplica\u00e7\u00f5es de mensagens encriptadas.<\/span><\/p>\n<p><span style=\"font-weight: 400;\">Este artigo analisa os mecanismos por detr\u00e1s da sua distribui\u00e7\u00e3o digital, as considera\u00e7\u00f5es \u00e9ticas, as responsabilidades da plataforma e as respostas pol\u00edticas numa economia descentralizada e orientada pela tecnologia da droga.<\/span><\/p>\n<h3><b>O que torna a venda do cristal 4-CL-PVP?<\/b><\/h3>\n<p>O 4-CL-PVP (4-cloro-alfa-PVP) pertence \u00e0 classe dos estimulantes catinonas, intimamente relacionada com o alfa-PVP (\u201cflakka\u201d). \u00c9 normalmente vendido em forma cristalina ou em p\u00f3 e \u00e9 conhecido pelos seus efeitos estimulantes intensos, que podem incluir euforia, aumento de energia, mas tamb\u00e9m paran\u00f3ia, alucina\u00e7\u00f5es e redosagem compulsiva.<\/p>\n<p><span style=\"font-weight: 400;\">O seu apelo de mercado \u00e9 impulsionado por:<\/span><\/p>\n<ul>\n<li style=\"font-weight: 400;\" aria-level=\"1\">Pot\u00eancia em doses baixas (por exemplo, 10\u201330 mg)<\/li>\n<li style=\"font-weight: 400;\" aria-level=\"1\">Elevado valor estimulante para uso recreativo ou de desempenho<\/li>\n<li style=\"font-weight: 400;\" aria-level=\"1\">A ambiguidade jur\u00eddica, sobretudo quando n\u00e3o programada diretamente<\/li>\n<li style=\"font-weight: 400;\" aria-level=\"1\"><span style=\"font-size: 1rem;\">Op\u00e7\u00f5es de venda em massa, geralmente dirigidas a revendedores<\/span><\/li>\n<\/ul>\n<p><span style=\"font-weight: 400;\">O facto de ser vendido sob a forma de cristal (como \u201cembalagens de 500g\u201d) sugere uma distribui\u00e7\u00e3o a n\u00edvel industrial \u2014 mesmo que os riscos para a sa\u00fade permane\u00e7am em grande parte desregulados.<\/span><\/p>\n<h3><b>Vis\u00e3o geral dos fornecedores online, f\u00f3runs e avalia\u00e7\u00f5es de utilizadores<\/b><\/h3>\n<p><span style=\"font-weight: 400;\">O 4-CL-PVP \u00e9 frequentemente vendido atrav\u00e9s de:<\/span><\/p>\n<ul>\n<li style=\"font-weight: 400;\" aria-level=\"1\">Mercados Darknet (usando o Tor)<\/li>\n<li style=\"font-weight: 400;\" aria-level=\"1\">Locais de fornecimento de produtos qu\u00edmicos com rede limpa e rotulados como \u201cn\u00e3o para consumo humano\u201d<\/li>\n<li style=\"font-weight: 400;\" aria-level=\"1\">Canais de chat encriptados (por exemplo, Telegram, Discord)<\/li>\n<li style=\"font-weight: 400;\" aria-level=\"1\">F\u00f3runs de utilizadores e sistemas de feedback, onde os compradores anteriores avaliam os fornecedores em termos de discri\u00e7\u00e3o, pot\u00eancia e servi\u00e7o ao cliente<\/li>\n<\/ul>\n<p><span style=\"font-weight: 400;\">Estas plataformas imitam os ecossistemas tradicionais de com\u00e9rcio eletr\u00f3nico \u2014 completos com promo\u00e7\u00f5es, programas de fideliza\u00e7\u00e3o e marca do fornecedor \u2014 mas sem as prote\u00e7\u00f5es legais.<\/span><\/p>\n<h3><b>Papel da criptomoeda e do anonimato<\/b><\/h3>\n<p><span style=\"font-weight: 400;\">O anonimato digital permite que estas transa\u00e7\u00f5es prosperem. Compradores e vendedores utilizam normalmente:<\/span><\/p>\n<ul>\n<li style=\"font-weight: 400;\" aria-level=\"1\">Bitcoin and monero for privacy-preserving payments<\/li>\n<li style=\"font-weight: 400;\" aria-level=\"1\">Escrow systems to reduce fraud<\/li>\n<li style=\"font-weight: 400;\" aria-level=\"1\">PGP encryption and onion-routing for communication these tools make it extremely difficult to trace transactions or identify operators, which complicates enforcement and risk mitigation.<\/li>\n<\/ul>\n<h3><b>Os indiv\u00edduos devem ter acesso a subst\u00e2ncias n\u00e3o controladas?<\/b><\/h3>\n<p><span style=\"font-weight: 400;\">Alguns defendem que o Estado n\u00e3o deve criminalizar o acesso a qualquer subst\u00e2ncia se for utilizada em privado por um adulto informado. Esta estrutura de \"liberdade cognitiva\" apoia o acesso a compostos como o 4-CL-PVP, especialmente em pequenas quantidades.<\/span><\/p>\n<p><span style=\"font-weight: 400;\">No entanto, as catinonas como a 4-CL-PVP t\u00eam sido associadas a:<\/span><\/p>\n<ul>\n<li style=\"font-weight: 400;\" aria-level=\"1\">Neurotoxicity and cardiovascular risks<\/li>\n<li style=\"font-weight: 400;\" aria-level=\"1\">Addiction-like patterns of abuse<\/li>\n<li style=\"font-weight: 400;\" aria-level=\"1\">Severe psychiatric outcomes, including delusions and violenceThis raises the ethical question: Can users truly consent to risk when information is unreliable and substances are untested?<\/li>\n<\/ul>\n<h3><b>O equil\u00edbrio entre liberdade e sa\u00fade p\u00fablica<\/b><\/h3>\n<p><span style=\"font-weight: 400;\">The challenge lies in balancing:<\/span><\/p>\n<ul>\n<li style=\"font-weight: 400;\" aria-level=\"1\">Individual freedom of choice<\/li>\n<li style=\"font-weight: 400;\" aria-level=\"1\">Access to reliable information and testing<\/li>\n<li style=\"font-weight: 400;\" aria-level=\"1\">The public health cost of untreated substance abuse or ER admissions<\/li>\n<\/ul>\n<p><span style=\"font-weight: 400;\">Eticamente, a redu\u00e7\u00e3o de danos \u2014 e n\u00e3o a proibi\u00e7\u00e3o \u2014 pode proporcionar uma abordagem mais equilibrada aos compostos que n\u00e3o fazem parte da classifica\u00e7\u00e3o tradicional.<\/span><\/p>\n<h2><b>Responsabilidade da plataforma<\/b><\/h2>\n<p><span style=\"font-weight: 400;\">Os operadores de plataformas utilizam frequentemente avisos de isen\u00e7\u00e3o de responsabilidade (por exemplo, \"N\u00e3o indicado para consumo humano\") ou alegam falta de conhecimento. No entanto, muitas plataformas:<\/span><\/p>\n<ul>\n<li style=\"font-weight: 400;\" aria-level=\"1\">Curate vendor reputations<\/li>\n<li style=\"font-weight: 400;\" aria-level=\"1\">Provide customer service features<\/li>\n<li style=\"font-weight: 400;\" aria-level=\"1\">Enable bulk purchasing (e.g., 4-CL-PVP Crystal)<\/li>\n<\/ul>\n<p><span style=\"font-weight: 400;\">Isto levanta quest\u00f5es legais e \u00e9ticas sobre a cumplicidade \u2014 especialmente quando os casos de danos ou overdose podem ser ligados a produtos vendidos atrav\u00e9s da sua infraestrutura.<\/span><\/p>\n<h3><b>Estudos de caso de desligamentos (por exemplo, cristal 4-CL-PVP)<\/b><\/h3>\n<p>Quando mercados como o Empire Market ou o AlphaBay s\u00e3o encerrados, as listagens de 4-CL-PVP e subst\u00e2ncias similares desaparecem \u2014 temporariamente. No entanto, tal como se verificou com outras catinonas:<\/p>\n<ul>\n<li>Vendors resurface under new aliases<\/li>\n<li>Markets migrate to other forums or private groups<\/li>\n<li>Prices may fluctuate briefly, but demand remains stable<\/li>\n<\/ul>\n<p><span style=\"font-weight: 400;\">This cycle of whack-a-mole enforcement has done little to curb availability long-term.<\/span><\/p>\n<h3><b>Regulamenta\u00e7\u00e3o \u00c9tica na Era do Com\u00e9rcio Descentralizado<\/b><\/h3>\n<p><span style=\"font-weight: 400;\">Instead of criminalizing end-users, policy responses could focus on:<\/span><\/p>\n<ul>\n<li style=\"font-weight: 400;\" aria-level=\"1\">Safe supply models<\/li>\n<li style=\"font-weight: 400;\" aria-level=\"1\">Research-led scheduling<span style=\"font-weight: 400;\">, not reactionary bans<\/span><\/li>\n<li style=\"font-weight: 400;\" aria-level=\"1\">Accessible drug checking services<\/li>\n<li style=\"font-weight: 400;\" aria-level=\"1\">Cross-border regulatory collaboration<\/li>\n<\/ul>\n<p>Ao reconhecer a inevitabilidade do acesso digital, os governos podem reduzir os danos e, ao mesmo tempo, preservar os direitos individuais.<\/p>\n<h3><b>Monitoriza\u00e7\u00e3o digital sem excesso de vigil\u00e2ncia<\/b><\/h3>\n<p><span style=\"font-weight: 400;\">Modern solutions include:<\/span><\/p>\n<ul>\n<li style=\"font-weight: 400;\" aria-level=\"1\">AI-powered threat detection tools<\/li>\n<li style=\"font-weight: 400;\" aria-level=\"1\">Real-time data scraping of forums<\/li>\n<li style=\"font-weight: 400;\" aria-level=\"1\">Sistemas de alerta para relat\u00f3rios de lotes t\u00f3xicos<\/li>\n<\/ul>\n<p>Mas tudo isto deve ser equilibrado com os direitos digitais \u2014 incluindo a privacidade, a liberdade de express\u00e3o e o devido processo legal.<\/p>\n<h2><b>Conclus\u00e3o: Navegando pelo Futuro da \u00c9tica Digital sobre Drogas<\/b><\/h2>\n<p>A distribui\u00e7\u00e3o online do 4-CL-PVP Crystal \u00e9 mais do que uma tend\u00eancia de drogas \u2014 \u00e9 um sintoma de um mundo descentralizado, onde o controlo, o acesso e a \u00e9tica est\u00e3o a ser renegociados em tempo real.<\/p>\n<p><span style=\"font-weight: 400;\">Estamos agora numa paisagem em que:<\/span><\/p>\n<ul>\n<li style=\"font-weight: 400;\" aria-level=\"1\">A encripta\u00e7\u00e3o protege os utilizadores<\/li>\n<li style=\"font-weight: 400;\" aria-level=\"1\">Algoritmos permitem distribui\u00e7\u00e3o em massa<\/li>\n<li style=\"font-weight: 400;\" aria-level=\"1\">A pol\u00edtica fica atr\u00e1s da inova\u00e7\u00e3o<\/li>\n<\/ul>\n<p>O futuro exige uma conversa honesta sobre liberdade, seguran\u00e7a e o tipo de sociedade digital que queremos construir.<\/p>","protected":false},"excerpt":{"rendered":"<p>Comprar 4-CL-PVP Crystal online O 4-CL-PVP (4-Cloro-alfa-pirrolidinovalerofenona) \u00e9 um produto qu\u00edmico de investiga\u00e7\u00e3o da classe das pirrolidinofenonas. \u00c9 tamb\u00e9m um an\u00e1logo cristalino de a-PVP<\/p>","protected":false},"featured_media":10114,"comment_status":"closed","ping_status":"closed","template":"","meta":{"_joinchat":[]},"product_cat":[1258,1255],"product_tag":[2594,2584,1522,2575,2579,2578,2586,2577,2587,2589,2596,2597,2595,2592,2576,2591,2588,2583,2581,2593,2590,1530,2582,2585,2580],"yoast_head":"<!-- This site is optimized with the Yoast SEO plugin v23.0 - https:\/\/yoast.com\/wordpress\/plugins\/seo\/ -->\n<title>Buy 4-CL-PVP Crystal Online - Cheap 4-Cl-PVP for Sale<\/title>\n<meta name=\"description\" content=\"Buy 4-CL-PVP Crystal online. Shop 4-cl-pvp-crystal from a reliable online 4-cl-pvp-crystal shop we offer wholesale 4-cl-pvp-crystal online with guarantee.\" \/>\n<meta name=\"robots\" content=\"index, follow, max-snippet:-1, max-image-preview:large, max-video-preview:-1\" \/>\n<link rel=\"canonical\" href=\"https:\/\/chemswell.com\/pt\/produto\/comprar-4-cl-pvp-crystal-online\/\" \/>\n<meta property=\"og:locale\" content=\"pt_PT\" \/>\n<meta property=\"og:type\" content=\"article\" \/>\n<meta property=\"og:title\" content=\"Buy 4-CL-PVP Crystal Online - Cheap 4-Cl-PVP for Sale\" \/>\n<meta property=\"og:description\" content=\"Buy 4-CL-PVP Crystal online. Shop 4-cl-pvp-crystal from a reliable online 4-cl-pvp-crystal shop we offer wholesale 4-cl-pvp-crystal online with guarantee.\" \/>\n<meta property=\"og:url\" content=\"https:\/\/chemswell.com\/pt\/produto\/comprar-4-cl-pvp-crystal-online\/\" \/>\n<meta property=\"og:site_name\" content=\"Chemswell\" \/>\n<meta property=\"article:modified_time\" content=\"2026-02-28T10:31:37+00:00\" \/>\n<meta property=\"og:image\" content=\"https:\/\/chemswell.com\/wp-content\/uploads\/2023\/05\/4-cl-pvp33.png\" \/>\n\t<meta property=\"og:image:width\" content=\"600\" \/>\n\t<meta property=\"og:image:height\" content=\"600\" \/>\n\t<meta property=\"og:image:type\" content=\"image\/png\" \/>\n<meta name=\"twitter:card\" content=\"summary_large_image\" \/>\n<meta name=\"twitter:label1\" content=\"Tempo estimado de leitura\" \/>\n\t<meta name=\"twitter:data1\" content=\"4 minutos\" \/>\n<!-- \/ Yoast SEO plugin. -->","yoast_head_json":{"title":"Buy 4-CL-PVP Crystal Online - Cheap 4-Cl-PVP for Sale","description":"Buy 4-CL-PVP Crystal online. Shop 4-cl-pvp-crystal from a reliable online 4-cl-pvp-crystal shop we offer wholesale 4-cl-pvp-crystal online with guarantee.","robots":{"index":"index","follow":"follow","max-snippet":"max-snippet:-1","max-image-preview":"max-image-preview:large","max-video-preview":"max-video-preview:-1"},"canonical":"https:\/\/chemswell.com\/pt\/produto\/comprar-4-cl-pvp-crystal-online\/","og_locale":"pt_PT","og_type":"article","og_title":"Buy 4-CL-PVP Crystal Online - Cheap 4-Cl-PVP for Sale","og_description":"Buy 4-CL-PVP Crystal online. Shop 4-cl-pvp-crystal from a reliable online 4-cl-pvp-crystal shop we offer wholesale 4-cl-pvp-crystal online with guarantee.","og_url":"https:\/\/chemswell.com\/pt\/produto\/comprar-4-cl-pvp-crystal-online\/","og_site_name":"Chemswell","article_modified_time":"2026-02-28T10:31:37+00:00","og_image":[{"width":600,"height":600,"url":"https:\/\/chemswell.com\/wp-content\/uploads\/2023\/05\/4-cl-pvp33.png","type":"image\/png"}],"twitter_card":"summary_large_image","twitter_misc":{"Tempo estimado de leitura":"4 minutos"},"schema":{"@context":"https:\/\/schema.org","@graph":[{"@type":"WebPage","@id":"https:\/\/chemswell.com\/product\/buy-4-cl-pvp-crystal-online\/","url":"https:\/\/chemswell.com\/product\/buy-4-cl-pvp-crystal-online\/","name":"Buy 4-CL-PVP Crystal Online - Cheap 4-Cl-PVP for Sale","isPartOf":{"@id":"https:\/\/chemswell.com\/it\/#website"},"primaryImageOfPage":{"@id":"https:\/\/chemswell.com\/product\/buy-4-cl-pvp-crystal-online\/#primaryimage"},"image":{"@id":"https:\/\/chemswell.com\/product\/buy-4-cl-pvp-crystal-online\/#primaryimage"},"thumbnailUrl":"https:\/\/chemswell.com\/wp-content\/uploads\/2023\/05\/4-cl-pvp33.png","datePublished":"2023-05-29T14:42:06+00:00","dateModified":"2026-02-28T10:31:37+00:00","description":"Buy 4-CL-PVP Crystal online. Shop 4-cl-pvp-crystal from a reliable online 4-cl-pvp-crystal shop we offer wholesale 4-cl-pvp-crystal online with guarantee.","breadcrumb":{"@id":"https:\/\/chemswell.com\/product\/buy-4-cl-pvp-crystal-online\/#breadcrumb"},"inLanguage":"pt-PT","potentialAction":[{"@type":"ReadAction","target":["https:\/\/chemswell.com\/product\/buy-4-cl-pvp-crystal-online\/"]}]},{"@type":"ImageObject","inLanguage":"pt-PT","@id":"https:\/\/chemswell.com\/product\/buy-4-cl-pvp-crystal-online\/#primaryimage","url":"https:\/\/chemswell.com\/wp-content\/uploads\/2023\/05\/4-cl-pvp33.png","contentUrl":"https:\/\/chemswell.com\/wp-content\/uploads\/2023\/05\/4-cl-pvp33.png","width":600,"height":600,"caption":"Buy 4-CL-PVP Crystal online"},{"@type":"BreadcrumbList","@id":"https:\/\/chemswell.com\/product\/buy-4-cl-pvp-crystal-online\/#breadcrumb","itemListElement":[{"@type":"ListItem","position":1,"name":"Home","item":"https:\/\/chemswell.com\/ru\/"},{"@type":"ListItem","position":2,"name":"Shop","item":"https:\/\/chemswell.com\/ru\/%d0%bc%d0%b0%d0%b3%d0%b0%d0%b7%d0%b8%d0%bd\/"},{"@type":"ListItem","position":3,"name":"Buy 4-CL-PVP Crystal online"}]},{"@type":"WebSite","@id":"https:\/\/chemswell.com\/it\/#website","url":"https:\/\/chemswell.com\/it\/","name":"Chemswell","description":"#1 Research Chemical Store","potentialAction":[{"@type":"SearchAction","target":{"@type":"EntryPoint","urlTemplate":"https:\/\/chemswell.com\/it\/?s={search_term_string}"},"query-input":"required name=search_term_string"}],"inLanguage":"pt-PT"}]}},"_links":{"self":[{"href":"https:\/\/chemswell.com\/pt\/wp-json\/wp\/v2\/product\/10113"}],"collection":[{"href":"https:\/\/chemswell.com\/pt\/wp-json\/wp\/v2\/product"}],"about":[{"href":"https:\/\/chemswell.com\/pt\/wp-json\/wp\/v2\/types\/product"}],"replies":[{"embeddable":true,"href":"https:\/\/chemswell.com\/pt\/wp-json\/wp\/v2\/comments?post=10113"}],"wp:featuredmedia":[{"embeddable":true,"href":"https:\/\/chemswell.com\/pt\/wp-json\/wp\/v2\/media\/10114"}],"wp:attachment":[{"href":"https:\/\/chemswell.com\/pt\/wp-json\/wp\/v2\/media?parent=10113"}],"wp:term":[{"taxonomy":"product_cat","embeddable":true,"href":"https:\/\/chemswell.com\/pt\/wp-json\/wp\/v2\/product_cat?post=10113"},{"taxonomy":"product_tag","embeddable":true,"href":"https:\/\/chemswell.com\/pt\/wp-json\/wp\/v2\/product_tag?post=10113"}],"curies":[{"name":"wp","href":"https:\/\/api.w.org\/{rel}","templated":true}]}}