{"id":10120,"date":"2023-06-01T07:28:18","date_gmt":"2023-06-01T07:28:18","guid":{"rendered":"https:\/\/chemswell.com\/?post_type=product&#038;p=10120"},"modified":"2025-01-08T08:09:51","modified_gmt":"2025-01-08T08:09:51","slug":"buy-molly-mdma-pills-pure-mdma","status":"publish","type":"product","link":"https:\/\/chemswell.com\/pt\/produto\/comprar-molly-mdma-pills-pure-mdma\/","title":{"rendered":"Compre p\u00edlulas Molly MDMA (Pure MDMA)"},"content":{"rendered":"<h2><strong>O que \u00e9 Molly\/MDMA?<\/strong><\/h2>\n<p><a href=\"https:\/\/chemswell.com\/pt\/produto\/comprar-molly-mdma-pills-pure-mdma\/\">Molly\/MDMA<\/a> tem efeitos energizantes, distorce o tempo e a percep\u00e7\u00e3o e aumenta o prazer de est\u00edmulos t\u00e1teis. Funciona como estimulante e alucin\u00f3geno. <a href=\"https:\/\/chemswell.com\/pt\/\">Chemswell<\/a><\/p>\n<p>Ajuda adolescentes e jovens adultos a se soltarem e estimular:<\/p>\n<ul>\n<li>Sexualidade, euforia, intimidade, empatia e<\/li>\n<\/ul>\n<p>O ecstasy, uma droga popular para festas, est\u00e1 dispon\u00edvel em p\u00f3 ou comprimido. Os logotipos e as cores da p\u00edlula variam.<\/p>\n<h3><strong>Como eles s\u00e3o maltratados?<\/strong><\/h3>\n<p>engolir p\u00edlulas, comprimidos e c\u00e1psulas de gel Molly. Cristal, p\u00f3 e l\u00edquido. bufado ou esmagado. fumado periodicamente.<\/p>\n<h3><strong>Que impacto eles t\u00eam no corpo?<\/strong><\/h3>\n<p>aumento da frequ\u00eancia card\u00edaca, press\u00e3o arterial, tens\u00e3o muscular, tremores, ranger de dentes, n\u00e1usea, sudorese, euforia, empatia, diminui\u00e7\u00e3o da inibi\u00e7\u00e3o, calafrios, vis\u00e3o turva, confus\u00e3o, desidrata\u00e7\u00e3o grave, problemas de sono e desejo por drogas.<\/p>\n<h3><strong>Quais s\u00e3o os efeitos disso em excesso?<\/strong><\/h3>\n<p><a href=\"https:\/\/en.wikipedia.org\/wiki\/MDMA\">MDMA<\/a> tem o potencial de afetar a capacidade do corpo de controlar a temperatura em doses excessivas. \u00c0s vezes, isso pode resultar em um aumento s\u00fabito da temperatura corporal (hipertermia), que pode causar insufici\u00eancia hep\u00e1tica, renal ou do sistema cardiovascular, aumento do c\u00e9rebro e at\u00e9 mesmo a morte. Al\u00e9m disso, o uso repetido de MDMA a curto prazo pode resultar em quantidades da droga que podem ser perigosas.<\/p>","protected":false},"excerpt":{"rendered":"<p>O que \u00e9 o Molly\/MDMA? O Molly\/MDMA tem efeitos energizantes, distorce o tempo e a perce\u00e7\u00e3o e aumenta o prazer dos est\u00edmulos t\u00e1cteis. Funciona como<\/p>","protected":false},"featured_media":10247,"comment_status":"closed","ping_status":"closed","template":"","meta":{"_joinchat":[]},"product_cat":[1260],"product_tag":[2663,2653,1522,2645,2644,2648,2647,2655,2646,2656,2658,2665,2666,2664,2661,2660,2657,2652,2650,2662,2659,1530,2651,2654,2649],"yoast_head":"<!-- This site is optimized with the Yoast SEO plugin v23.0 - https:\/\/yoast.com\/wordpress\/plugins\/seo\/ -->\n<title>Buy Molly Mdma Pills Online - Molly Mdma Pills for Sale<\/title>\n<meta name=\"description\" content=\"Get the highest quality molly mdma pills for sale at the best prices. Shop our wide range of molly mdma pills and get fast shipping Buy Now!\" \/>\n<meta name=\"robots\" content=\"index, follow, max-snippet:-1, max-image-preview:large, max-video-preview:-1\" \/>\n<link rel=\"canonical\" href=\"https:\/\/chemswell.com\/pt\/produto\/comprar-molly-mdma-pills-pure-mdma\/\" \/>\n<meta property=\"og:locale\" content=\"pt_PT\" \/>\n<meta property=\"og:type\" content=\"article\" \/>\n<meta property=\"og:title\" content=\"Buy Molly Mdma Pills Online - Molly Mdma Pills for Sale\" \/>\n<meta property=\"og:description\" content=\"Get the highest quality molly mdma pills for sale at the best prices. Shop our wide range of molly mdma pills and get fast shipping Buy Now!\" \/>\n<meta property=\"og:url\" content=\"https:\/\/chemswell.com\/pt\/produto\/comprar-molly-mdma-pills-pure-mdma\/\" \/>\n<meta property=\"og:site_name\" content=\"Chemswell\" \/>\n<meta property=\"article:modified_time\" content=\"2025-01-08T08:09:51+00:00\" \/>\n<meta property=\"og:image\" content=\"https:\/\/chemswell.com\/wp-content\/uploads\/2023\/06\/Buy-Molly-MDMA-Pills.jpg\" \/>\n\t<meta property=\"og:image:width\" content=\"600\" \/>\n\t<meta property=\"og:image:height\" content=\"600\" \/>\n\t<meta property=\"og:image:type\" content=\"image\/jpeg\" \/>\n<meta name=\"twitter:card\" content=\"summary_large_image\" \/>\n<meta name=\"twitter:label1\" content=\"Tempo estimado de leitura\" \/>\n\t<meta name=\"twitter:data1\" content=\"2 minutos\" \/>\n<!-- \/ Yoast SEO plugin. -->","yoast_head_json":{"title":"Buy Molly Mdma Pills Online - Molly Mdma Pills for Sale","description":"Get the highest quality molly mdma pills for sale at the best prices. Shop our wide range of molly mdma pills and get fast shipping Buy Now!","robots":{"index":"index","follow":"follow","max-snippet":"max-snippet:-1","max-image-preview":"max-image-preview:large","max-video-preview":"max-video-preview:-1"},"canonical":"https:\/\/chemswell.com\/pt\/produto\/comprar-molly-mdma-pills-pure-mdma\/","og_locale":"pt_PT","og_type":"article","og_title":"Buy Molly Mdma Pills Online - Molly Mdma Pills for Sale","og_description":"Get the highest quality molly mdma pills for sale at the best prices. Shop our wide range of molly mdma pills and get fast shipping Buy Now!","og_url":"https:\/\/chemswell.com\/pt\/produto\/comprar-molly-mdma-pills-pure-mdma\/","og_site_name":"Chemswell","article_modified_time":"2025-01-08T08:09:51+00:00","og_image":[{"width":600,"height":600,"url":"https:\/\/chemswell.com\/wp-content\/uploads\/2023\/06\/Buy-Molly-MDMA-Pills.jpg","type":"image\/jpeg"}],"twitter_card":"summary_large_image","twitter_misc":{"Tempo estimado de leitura":"2 minutos"},"schema":{"@context":"https:\/\/schema.org","@graph":[{"@type":"WebPage","@id":"https:\/\/chemswell.com\/product\/buy-molly-mdma-pills-pure-mdma\/","url":"https:\/\/chemswell.com\/product\/buy-molly-mdma-pills-pure-mdma\/","name":"Buy Molly Mdma Pills Online - Molly Mdma Pills for Sale","isPartOf":{"@id":"https:\/\/chemswell.com\/it\/#website"},"primaryImageOfPage":{"@id":"https:\/\/chemswell.com\/product\/buy-molly-mdma-pills-pure-mdma\/#primaryimage"},"image":{"@id":"https:\/\/chemswell.com\/product\/buy-molly-mdma-pills-pure-mdma\/#primaryimage"},"thumbnailUrl":"https:\/\/chemswell.com\/wp-content\/uploads\/2023\/06\/Buy-Molly-MDMA-Pills.jpg","datePublished":"2023-06-01T07:28:18+00:00","dateModified":"2025-01-08T08:09:51+00:00","description":"Get the highest quality molly mdma pills for sale at the best prices. Shop our wide range of molly mdma pills and get fast shipping Buy Now!","breadcrumb":{"@id":"https:\/\/chemswell.com\/product\/buy-molly-mdma-pills-pure-mdma\/#breadcrumb"},"inLanguage":"pt-PT","potentialAction":[{"@type":"ReadAction","target":["https:\/\/chemswell.com\/product\/buy-molly-mdma-pills-pure-mdma\/"]}]},{"@type":"ImageObject","inLanguage":"pt-PT","@id":"https:\/\/chemswell.com\/product\/buy-molly-mdma-pills-pure-mdma\/#primaryimage","url":"https:\/\/chemswell.com\/wp-content\/uploads\/2023\/06\/Buy-Molly-MDMA-Pills.jpg","contentUrl":"https:\/\/chemswell.com\/wp-content\/uploads\/2023\/06\/Buy-Molly-MDMA-Pills.jpg","width":600,"height":600,"caption":"Buy-Molly-MDMA-Pills"},{"@type":"BreadcrumbList","@id":"https:\/\/chemswell.com\/product\/buy-molly-mdma-pills-pure-mdma\/#breadcrumb","itemListElement":[{"@type":"ListItem","position":1,"name":"Home","item":"https:\/\/chemswell.com\/ru\/"},{"@type":"ListItem","position":2,"name":"Shop","item":"https:\/\/chemswell.com\/ru\/%d0%bc%d0%b0%d0%b3%d0%b0%d0%b7%d0%b8%d0%bd\/"},{"@type":"ListItem","position":3,"name":"Buy Molly MDMA Pills (Pure MDMA)"}]},{"@type":"WebSite","@id":"https:\/\/chemswell.com\/it\/#website","url":"https:\/\/chemswell.com\/it\/","name":"Chemswell","description":"#1 Research Chemical Store","potentialAction":[{"@type":"SearchAction","target":{"@type":"EntryPoint","urlTemplate":"https:\/\/chemswell.com\/it\/?s={search_term_string}"},"query-input":"required name=search_term_string"}],"inLanguage":"pt-PT"}]}},"_links":{"self":[{"href":"https:\/\/chemswell.com\/pt\/wp-json\/wp\/v2\/product\/10120"}],"collection":[{"href":"https:\/\/chemswell.com\/pt\/wp-json\/wp\/v2\/product"}],"about":[{"href":"https:\/\/chemswell.com\/pt\/wp-json\/wp\/v2\/types\/product"}],"replies":[{"embeddable":true,"href":"https:\/\/chemswell.com\/pt\/wp-json\/wp\/v2\/comments?post=10120"}],"wp:featuredmedia":[{"embeddable":true,"href":"https:\/\/chemswell.com\/pt\/wp-json\/wp\/v2\/media\/10247"}],"wp:attachment":[{"href":"https:\/\/chemswell.com\/pt\/wp-json\/wp\/v2\/media?parent=10120"}],"wp:term":[{"taxonomy":"product_cat","embeddable":true,"href":"https:\/\/chemswell.com\/pt\/wp-json\/wp\/v2\/product_cat?post=10120"},{"taxonomy":"product_tag","embeddable":true,"href":"https:\/\/chemswell.com\/pt\/wp-json\/wp\/v2\/product_tag?post=10120"}],"curies":[{"name":"wp","href":"https:\/\/api.w.org\/{rel}","templated":true}]}}