{"id":10207,"date":"2023-06-01T10:32:14","date_gmt":"2023-06-01T10:32:14","guid":{"rendered":"https:\/\/chemswell.com\/?post_type=product&#038;p=10207"},"modified":"2025-01-08T08:17:12","modified_gmt":"2025-01-08T08:17:12","slug":"hofmann-blotter-240%c2%b5g-lsd","status":"publish","type":"product","link":"https:\/\/chemswell.com\/pt\/produto\/hofmann-blotter-240\u00b5g-lsd\/","title":{"rendered":"Hofmann Blotter 240\u00b5g LSD"},"content":{"rendered":"<h2><strong>Como obter f\u00e1cil e secretamente Hofmann Blotter 240g LSD<\/strong><\/h2>\n<p>Obter <a href=\"https:\/\/chemswell.com\/pt\/produto\/hofmann-blotter-240\u00b5g-lsd\/\">180g de Hofmann Blotter LSD<\/a> j\u00e1 est\u00e3o dispon\u00edveis. Arte n\u00edtida e terr\u00edvel do mata-borr\u00e3o LSD. Nossos mata-borr\u00f5es s\u00e3o extremamente potentes, portanto, tenha cuidado; voc\u00ea sempre pode come\u00e7ar com meia aba. Isso \u00e9 prefer\u00edvel a exagerar. Continue lendo para aprender como usar um m\u00e9todo online r\u00e1pido e secreto. Obtenha as drogas psicod\u00e9licas de sua escolha com rapidez e seguran\u00e7a deste fornecedor on-line confi\u00e1vel, que oferece entrega r\u00e1pida apenas dos melhores mata-borr\u00e3o e pastilhas l\u00edquidas.<\/p>\n<h3><strong>Selecione o tamanho do Blotter 240ug LSD de sua escolha.<\/strong><\/h3>\n<p>Borr\u00e3o Hofmann 240\u00b5g <a href=\"https:\/\/en.wikipedia.org\/wiki\/LSD\">LSD<\/a> est\u00e1 dispon\u00edvel em uma variedade de formatos para atender \u00e0s suas necessidades exclusivas. Voc\u00ea pode comprar qualquer tipo de l\u00edquido mata-borr\u00e3o que precisar em nossa loja on-line, incluindo frascos de tamanho normal, pastilhas l\u00edquidas e mata-borr\u00f5es. D\u00ea uma olhada em nossa sele\u00e7\u00e3o e escolha o que melhor se adapta \u00e0 sua jornada psicod\u00e9lica. Voc\u00ea pode comprar com confian\u00e7a, sabendo que fabricamos todos os nossos produtos pensando no envio r\u00e1pido. <a href=\"https:\/\/chemswell.com\/pt\/\">Chemswell<\/a><\/p>\n<h3><strong>Sie haben die Wahl zwischen Menge und Sorte.<\/strong><\/h3>\n<p>Devido \u00e0s op\u00e7\u00f5es \u00e0 sua disposi\u00e7\u00e3o, a personaliza\u00e7\u00e3o \u00e9 muito flex\u00edvel ao comprar psicod\u00e9licos online. Se voc\u00ea precisa de 100 comprimidos ou 200 frascos de fluido absorvente, nossa loja online tem o que voc\u00ea precisa. Selecione a partir de uma sele\u00e7\u00e3o de Para mergulhar totalmente no mundo psicod\u00e9lico, escolha entre favoritos cl\u00e1ssicos e vers\u00f5es de ponta. Agora \u00e9 a hora de encomendar o seu Hofmann blotter 240ug e receber com rapidez e discri\u00e7\u00e3o.<\/p>\n<h4>Para um checkout seguro e para enviar seu pedido, visite a p\u00e1gina de checkout.<\/h4>\n<p>Ao adicionar as pastilhas e o l\u00edquido absorvente desejados ao carrinho de compras, voc\u00ea pode fazer seu pedido. Basta inserir suas informa\u00e7\u00f5es de pagamento em um ambiente seguro e, em seguida, sentar e relaxar enquanto seus produtos s\u00e3o entregues em sua casa em total sigilo. Se voc\u00ea solicitar um papel \u00e1cido conosco, pode ter certeza de que o receber\u00e1 rapidamente e de um varejista on-line respeit\u00e1vel.<\/p>","protected":false},"excerpt":{"rendered":"<p>Como obter f\u00e1cil e secretamente Hofmann Blotter 240g LSD Para obter 180g de Hofmann Blotter LSD est\u00e3o agora dispon\u00edveis. Crocante, terr\u00edvel<\/p>","protected":false},"featured_media":10259,"comment_status":"closed","ping_status":"closed","template":"","meta":{"_joinchat":[]},"product_cat":[1259],"product_tag":[2939,2929,1522,2921,2936,2933,2920,2923,2924,2931,2922,2932,2934,2941,2942,2940,2937,2928,2926,2938,2935,1530,2927,2930,2925],"yoast_head":"<!-- This site is optimized with the Yoast SEO plugin v23.0 - https:\/\/yoast.com\/wordpress\/plugins\/seo\/ -->\n<title>Buy Hofmann Blotter 240mg LSD Online @ Best Price | CW<\/title>\n<meta name=\"description\" content=\"Buy hofmann blotter 240mg lsd online from the #1 trusted supplier Chemswell. We offer high quality hofmann blotter 240mg isd for sale along with fast delivery. Shop now!\" \/>\n<meta name=\"robots\" content=\"index, follow, max-snippet:-1, max-image-preview:large, max-video-preview:-1\" \/>\n<link rel=\"canonical\" href=\"https:\/\/chemswell.com\/pt\/produto\/hofmann-blotter-240\u00b5g-lsd\/\" \/>\n<meta property=\"og:locale\" content=\"pt_PT\" \/>\n<meta property=\"og:type\" content=\"article\" \/>\n<meta property=\"og:title\" content=\"Buy Hofmann Blotter 240mg LSD Online @ Best Price | CW\" \/>\n<meta property=\"og:description\" content=\"Buy hofmann blotter 240mg lsd online from the #1 trusted supplier Chemswell. We offer high quality hofmann blotter 240mg isd for sale along with fast delivery. Shop now!\" \/>\n<meta property=\"og:url\" content=\"https:\/\/chemswell.com\/pt\/produto\/hofmann-blotter-240\u00b5g-lsd\/\" \/>\n<meta property=\"og:site_name\" content=\"Chemswell\" \/>\n<meta property=\"article:modified_time\" content=\"2025-01-08T08:17:12+00:00\" \/>\n<meta property=\"og:image\" content=\"https:\/\/chemswell.com\/wp-content\/uploads\/2023\/06\/Hofmann-Blotter-240\u00b5g-LSD-1.jpg\" \/>\n\t<meta property=\"og:image:width\" content=\"600\" \/>\n\t<meta property=\"og:image:height\" content=\"600\" \/>\n\t<meta property=\"og:image:type\" content=\"image\/jpeg\" \/>\n<meta name=\"twitter:card\" content=\"summary_large_image\" \/>\n<meta name=\"twitter:label1\" content=\"Tempo estimado de leitura\" \/>\n\t<meta name=\"twitter:data1\" content=\"2 minutos\" \/>\n<!-- \/ Yoast SEO plugin. -->","yoast_head_json":{"title":"Buy Hofmann Blotter 240mg LSD Online @ Best Price | CW","description":"Buy hofmann blotter 240mg lsd online from the #1 trusted supplier Chemswell. We offer high quality hofmann blotter 240mg isd for sale along with fast delivery. Shop now!","robots":{"index":"index","follow":"follow","max-snippet":"max-snippet:-1","max-image-preview":"max-image-preview:large","max-video-preview":"max-video-preview:-1"},"canonical":"https:\/\/chemswell.com\/pt\/produto\/hofmann-blotter-240\u00b5g-lsd\/","og_locale":"pt_PT","og_type":"article","og_title":"Buy Hofmann Blotter 240mg LSD Online @ Best Price | CW","og_description":"Buy hofmann blotter 240mg lsd online from the #1 trusted supplier Chemswell. We offer high quality hofmann blotter 240mg isd for sale along with fast delivery. Shop now!","og_url":"https:\/\/chemswell.com\/pt\/produto\/hofmann-blotter-240\u00b5g-lsd\/","og_site_name":"Chemswell","article_modified_time":"2025-01-08T08:17:12+00:00","og_image":[{"width":600,"height":600,"url":"https:\/\/chemswell.com\/wp-content\/uploads\/2023\/06\/Hofmann-Blotter-240\u00b5g-LSD-1.jpg","type":"image\/jpeg"}],"twitter_card":"summary_large_image","twitter_misc":{"Tempo estimado de leitura":"2 minutos"},"schema":{"@context":"https:\/\/schema.org","@graph":[{"@type":"WebPage","@id":"https:\/\/chemswell.com\/product\/hofmann-blotter-240%c2%b5g-lsd\/","url":"https:\/\/chemswell.com\/product\/hofmann-blotter-240%c2%b5g-lsd\/","name":"Buy Hofmann Blotter 240mg LSD Online @ Best Price | CW","isPartOf":{"@id":"https:\/\/chemswell.com\/it\/#website"},"primaryImageOfPage":{"@id":"https:\/\/chemswell.com\/product\/hofmann-blotter-240%c2%b5g-lsd\/#primaryimage"},"image":{"@id":"https:\/\/chemswell.com\/product\/hofmann-blotter-240%c2%b5g-lsd\/#primaryimage"},"thumbnailUrl":"https:\/\/chemswell.com\/wp-content\/uploads\/2023\/06\/Hofmann-Blotter-240\u00b5g-LSD-1.jpg","datePublished":"2023-06-01T10:32:14+00:00","dateModified":"2025-01-08T08:17:12+00:00","description":"Buy hofmann blotter 240mg lsd online from the #1 trusted supplier Chemswell. We offer high quality hofmann blotter 240mg isd for sale along with fast delivery. Shop now!","breadcrumb":{"@id":"https:\/\/chemswell.com\/product\/hofmann-blotter-240%c2%b5g-lsd\/#breadcrumb"},"inLanguage":"pt-PT","potentialAction":[{"@type":"ReadAction","target":["https:\/\/chemswell.com\/product\/hofmann-blotter-240%c2%b5g-lsd\/"]}]},{"@type":"ImageObject","inLanguage":"pt-PT","@id":"https:\/\/chemswell.com\/product\/hofmann-blotter-240%c2%b5g-lsd\/#primaryimage","url":"https:\/\/chemswell.com\/wp-content\/uploads\/2023\/06\/Hofmann-Blotter-240\u00b5g-LSD-1.jpg","contentUrl":"https:\/\/chemswell.com\/wp-content\/uploads\/2023\/06\/Hofmann-Blotter-240\u00b5g-LSD-1.jpg","width":600,"height":600,"caption":"Hofmann-Blotter-240\u00b5g-LSD"},{"@type":"BreadcrumbList","@id":"https:\/\/chemswell.com\/product\/hofmann-blotter-240%c2%b5g-lsd\/#breadcrumb","itemListElement":[{"@type":"ListItem","position":1,"name":"Home","item":"https:\/\/chemswell.com\/ru\/"},{"@type":"ListItem","position":2,"name":"Shop","item":"https:\/\/chemswell.com\/ru\/%d0%bc%d0%b0%d0%b3%d0%b0%d0%b7%d0%b8%d0%bd\/"},{"@type":"ListItem","position":3,"name":"Hofmann Blotter 240\u00b5g LSD"}]},{"@type":"WebSite","@id":"https:\/\/chemswell.com\/it\/#website","url":"https:\/\/chemswell.com\/it\/","name":"Chemswell","description":"#1 Research Chemical Store","potentialAction":[{"@type":"SearchAction","target":{"@type":"EntryPoint","urlTemplate":"https:\/\/chemswell.com\/it\/?s={search_term_string}"},"query-input":"required name=search_term_string"}],"inLanguage":"pt-PT"}]}},"_links":{"self":[{"href":"https:\/\/chemswell.com\/pt\/wp-json\/wp\/v2\/product\/10207"}],"collection":[{"href":"https:\/\/chemswell.com\/pt\/wp-json\/wp\/v2\/product"}],"about":[{"href":"https:\/\/chemswell.com\/pt\/wp-json\/wp\/v2\/types\/product"}],"replies":[{"embeddable":true,"href":"https:\/\/chemswell.com\/pt\/wp-json\/wp\/v2\/comments?post=10207"}],"wp:featuredmedia":[{"embeddable":true,"href":"https:\/\/chemswell.com\/pt\/wp-json\/wp\/v2\/media\/10259"}],"wp:attachment":[{"href":"https:\/\/chemswell.com\/pt\/wp-json\/wp\/v2\/media?parent=10207"}],"wp:term":[{"taxonomy":"product_cat","embeddable":true,"href":"https:\/\/chemswell.com\/pt\/wp-json\/wp\/v2\/product_cat?post=10207"},{"taxonomy":"product_tag","embeddable":true,"href":"https:\/\/chemswell.com\/pt\/wp-json\/wp\/v2\/product_tag?post=10207"}],"curies":[{"name":"wp","href":"https:\/\/api.w.org\/{rel}","templated":true}]}}