{"id":10229,"date":"2023-06-01T10:37:14","date_gmt":"2023-06-01T10:37:14","guid":{"rendered":"https:\/\/chemswell.com\/?post_type=product&#038;p=10229"},"modified":"2025-01-08T07:44:31","modified_gmt":"2025-01-08T07:44:31","slug":"lsd-blotter-for-sale-lysergic-acid-diethylamide","status":"publish","type":"product","link":"https:\/\/chemswell.com\/pt\/produto\/lsd-blotter-for-sale-dietilamida-do-acido-lisergico\/","title":{"rendered":"LSD blotter para venda (dietilamida do \u00e1cido lis\u00e9rgico)"},"content":{"rendered":"<h2><strong>W<\/strong><strong>O que \u00e9 LSD Blotter...?<\/strong><\/h2>\n<p>O alucinog\u00e9nio mais popular \u00e9 <a href=\"https:\/\/chemswell.com\/pt\/produto\/lsd-blotter-for-sale-dietilamida-do-acido-lisergico\/\">LSD (dietilamida do \u00e1cido D-lis\u00e9rgico)<\/a>, uma classe de subst\u00e2ncias qu\u00edmicas que afetam a consci\u00eancia da percep\u00e7\u00e3o, pensamentos e sentimentos. \u00c9 uma das subst\u00e2ncias que mais podem alterar o humor. O \u00e1cido lis\u00e9rgico, que est\u00e1 presente no ergot, um fungo que se desenvolve no centeio e outros cereais, \u00e9 usado para produzi-lo.<\/p>\n<h3><strong>O que exatamente \u00e9 LSD?<\/strong><\/h3>\n<p>O LSD \u00e9 uma droga psicod\u00e9lica potente que tem a capacidade de alterar a forma como os usu\u00e1rios veem a realidade. O humor, os sentidos e a aten\u00e7\u00e3o podem ser afetados. Al\u00e9m de crescer naturalmente no ergot, um fungo que infecta o centeio, o LSD tamb\u00e9m pode ser produzido em laborat\u00f3rio. <a href=\"https:\/\/chemswell.com\/pt\/\">Chemswell<\/a><\/p>\n<p>Os alucinog\u00e9nios cl\u00e1ssicos incluem a mescalina, a psilocibina, a ayahuasca e a <a href=\"https:\/\/en.wikipedia.org\/wiki\/LSD\">LSD<\/a>Acredita-se que estas subst\u00e2ncias psicotr\u00f3picas ou que alteram a mente atuam principalmente influenciando a serotonina, uma subst\u00e2ncia qu\u00edmica cerebral. A serotonina est\u00e1 intimamente ligada \u00e0s nossas emo\u00e7\u00f5es de contentamento, felicidade e otimismo. Muitos antidepressivos atuais atuam aumentando a quantidade de serotonina a que as c\u00e9lulas cerebrais conseguem aceder.<\/p>\n<h3><strong>Qual \u00e9 o impacto do LSD nas pessoas?<\/strong><\/h3>\n<h4>\u00a0<strong>O LSD pode produzir:<\/strong><\/h4>\n<ul>\n<li>Desacelerar ou acelerar o tempo<\/li>\n<li>alterar a forma como as pessoas se percebem<\/li>\n<li>ver cores e objetos que n\u00e3o existem<\/li>\n<li>ou alterar o tamanho e a forma das coisas<\/li>\n<li>ouvir sons ou movimentos diferentes<\/li>\n<li>que faz as pessoas felizes<\/li>\n<li>e t\u00eam ilus\u00f5es, que s\u00e3o cren\u00e7as falsas.<\/li>\n<\/ul>\n<p>&nbsp;<\/p>","protected":false},"excerpt":{"rendered":"<p>O que \u00e9 o LSD Blotter...? O alucinog\u00e9nio mais popular \u00e9 o LSD (dietilamida do \u00e1cido D-lis\u00e9rgico), uma classe de subst\u00e2ncias qu\u00edmicas que afectam a consci\u00eancia da perce\u00e7\u00e3o,<\/p>","protected":false},"featured_media":10261,"comment_status":"closed","ping_status":"closed","template":"","meta":{"_joinchat":[]},"product_cat":[1259],"product_tag":[2318,2308,1522,2300,2315,2312,2307,2299,2302,2310,2303,2301,2311,2316,2313,2320,2321,2319,2305,2317,2314,1530,2306,2309,2304],"yoast_head":"<!-- This site is optimized with the Yoast SEO plugin v23.0 - https:\/\/yoast.com\/wordpress\/plugins\/seo\/ -->\n<title>Buy Lsd Blotter (Lysergic Acid Diethylamide) Online @ Best Price<\/title>\n<meta name=\"description\" content=\"Get quality lsd blotter (lysergic acid diethylamide) from our online psychedelic drugstore. We offer the highest purity levels and guarantee fast, and secure delivery. Buy now and get discreet packaging.\" \/>\n<meta name=\"robots\" content=\"index, follow, max-snippet:-1, max-image-preview:large, max-video-preview:-1\" \/>\n<link rel=\"canonical\" href=\"https:\/\/chemswell.com\/pt\/produto\/lsd-blotter-for-sale-dietilamida-do-acido-lisergico\/\" \/>\n<meta property=\"og:locale\" content=\"pt_PT\" \/>\n<meta property=\"og:type\" content=\"article\" \/>\n<meta property=\"og:title\" content=\"Buy Lsd Blotter (Lysergic Acid Diethylamide) Online @ Best Price\" \/>\n<meta property=\"og:description\" content=\"Get quality lsd blotter (lysergic acid diethylamide) from our online psychedelic drugstore. We offer the highest purity levels and guarantee fast, and secure delivery. Buy now and get discreet packaging.\" \/>\n<meta property=\"og:url\" content=\"https:\/\/chemswell.com\/pt\/produto\/lsd-blotter-for-sale-dietilamida-do-acido-lisergico\/\" \/>\n<meta property=\"og:site_name\" content=\"Chemswell\" \/>\n<meta property=\"article:modified_time\" content=\"2025-01-08T07:44:31+00:00\" \/>\n<meta property=\"og:image\" content=\"https:\/\/chemswell.com\/wp-content\/uploads\/2023\/06\/LSD-blotter-for-sale.jpg\" \/>\n\t<meta property=\"og:image:width\" content=\"600\" \/>\n\t<meta property=\"og:image:height\" content=\"600\" \/>\n\t<meta property=\"og:image:type\" content=\"image\/jpeg\" \/>\n<meta name=\"twitter:card\" content=\"summary_large_image\" \/>\n<meta name=\"twitter:label1\" content=\"Tempo estimado de leitura\" \/>\n\t<meta name=\"twitter:data1\" content=\"2 minutos\" \/>\n<!-- \/ Yoast SEO plugin. -->","yoast_head_json":{"title":"Buy Lsd Blotter (Lysergic Acid Diethylamide) Online @ Best Price","description":"Get quality lsd blotter (lysergic acid diethylamide) from our online psychedelic drugstore. We offer the highest purity levels and guarantee fast, and secure delivery. Buy now and get discreet packaging.","robots":{"index":"index","follow":"follow","max-snippet":"max-snippet:-1","max-image-preview":"max-image-preview:large","max-video-preview":"max-video-preview:-1"},"canonical":"https:\/\/chemswell.com\/pt\/produto\/lsd-blotter-for-sale-dietilamida-do-acido-lisergico\/","og_locale":"pt_PT","og_type":"article","og_title":"Buy Lsd Blotter (Lysergic Acid Diethylamide) Online @ Best Price","og_description":"Get quality lsd blotter (lysergic acid diethylamide) from our online psychedelic drugstore. We offer the highest purity levels and guarantee fast, and secure delivery. Buy now and get discreet packaging.","og_url":"https:\/\/chemswell.com\/pt\/produto\/lsd-blotter-for-sale-dietilamida-do-acido-lisergico\/","og_site_name":"Chemswell","article_modified_time":"2025-01-08T07:44:31+00:00","og_image":[{"width":600,"height":600,"url":"https:\/\/chemswell.com\/wp-content\/uploads\/2023\/06\/LSD-blotter-for-sale.jpg","type":"image\/jpeg"}],"twitter_card":"summary_large_image","twitter_misc":{"Tempo estimado de leitura":"2 minutos"},"schema":{"@context":"https:\/\/schema.org","@graph":[{"@type":"WebPage","@id":"https:\/\/chemswell.com\/product\/lsd-blotter-for-sale-lysergic-acid-diethylamide\/","url":"https:\/\/chemswell.com\/product\/lsd-blotter-for-sale-lysergic-acid-diethylamide\/","name":"Buy Lsd Blotter (Lysergic Acid Diethylamide) Online @ Best Price","isPartOf":{"@id":"https:\/\/chemswell.com\/it\/#website"},"primaryImageOfPage":{"@id":"https:\/\/chemswell.com\/product\/lsd-blotter-for-sale-lysergic-acid-diethylamide\/#primaryimage"},"image":{"@id":"https:\/\/chemswell.com\/product\/lsd-blotter-for-sale-lysergic-acid-diethylamide\/#primaryimage"},"thumbnailUrl":"https:\/\/chemswell.com\/wp-content\/uploads\/2023\/06\/LSD-blotter-for-sale.jpg","datePublished":"2023-06-01T10:37:14+00:00","dateModified":"2025-01-08T07:44:31+00:00","description":"Get quality lsd blotter (lysergic acid diethylamide) from our online psychedelic drugstore. We offer the highest purity levels and guarantee fast, and secure delivery. Buy now and get discreet packaging.","breadcrumb":{"@id":"https:\/\/chemswell.com\/product\/lsd-blotter-for-sale-lysergic-acid-diethylamide\/#breadcrumb"},"inLanguage":"pt-PT","potentialAction":[{"@type":"ReadAction","target":["https:\/\/chemswell.com\/product\/lsd-blotter-for-sale-lysergic-acid-diethylamide\/"]}]},{"@type":"ImageObject","inLanguage":"pt-PT","@id":"https:\/\/chemswell.com\/product\/lsd-blotter-for-sale-lysergic-acid-diethylamide\/#primaryimage","url":"https:\/\/chemswell.com\/wp-content\/uploads\/2023\/06\/LSD-blotter-for-sale.jpg","contentUrl":"https:\/\/chemswell.com\/wp-content\/uploads\/2023\/06\/LSD-blotter-for-sale.jpg","width":600,"height":600,"caption":"LSD-blotter-for-sale"},{"@type":"BreadcrumbList","@id":"https:\/\/chemswell.com\/product\/lsd-blotter-for-sale-lysergic-acid-diethylamide\/#breadcrumb","itemListElement":[{"@type":"ListItem","position":1,"name":"Home","item":"https:\/\/chemswell.com\/ru\/"},{"@type":"ListItem","position":2,"name":"Shop","item":"https:\/\/chemswell.com\/ru\/%d0%bc%d0%b0%d0%b3%d0%b0%d0%b7%d0%b8%d0%bd\/"},{"@type":"ListItem","position":3,"name":"LSD blotter for Sale (Lysergic Acid Diethylamide)"}]},{"@type":"WebSite","@id":"https:\/\/chemswell.com\/it\/#website","url":"https:\/\/chemswell.com\/it\/","name":"Chemswell","description":"#1 Research Chemical Store","potentialAction":[{"@type":"SearchAction","target":{"@type":"EntryPoint","urlTemplate":"https:\/\/chemswell.com\/it\/?s={search_term_string}"},"query-input":"required name=search_term_string"}],"inLanguage":"pt-PT"}]}},"_links":{"self":[{"href":"https:\/\/chemswell.com\/pt\/wp-json\/wp\/v2\/product\/10229"}],"collection":[{"href":"https:\/\/chemswell.com\/pt\/wp-json\/wp\/v2\/product"}],"about":[{"href":"https:\/\/chemswell.com\/pt\/wp-json\/wp\/v2\/types\/product"}],"replies":[{"embeddable":true,"href":"https:\/\/chemswell.com\/pt\/wp-json\/wp\/v2\/comments?post=10229"}],"wp:featuredmedia":[{"embeddable":true,"href":"https:\/\/chemswell.com\/pt\/wp-json\/wp\/v2\/media\/10261"}],"wp:attachment":[{"href":"https:\/\/chemswell.com\/pt\/wp-json\/wp\/v2\/media?parent=10229"}],"wp:term":[{"taxonomy":"product_cat","embeddable":true,"href":"https:\/\/chemswell.com\/pt\/wp-json\/wp\/v2\/product_cat?post=10229"},{"taxonomy":"product_tag","embeddable":true,"href":"https:\/\/chemswell.com\/pt\/wp-json\/wp\/v2\/product_tag?post=10229"}],"curies":[{"name":"wp","href":"https:\/\/api.w.org\/{rel}","templated":true}]}}