{"id":10282,"date":"2023-06-02T09:09:43","date_gmt":"2023-06-02T09:09:43","guid":{"rendered":"https:\/\/chemswell.com\/?post_type=product&#038;p=10282"},"modified":"2025-07-16T05:54:24","modified_gmt":"2025-07-16T05:54:24","slug":"buy-golden-teacher-mushrooms-online","status":"publish","type":"product","link":"https:\/\/chemswell.com\/pt\/produto\/comprar-golden-teacher-mushrooms-online\/","title":{"rendered":"Compre Cogumelos Golden Teacher Online"},"content":{"rendered":"<h2>Compre Cogumelos Golden Teacher Online<\/h2>\n<p><a href=\"https:\/\/chemswell.com\/pt\/produto\/comprar-golden-teacher-mushrooms-online\/\">Compre Cogumelos Golden Teacher Online<\/a>, Ir\u00e1 adorar os Cogumelos M\u00e1gicos Golden Instructors, quer tenha ou n\u00e3o gostado dos seus instrutores quando era crian\u00e7a. Esses cogumelos s\u00e3o reverenciados como cl\u00e1ssicos com vantagens espirituais significativas. J\u00e1 existem h\u00e1 algum tempo e s\u00e3o mais apreciados do que nunca neste momento. A alcunha \"Cogumelos M\u00e1gicos dos Professores Dourados\", tamb\u00e9m conhecidos como \"Cogumelos M\u00e1gicos GT\", refere-se tanto \u00e0s coroas douradas que estes cogumelos usam como \u00e0s li\u00e7\u00f5es gentis e astutas que nos transmitem.<\/p>\n<h3><strong>Lojas online que vendem cogumelos m\u00e1gicos Golden Teachers<\/strong><\/h3>\n<p>Pode encontrar os seus pr\u00f3prios professores de magia dourada <a href=\"https:\/\/en.wikipedia.org\/wiki\/Mushroom\">Cogumelos<\/a> no 3amigos.co, agora que os cogumelos m\u00e1gicos s\u00e3o legais para comprar no Canad\u00e1. Para espalhar a maravilha e as vantagens dos cogumelos m\u00e1gicos a todos, tr\u00eas de n\u00f3s, amigos, cri\u00e1mos um dispens\u00e1rio online de can\u00e1bis medicinal. <a href=\"https:\/\/chemswell.com\/pt\/\">Chemswell<\/a><\/p>\n<p>Por serem convenientes para encomendar online e terem um sabor moderado, esses cogumelos s\u00e3o muito apreciados no Canad\u00e1. Como acontece com todos os cogumelos m\u00e1gicos, esses cogumelos s\u00e3o excelentes para fins espirituais e recreativos, mas sempre devem ser manuseados com cautela.<\/p>\n<h3><strong>Efeitos colaterais e medidas de seguran\u00e7a do Golden Teacher<\/strong><\/h3>\n<p>Quando se trata de quanto voc\u00ea deve consumir, n\u00e3o h\u00e1 uma diretriz fixa. A dose do Golden Teacher \u00e9 arbitr\u00e1ria. Sua dosagem ideal depender\u00e1 de quanto uso de cogumelo m\u00e1gico voc\u00ea teve. Tamb\u00e9m depende se voc\u00ea usa psicod\u00e9licos ou outros medicamentos. Isso tamb\u00e9m \u00e9 influenciado por sua personalidade e temperamento. Por \u00faltimo, mas n\u00e3o menos importante, quaisquer condi\u00e7\u00f5es m\u00e9dicas ter\u00e3o um grande impacto em quanto Golden Teacher \u00e9 apropriado consumir.<\/p>\n<p>Os usu\u00e1rios iniciantes s\u00e3o aconselhados a levar cogumelos m\u00e1gicos com algu\u00e9m pr\u00f3ximo, um acompanhante de viagem, se preferir, porque eles s\u00e3o muito subjetivos. Essa pessoa deve estar s\u00f3bria e pelo menos um pouco familiarizada com o uso de cogumelos. A responsabilidade de um acompanhante de turismo seria manter a companhia do novato e ficar de olho no caso de uma viagem indesejada.<\/p>\n<p>Os cogumelos m\u00e1gicos provaram ser eficazes no tratamento de algumas doen\u00e7as mentais. Isso tamb\u00e9m visa tratar a depress\u00e3o. Mas \u00e9 importante lembrar que os cogumelos m\u00e1gicos t\u00eam o poder de amplificar e trazer emo\u00e7\u00f5es espec\u00edficas. Como resultado, \u00e9 crucial utiliz\u00e1-los com cuidado em todos os momentos.<\/p>\n<p>A cultura do cogumelo m\u00e1gico \u00e9 muito misteriosa. No entanto, voc\u00ea pode transformar o m\u00e1gico em realidade acessando seu Golden Teacher com alguns cliques do mouse em seu computador. Voc\u00ea ganhar\u00e1 uma nova perspectiva sobre o que est\u00e1 ao seu redor e ter\u00e1 a oportunidade de refletir sobre si mesmo como nunca antes, gra\u00e7as ao Golden Teacher.<\/p>","protected":false},"excerpt":{"rendered":"<p>Comprar Golden Teacher Mushrooms Online Comprar Golden Teacher Mushrooms Online, Voc\u00ea vai adorar os Cogumelos M\u00e1gicos dos instrutores de ouro, quer tenha gostado ou n\u00e3o<\/p>","protected":false},"featured_media":10318,"comment_status":"closed","ping_status":"closed","template":"","meta":{"_joinchat":[]},"product_cat":[1259],"product_tag":[2410,2400,1522,2392,2391,2395,2394,2402,2393,2403,2405,2412,2413,2411,2408,2407,2404,2399,2397,2409,2406,1530,2398,2401,2396],"yoast_head":"<!-- This site is optimized with the Yoast SEO plugin v23.0 - https:\/\/yoast.com\/wordpress\/plugins\/seo\/ -->\n<title>Buy Golden Teacher Mushrooms Online at Best Rate | Chemswell<\/title>\n<meta name=\"description\" content=\"Get golden teacher mushrooms for sale online from a trusted supplier. Our products have been rigorously tested and are of the highest quality. Buy teacher mushrooms online now and get fast delivery to your doorstep.\" \/>\n<meta name=\"robots\" content=\"index, follow, max-snippet:-1, max-image-preview:large, max-video-preview:-1\" \/>\n<link rel=\"canonical\" href=\"https:\/\/chemswell.com\/pt\/produto\/comprar-golden-teacher-mushrooms-online\/\" \/>\n<meta property=\"og:locale\" content=\"pt_PT\" \/>\n<meta property=\"og:type\" content=\"article\" \/>\n<meta property=\"og:title\" content=\"Buy Golden Teacher Mushrooms Online at Best Rate | Chemswell\" \/>\n<meta property=\"og:description\" content=\"Get golden teacher mushrooms for sale online from a trusted supplier. Our products have been rigorously tested and are of the highest quality. Buy teacher mushrooms online now and get fast delivery to your doorstep.\" \/>\n<meta property=\"og:url\" content=\"https:\/\/chemswell.com\/pt\/produto\/comprar-golden-teacher-mushrooms-online\/\" \/>\n<meta property=\"og:site_name\" content=\"Chemswell\" \/>\n<meta property=\"article:modified_time\" content=\"2025-07-16T05:54:24+00:00\" \/>\n<meta property=\"og:image\" content=\"https:\/\/chemswell.com\/wp-content\/uploads\/2023\/06\/Buy-Golden-Teacher-Mushrooms-Online.jpg\" \/>\n\t<meta property=\"og:image:width\" content=\"768\" \/>\n\t<meta property=\"og:image:height\" content=\"576\" \/>\n\t<meta property=\"og:image:type\" content=\"image\/jpeg\" \/>\n<meta name=\"twitter:card\" content=\"summary_large_image\" \/>\n<meta name=\"twitter:label1\" content=\"Tempo estimado de leitura\" \/>\n\t<meta name=\"twitter:data1\" content=\"3 minutos\" \/>\n<!-- \/ Yoast SEO plugin. -->","yoast_head_json":{"title":"Buy Golden Teacher Mushrooms Online at Best Rate | Chemswell","description":"Get golden teacher mushrooms for sale online from a trusted supplier. Our products have been rigorously tested and are of the highest quality. Buy teacher mushrooms online now and get fast delivery to your doorstep.","robots":{"index":"index","follow":"follow","max-snippet":"max-snippet:-1","max-image-preview":"max-image-preview:large","max-video-preview":"max-video-preview:-1"},"canonical":"https:\/\/chemswell.com\/pt\/produto\/comprar-golden-teacher-mushrooms-online\/","og_locale":"pt_PT","og_type":"article","og_title":"Buy Golden Teacher Mushrooms Online at Best Rate | Chemswell","og_description":"Get golden teacher mushrooms for sale online from a trusted supplier. Our products have been rigorously tested and are of the highest quality. Buy teacher mushrooms online now and get fast delivery to your doorstep.","og_url":"https:\/\/chemswell.com\/pt\/produto\/comprar-golden-teacher-mushrooms-online\/","og_site_name":"Chemswell","article_modified_time":"2025-07-16T05:54:24+00:00","og_image":[{"width":768,"height":576,"url":"https:\/\/chemswell.com\/wp-content\/uploads\/2023\/06\/Buy-Golden-Teacher-Mushrooms-Online.jpg","type":"image\/jpeg"}],"twitter_card":"summary_large_image","twitter_misc":{"Tempo estimado de leitura":"3 minutos"},"schema":{"@context":"https:\/\/schema.org","@graph":[{"@type":"WebPage","@id":"https:\/\/chemswell.com\/product\/buy-golden-teacher-mushrooms-online\/","url":"https:\/\/chemswell.com\/product\/buy-golden-teacher-mushrooms-online\/","name":"Buy Golden Teacher Mushrooms Online at Best Rate | Chemswell","isPartOf":{"@id":"https:\/\/chemswell.com\/it\/#website"},"primaryImageOfPage":{"@id":"https:\/\/chemswell.com\/product\/buy-golden-teacher-mushrooms-online\/#primaryimage"},"image":{"@id":"https:\/\/chemswell.com\/product\/buy-golden-teacher-mushrooms-online\/#primaryimage"},"thumbnailUrl":"https:\/\/chemswell.com\/wp-content\/uploads\/2023\/06\/Buy-Golden-Teacher-Mushrooms-Online.jpg","datePublished":"2023-06-02T09:09:43+00:00","dateModified":"2025-07-16T05:54:24+00:00","description":"Get golden teacher mushrooms for sale online from a trusted supplier. Our products have been rigorously tested and are of the highest quality. Buy teacher mushrooms online now and get fast delivery to your doorstep.","breadcrumb":{"@id":"https:\/\/chemswell.com\/product\/buy-golden-teacher-mushrooms-online\/#breadcrumb"},"inLanguage":"pt-PT","potentialAction":[{"@type":"ReadAction","target":["https:\/\/chemswell.com\/product\/buy-golden-teacher-mushrooms-online\/"]}]},{"@type":"ImageObject","inLanguage":"pt-PT","@id":"https:\/\/chemswell.com\/product\/buy-golden-teacher-mushrooms-online\/#primaryimage","url":"https:\/\/chemswell.com\/wp-content\/uploads\/2023\/06\/Buy-Golden-Teacher-Mushrooms-Online.jpg","contentUrl":"https:\/\/chemswell.com\/wp-content\/uploads\/2023\/06\/Buy-Golden-Teacher-Mushrooms-Online.jpg","width":768,"height":576,"caption":"Buy-Golden-Teacher-Mushrooms-Online"},{"@type":"BreadcrumbList","@id":"https:\/\/chemswell.com\/product\/buy-golden-teacher-mushrooms-online\/#breadcrumb","itemListElement":[{"@type":"ListItem","position":1,"name":"Home","item":"https:\/\/chemswell.com\/ru\/"},{"@type":"ListItem","position":2,"name":"Shop","item":"https:\/\/chemswell.com\/ru\/%d0%bc%d0%b0%d0%b3%d0%b0%d0%b7%d0%b8%d0%bd\/"},{"@type":"ListItem","position":3,"name":"Buy Golden Teacher Mushrooms Online"}]},{"@type":"WebSite","@id":"https:\/\/chemswell.com\/it\/#website","url":"https:\/\/chemswell.com\/it\/","name":"Chemswell","description":"#1 Research Chemical Store","potentialAction":[{"@type":"SearchAction","target":{"@type":"EntryPoint","urlTemplate":"https:\/\/chemswell.com\/it\/?s={search_term_string}"},"query-input":"required name=search_term_string"}],"inLanguage":"pt-PT"}]}},"_links":{"self":[{"href":"https:\/\/chemswell.com\/pt\/wp-json\/wp\/v2\/product\/10282"}],"collection":[{"href":"https:\/\/chemswell.com\/pt\/wp-json\/wp\/v2\/product"}],"about":[{"href":"https:\/\/chemswell.com\/pt\/wp-json\/wp\/v2\/types\/product"}],"replies":[{"embeddable":true,"href":"https:\/\/chemswell.com\/pt\/wp-json\/wp\/v2\/comments?post=10282"}],"wp:featuredmedia":[{"embeddable":true,"href":"https:\/\/chemswell.com\/pt\/wp-json\/wp\/v2\/media\/10318"}],"wp:attachment":[{"href":"https:\/\/chemswell.com\/pt\/wp-json\/wp\/v2\/media?parent=10282"}],"wp:term":[{"taxonomy":"product_cat","embeddable":true,"href":"https:\/\/chemswell.com\/pt\/wp-json\/wp\/v2\/product_cat?post=10282"},{"taxonomy":"product_tag","embeddable":true,"href":"https:\/\/chemswell.com\/pt\/wp-json\/wp\/v2\/product_tag?post=10282"}],"curies":[{"name":"wp","href":"https:\/\/api.w.org\/{rel}","templated":true}]}}