{"id":10284,"date":"2023-06-02T09:09:49","date_gmt":"2023-06-02T09:09:49","guid":{"rendered":"https:\/\/chemswell.com\/?post_type=product&#038;p=10284"},"modified":"2026-03-05T10:29:59","modified_gmt":"2026-03-05T10:29:59","slug":"buy-liberty-caps-mushrooms-online","status":"publish","type":"product","link":"https:\/\/chemswell.com\/pt\/produto\/comprar-liberty-caps-mushrooms-online\/","title":{"rendered":"Comprar Cogumelos Liberty Caps Online"},"content":{"rendered":"<h2><strong>Comprar liberty caps online<\/strong><\/h2>\n<p><a href=\"https:\/\/chemswell.com\/pt\/produto\/comprar-liberty-caps-mushrooms-online\/\"><strong>Bon\u00e9s Liberty<\/strong><\/a>\u00a0\u00e9 um cogumelo psicad\u00e9lico que cont\u00e9m as subst\u00e2ncias psicoactivas e<\/p>\n<p>compostos de psilocibina.<\/p>\n<p>A sua forma varia entre o c\u00f3nico acentuado e a forma de sino.<\/p>\n<p>Quando o gorro est\u00e1 seco, torna-se muito mais p\u00e1lido, com uma cor castanha-amarelada clara. \u00c9 tamb\u00e9m chamado de mushies m\u00e1gico. <a href=\"https:\/\/chemswell.com\/pt\/\">Chemswell<\/a><\/p>\n<p>O Liberty caps \u00e9 um cogumelo m\u00e1gico com uma longa pot\u00eancia e efeitos de trope\u00e7ar - cogumelos m\u00e1gicos para venda<\/p>\n<p>Comprar Liberty Caps - Aprenda a secar Liberty caps - como encontrar liberty caps - Comprar cogumelo m\u00e1gico<\/p>\n<h3><strong>O QUE S\u00c3O Cogumelos LIBERTY CAPS?<\/strong><\/h3>\n<p>A magia <a href=\"https:\/\/en.wikipedia.org\/wiki\/Mushroom\">cogumelo<\/a> A esp\u00e9cie de cogumelo m\u00e1gico conhecida como Psilocybe semilanceata, vulgarmente designada por chap\u00e9u da liberdade, cont\u00e9m os alucinog\u00e9nios psilocibina e psilocina.<\/p>\n<p>S\u00e3o os cogumelos m\u00e1gicos mais conhecidos, poderosos e acess\u00edveis do mundo. Aprende onde obter os liberty caps, como os secar e onde comprar cogumelos m\u00e1gicos.<\/p>\n<p>Liberty Caps, Blue Leg, Meditationspilz, Magic Mushrooms, Narrenschwamm, Paddlestool, Pixie Caps, Psilo, Schwammerl, Shrooms, Witch Cap e Zwergenhut s\u00e3o alguns dos nomes comuns do Psilocybe semilanceata.<\/p>\n<p>O melhor s\u00edtio para comprar cogumelos m\u00e1gicos \u00e9 durante a excurs\u00e3o do bon\u00e9 da liberdade, onde tamb\u00e9m se podem comprar bon\u00e9s da liberdade.<\/p>\n<h3><strong>UTILIZA\u00c7\u00c3O DE CAPS LIBERTY Cogumelos<\/strong><\/h3>\n<p>Para obteres melhores resultados, deves tomar as c\u00e1psulas Liberty com o est\u00f4mago vazio.<\/p>\n<p>Os cogumelos m\u00e1gicos podem ser mastigados e depois engolidos.<\/p>\n<p>O corpo absorve os qu\u00edmicos psicoactivos mais eficazmente quanto mais tempo se mastiga. Infelizmente, o sabor n\u00e3o \u00e9 muito bom. Comprar cogumelos m\u00e1gicos - Onde comprar liberty caps?<\/p>\n<p>Por esta raz\u00e3o, fazer ch\u00e1 de cogumelos tamb\u00e9m \u00e9 uma op\u00e7\u00e3o. Comprar Liberty Caps em Portugal<\/p>\n<p>Devem ser divididos em pequenos peda\u00e7os e mergulhados em \u00e1gua a ferver.<\/p>\n<p>A psilocibina ser\u00e1 destru\u00edda se a \u00e1gua ferver, o que deve ser evitado. Para deixar o ch\u00e1 em infus\u00e3o o mais suavemente poss\u00edvel, podes colocar o bule numa placa quente.<\/p>\n<p>Consumir o ch\u00e1 juntamente com os fragmentos de cogumelos m\u00e1gicos.<\/p>\n<p>A psilocibina \u00e0 base de \u00e1gua do ch\u00e1 de cogumelos pode ser transformada em psilocina com a adi\u00e7\u00e3o de sumo de lim\u00e3o suficiente. Comprar Liberty Caps no Reino Unido<\/p>\n<p>Como j\u00e1 foi dito, a psilocina \u00e9 o que causa o efeito psicad\u00e9lico.<\/p>\n<p>Por conseguinte, o sumo de lim\u00e3o garante um in\u00edcio mais r\u00e1pido da sua viagem.<\/p>\n<p>Como b\u00f3nus, tamb\u00e9m ter\u00e1 menos dores de est\u00f4mago. Compra cogumelos m\u00e1gicos e c\u00e1psulas da liberdade.<\/p>\n<p>Pesquisas relacionadas Encomendar Liberty caps online, comprar cogumelos, comprar psilocibina online, comprar kits de cogumelos psilocibina e comprar psilocibo semilanceata.<\/p>","protected":false},"excerpt":{"rendered":"<p>Comprar liberty caps online Liberty Caps \u00e9 um cogumelo psicad\u00e9lico que cont\u00e9m os compostos psicoactivos e psilocibina. A sua forma varia de c\u00f3nica acentuada a<\/p>","protected":false},"featured_media":10320,"comment_status":"closed","ping_status":"closed","template":"","meta":{"_joinchat":[]},"product_cat":[1259],"product_tag":[2456,2446,1522,2438,2437,2441,2440,2448,2439,2449,2451,2458,2459,2457,2454,2453,2450,2445,2443,2455,2452,1530,2444,2447,2442],"yoast_head":"<!-- This site is optimized with the Yoast SEO plugin v23.0 - https:\/\/yoast.com\/wordpress\/plugins\/seo\/ -->\n<title>Buy Liberty Caps Mushrooms Online at Best Price | CW<\/title>\n<meta name=\"description\" content=\"Get the highest quality liberty caps mushrooms for sale available online at best price. Our liberty caps mushrooms is lab tested and certified for purity, potency, and quality. Buy now!\" \/>\n<meta name=\"robots\" content=\"index, follow, max-snippet:-1, max-image-preview:large, max-video-preview:-1\" \/>\n<link rel=\"canonical\" href=\"https:\/\/chemswell.com\/pt\/produto\/comprar-liberty-caps-mushrooms-online\/\" \/>\n<meta property=\"og:locale\" content=\"pt_PT\" \/>\n<meta property=\"og:type\" content=\"article\" \/>\n<meta property=\"og:title\" content=\"Buy Liberty Caps Mushrooms Online at Best Price | CW\" \/>\n<meta property=\"og:description\" content=\"Get the highest quality liberty caps mushrooms for sale available online at best price. Our liberty caps mushrooms is lab tested and certified for purity, potency, and quality. Buy now!\" \/>\n<meta property=\"og:url\" content=\"https:\/\/chemswell.com\/pt\/produto\/comprar-liberty-caps-mushrooms-online\/\" \/>\n<meta property=\"og:site_name\" content=\"Chemswell\" \/>\n<meta property=\"article:modified_time\" content=\"2026-03-05T10:29:59+00:00\" \/>\n<meta property=\"og:image\" content=\"https:\/\/chemswell.com\/wp-content\/uploads\/2023\/06\/Liberty-Caps-Mushrooms-.jpg\" \/>\n\t<meta property=\"og:image:width\" content=\"714\" \/>\n\t<meta property=\"og:image:height\" content=\"951\" \/>\n\t<meta property=\"og:image:type\" content=\"image\/jpeg\" \/>\n<meta name=\"twitter:card\" content=\"summary_large_image\" \/>\n<meta name=\"twitter:label1\" content=\"Tempo estimado de leitura\" \/>\n\t<meta name=\"twitter:data1\" content=\"2 minutos\" \/>\n<!-- \/ Yoast SEO plugin. -->","yoast_head_json":{"title":"Buy Liberty Caps Mushrooms Online at Best Price | CW","description":"Get the highest quality liberty caps mushrooms for sale available online at best price. Our liberty caps mushrooms is lab tested and certified for purity, potency, and quality. Buy now!","robots":{"index":"index","follow":"follow","max-snippet":"max-snippet:-1","max-image-preview":"max-image-preview:large","max-video-preview":"max-video-preview:-1"},"canonical":"https:\/\/chemswell.com\/pt\/produto\/comprar-liberty-caps-mushrooms-online\/","og_locale":"pt_PT","og_type":"article","og_title":"Buy Liberty Caps Mushrooms Online at Best Price | CW","og_description":"Get the highest quality liberty caps mushrooms for sale available online at best price. Our liberty caps mushrooms is lab tested and certified for purity, potency, and quality. Buy now!","og_url":"https:\/\/chemswell.com\/pt\/produto\/comprar-liberty-caps-mushrooms-online\/","og_site_name":"Chemswell","article_modified_time":"2026-03-05T10:29:59+00:00","og_image":[{"width":714,"height":951,"url":"https:\/\/chemswell.com\/wp-content\/uploads\/2023\/06\/Liberty-Caps-Mushrooms-.jpg","type":"image\/jpeg"}],"twitter_card":"summary_large_image","twitter_misc":{"Tempo estimado de leitura":"2 minutos"},"schema":{"@context":"https:\/\/schema.org","@graph":[{"@type":"WebPage","@id":"https:\/\/chemswell.com\/product\/buy-liberty-caps-mushrooms-online\/","url":"https:\/\/chemswell.com\/product\/buy-liberty-caps-mushrooms-online\/","name":"Buy Liberty Caps Mushrooms Online at Best Price | CW","isPartOf":{"@id":"https:\/\/chemswell.com\/it\/#website"},"primaryImageOfPage":{"@id":"https:\/\/chemswell.com\/product\/buy-liberty-caps-mushrooms-online\/#primaryimage"},"image":{"@id":"https:\/\/chemswell.com\/product\/buy-liberty-caps-mushrooms-online\/#primaryimage"},"thumbnailUrl":"https:\/\/chemswell.com\/wp-content\/uploads\/2023\/06\/Liberty-Caps-Mushrooms-.jpg","datePublished":"2023-06-02T09:09:49+00:00","dateModified":"2026-03-05T10:29:59+00:00","description":"Get the highest quality liberty caps mushrooms for sale available online at best price. Our liberty caps mushrooms is lab tested and certified for purity, potency, and quality. Buy now!","breadcrumb":{"@id":"https:\/\/chemswell.com\/product\/buy-liberty-caps-mushrooms-online\/#breadcrumb"},"inLanguage":"pt-PT","potentialAction":[{"@type":"ReadAction","target":["https:\/\/chemswell.com\/product\/buy-liberty-caps-mushrooms-online\/"]}]},{"@type":"ImageObject","inLanguage":"pt-PT","@id":"https:\/\/chemswell.com\/product\/buy-liberty-caps-mushrooms-online\/#primaryimage","url":"https:\/\/chemswell.com\/wp-content\/uploads\/2023\/06\/Liberty-Caps-Mushrooms-.jpg","contentUrl":"https:\/\/chemswell.com\/wp-content\/uploads\/2023\/06\/Liberty-Caps-Mushrooms-.jpg","width":714,"height":951,"caption":"Liberty-Caps-Mushrooms-"},{"@type":"BreadcrumbList","@id":"https:\/\/chemswell.com\/product\/buy-liberty-caps-mushrooms-online\/#breadcrumb","itemListElement":[{"@type":"ListItem","position":1,"name":"Home","item":"https:\/\/chemswell.com\/ru\/"},{"@type":"ListItem","position":2,"name":"Shop","item":"https:\/\/chemswell.com\/ru\/%d0%bc%d0%b0%d0%b3%d0%b0%d0%b7%d0%b8%d0%bd\/"},{"@type":"ListItem","position":3,"name":"Buy Liberty Caps Mushrooms Online"}]},{"@type":"WebSite","@id":"https:\/\/chemswell.com\/it\/#website","url":"https:\/\/chemswell.com\/it\/","name":"Chemswell","description":"#1 Research Chemical Store","potentialAction":[{"@type":"SearchAction","target":{"@type":"EntryPoint","urlTemplate":"https:\/\/chemswell.com\/it\/?s={search_term_string}"},"query-input":"required name=search_term_string"}],"inLanguage":"pt-PT"}]}},"_links":{"self":[{"href":"https:\/\/chemswell.com\/pt\/wp-json\/wp\/v2\/product\/10284"}],"collection":[{"href":"https:\/\/chemswell.com\/pt\/wp-json\/wp\/v2\/product"}],"about":[{"href":"https:\/\/chemswell.com\/pt\/wp-json\/wp\/v2\/types\/product"}],"replies":[{"embeddable":true,"href":"https:\/\/chemswell.com\/pt\/wp-json\/wp\/v2\/comments?post=10284"}],"wp:featuredmedia":[{"embeddable":true,"href":"https:\/\/chemswell.com\/pt\/wp-json\/wp\/v2\/media\/10320"}],"wp:attachment":[{"href":"https:\/\/chemswell.com\/pt\/wp-json\/wp\/v2\/media?parent=10284"}],"wp:term":[{"taxonomy":"product_cat","embeddable":true,"href":"https:\/\/chemswell.com\/pt\/wp-json\/wp\/v2\/product_cat?post=10284"},{"taxonomy":"product_tag","embeddable":true,"href":"https:\/\/chemswell.com\/pt\/wp-json\/wp\/v2\/product_tag?post=10284"}],"curies":[{"name":"wp","href":"https:\/\/api.w.org\/{rel}","templated":true}]}}