{"id":10285,"date":"2023-06-02T09:09:51","date_gmt":"2023-06-02T09:09:51","guid":{"rendered":"https:\/\/chemswell.com\/?post_type=product&#038;p=10285"},"modified":"2025-01-08T07:47:55","modified_gmt":"2025-01-08T07:47:55","slug":"buy-lsd-300ug-online","status":"publish","type":"product","link":"https:\/\/chemswell.com\/pt\/produto\/comprar-lsd-300ug-online\/","title":{"rendered":"Comprar LSD 300ug Online"},"content":{"rendered":"<h2><strong>Comprar Lsd 300ug online<\/strong><\/h2>\n<p><a href=\"https:\/\/chemswell.com\/pt\/produto\/comprar-lsd-300ug-online\/\">Comprar Lsd Data 300ug online<\/a><strong style=\"font-size: 1.28571rem;\">, <\/strong>do National Household Survey on Drug Abuse mostram que pessoas de todas as idades consomem D.O.J. Lsd 300ug, estimando-se que 20,2 milh\u00f5es de americanos o fa\u00e7am.<\/p>\n<p>O consumo de LSD era predominante entre as pessoas com 12 ou mais anos de idade na zona.<\/p>\n<p>De acordo com a sondagem, 4,5 milh\u00f5es de pessoas com idades compreendidas entre os 18 e os 25 anos e 742 000 pessoas com idades compreendidas entre os 12 e os 17 anos declararam ter consumido <a href=\"https:\/\/en.wikipedia.org\/wiki\/LSD\">LSD<\/a> pelo menos uma vez cada.<\/p>\n<p>Os alunos do ensino secund\u00e1rio que consomem LSD 300ug s\u00e3o particularmente preocupantes. De acordo com o inqu\u00e9rito Monitoring the Future da Universidade de Michigan, cerca de 4% dos finalistas do ensino secund\u00e1rio nos Estados Unidos consumiram a subst\u00e2ncia no ano anterior e mais de 8% consumiram-na pelo menos uma vez na <a href=\"https:\/\/chemswell.com\/pt\/\">Chemswell<\/a><\/p>\n<h3>Que perigos existem?<\/h3>\n<p>O consumo de LSD tem efeitos secund\u00e1rios imprevis\u00edveis que variam consoante a dosagem, o ambiente em que \u00e9 utilizado, a personalidade, o humor e as expectativas do utilizador. Enquanto alguns utilizadores de LSD relatam pensamentos depressivos de perda de controlo, enlouquecimento ou morte, outros relatam uma sensa\u00e7\u00e3o deprimente de desespero. Sob a influ\u00eancia do LSD, alguns utilizadores sofreram acidentes mortais.<\/p>\n<p>Os flashbacks s\u00e3o comuns entre os utilizadores de LSD, em que certos elementos da sua experi\u00eancia com LSD voltam a ocorrer mesmo depois de terem deixado de consumir a droga. Os utilizadores de Lsd Data 300ug online podem tamb\u00e9m sentir tristeza grave ou psicoses de longa dura\u00e7\u00e3o como a esquizofrenia.<\/p>\n<p>O LSD Comprar Lsd Data 300ug online n\u00e3o \u00e9 considerado uma subst\u00e2ncia que causa depend\u00eancia, uma vez que, ao contr\u00e1rio da coca\u00edna, da hero\u00edna e da metanfetamina, n\u00e3o provoca um comportamento compulsivo de procura de droga. No entanto, os consumidores de LSD podem tornar-se tolerantes \u00e0 droga, o que significa que ter\u00e3o de tomar doses progressivamente mais elevadas da droga para obterem os efeitos alucinog\u00e9nios desejados.<\/p>","protected":false},"excerpt":{"rendered":"<p>Buy\u00a0 Lsd 300ug online Buy Lsd Data 300ug online, from the National Household Survey on Drug Abuse show that people of all<\/p>","protected":false},"featured_media":10321,"comment_status":"closed","ping_status":"closed","template":"","meta":{"_joinchat":[]},"product_cat":[1259],"product_tag":[2479,2469,1522,2461,2460,2464,2463,2471,2462,2472,2474,2481,2482,2480,2477,2476,2473,2468,2466,2478,2475,1530,2467,2470,2465],"yoast_head":"<!-- This site is optimized with the Yoast SEO plugin v23.0 - https:\/\/yoast.com\/wordpress\/plugins\/seo\/ -->\n<title>Buy Isd 300ug Online - Isd 300ug for Sale - Order Isd 300ug Online<\/title>\n<meta name=\"description\" content=\"Get your hands on the best quality lsd 300ug for sale online at competitive prices. We offer a wide range of products that are sourced from some of the most trusted and reliable suppliers around the world. Buy now!\" \/>\n<meta name=\"robots\" content=\"index, follow, max-snippet:-1, max-image-preview:large, max-video-preview:-1\" \/>\n<link rel=\"canonical\" href=\"https:\/\/chemswell.com\/pt\/produto\/comprar-lsd-300ug-online\/\" \/>\n<meta property=\"og:locale\" content=\"pt_PT\" \/>\n<meta property=\"og:type\" content=\"article\" \/>\n<meta property=\"og:title\" content=\"Buy Isd 300ug Online - Isd 300ug for Sale - Order Isd 300ug Online\" \/>\n<meta property=\"og:description\" content=\"Get your hands on the best quality lsd 300ug for sale online at competitive prices. We offer a wide range of products that are sourced from some of the most trusted and reliable suppliers around the world. Buy now!\" \/>\n<meta property=\"og:url\" content=\"https:\/\/chemswell.com\/pt\/produto\/comprar-lsd-300ug-online\/\" \/>\n<meta property=\"og:site_name\" content=\"Chemswell\" \/>\n<meta property=\"article:modified_time\" content=\"2025-01-08T07:47:55+00:00\" \/>\n<meta property=\"og:image\" content=\"https:\/\/chemswell.com\/wp-content\/uploads\/2023\/06\/buy-lsd-300-ug-online-300x225-1.jpg\" \/>\n\t<meta property=\"og:image:width\" content=\"300\" \/>\n\t<meta property=\"og:image:height\" content=\"225\" \/>\n\t<meta property=\"og:image:type\" content=\"image\/jpeg\" \/>\n<meta name=\"twitter:card\" content=\"summary_large_image\" \/>\n<meta name=\"twitter:label1\" content=\"Tempo estimado de leitura\" \/>\n\t<meta name=\"twitter:data1\" content=\"2 minutos\" \/>\n<!-- \/ Yoast SEO plugin. -->","yoast_head_json":{"title":"Buy Isd 300ug Online - Isd 300ug for Sale - Order Isd 300ug Online","description":"Get your hands on the best quality lsd 300ug for sale online at competitive prices. We offer a wide range of products that are sourced from some of the most trusted and reliable suppliers around the world. Buy now!","robots":{"index":"index","follow":"follow","max-snippet":"max-snippet:-1","max-image-preview":"max-image-preview:large","max-video-preview":"max-video-preview:-1"},"canonical":"https:\/\/chemswell.com\/pt\/produto\/comprar-lsd-300ug-online\/","og_locale":"pt_PT","og_type":"article","og_title":"Buy Isd 300ug Online - Isd 300ug for Sale - Order Isd 300ug Online","og_description":"Get your hands on the best quality lsd 300ug for sale online at competitive prices. We offer a wide range of products that are sourced from some of the most trusted and reliable suppliers around the world. Buy now!","og_url":"https:\/\/chemswell.com\/pt\/produto\/comprar-lsd-300ug-online\/","og_site_name":"Chemswell","article_modified_time":"2025-01-08T07:47:55+00:00","og_image":[{"width":300,"height":225,"url":"https:\/\/chemswell.com\/wp-content\/uploads\/2023\/06\/buy-lsd-300-ug-online-300x225-1.jpg","type":"image\/jpeg"}],"twitter_card":"summary_large_image","twitter_misc":{"Tempo estimado de leitura":"2 minutos"},"schema":{"@context":"https:\/\/schema.org","@graph":[{"@type":"WebPage","@id":"https:\/\/chemswell.com\/product\/buy-lsd-300ug-online\/","url":"https:\/\/chemswell.com\/product\/buy-lsd-300ug-online\/","name":"Buy Isd 300ug Online - Isd 300ug for Sale - Order Isd 300ug Online","isPartOf":{"@id":"https:\/\/chemswell.com\/it\/#website"},"primaryImageOfPage":{"@id":"https:\/\/chemswell.com\/product\/buy-lsd-300ug-online\/#primaryimage"},"image":{"@id":"https:\/\/chemswell.com\/product\/buy-lsd-300ug-online\/#primaryimage"},"thumbnailUrl":"https:\/\/chemswell.com\/wp-content\/uploads\/2023\/06\/buy-lsd-300-ug-online-300x225-1.jpg","datePublished":"2023-06-02T09:09:51+00:00","dateModified":"2025-01-08T07:47:55+00:00","description":"Get your hands on the best quality lsd 300ug for sale online at competitive prices. We offer a wide range of products that are sourced from some of the most trusted and reliable suppliers around the world. Buy now!","breadcrumb":{"@id":"https:\/\/chemswell.com\/product\/buy-lsd-300ug-online\/#breadcrumb"},"inLanguage":"pt-PT","potentialAction":[{"@type":"ReadAction","target":["https:\/\/chemswell.com\/product\/buy-lsd-300ug-online\/"]}]},{"@type":"ImageObject","inLanguage":"pt-PT","@id":"https:\/\/chemswell.com\/product\/buy-lsd-300ug-online\/#primaryimage","url":"https:\/\/chemswell.com\/wp-content\/uploads\/2023\/06\/buy-lsd-300-ug-online-300x225-1.jpg","contentUrl":"https:\/\/chemswell.com\/wp-content\/uploads\/2023\/06\/buy-lsd-300-ug-online-300x225-1.jpg","width":300,"height":225,"caption":"buy-lsd-300-ug-online-300x225-1"},{"@type":"BreadcrumbList","@id":"https:\/\/chemswell.com\/product\/buy-lsd-300ug-online\/#breadcrumb","itemListElement":[{"@type":"ListItem","position":1,"name":"Home","item":"https:\/\/chemswell.com\/ru\/"},{"@type":"ListItem","position":2,"name":"Shop","item":"https:\/\/chemswell.com\/ru\/%d0%bc%d0%b0%d0%b3%d0%b0%d0%b7%d0%b8%d0%bd\/"},{"@type":"ListItem","position":3,"name":"Buy LSD 300ug Online"}]},{"@type":"WebSite","@id":"https:\/\/chemswell.com\/it\/#website","url":"https:\/\/chemswell.com\/it\/","name":"Chemswell","description":"#1 Research Chemical Store","potentialAction":[{"@type":"SearchAction","target":{"@type":"EntryPoint","urlTemplate":"https:\/\/chemswell.com\/it\/?s={search_term_string}"},"query-input":"required name=search_term_string"}],"inLanguage":"pt-PT"}]}},"_links":{"self":[{"href":"https:\/\/chemswell.com\/pt\/wp-json\/wp\/v2\/product\/10285"}],"collection":[{"href":"https:\/\/chemswell.com\/pt\/wp-json\/wp\/v2\/product"}],"about":[{"href":"https:\/\/chemswell.com\/pt\/wp-json\/wp\/v2\/types\/product"}],"replies":[{"embeddable":true,"href":"https:\/\/chemswell.com\/pt\/wp-json\/wp\/v2\/comments?post=10285"}],"wp:featuredmedia":[{"embeddable":true,"href":"https:\/\/chemswell.com\/pt\/wp-json\/wp\/v2\/media\/10321"}],"wp:attachment":[{"href":"https:\/\/chemswell.com\/pt\/wp-json\/wp\/v2\/media?parent=10285"}],"wp:term":[{"taxonomy":"product_cat","embeddable":true,"href":"https:\/\/chemswell.com\/pt\/wp-json\/wp\/v2\/product_cat?post=10285"},{"taxonomy":"product_tag","embeddable":true,"href":"https:\/\/chemswell.com\/pt\/wp-json\/wp\/v2\/product_tag?post=10285"}],"curies":[{"name":"wp","href":"https:\/\/api.w.org\/{rel}","templated":true}]}}