{"id":10407,"date":"2023-06-02T10:28:21","date_gmt":"2023-06-02T10:28:21","guid":{"rendered":"https:\/\/chemswell.com\/?post_type=product&#038;p=10407"},"modified":"2026-04-23T09:31:36","modified_gmt":"2026-04-23T09:31:36","slug":"buy-mdma-pills","status":"publish","type":"product","link":"https:\/\/chemswell.com\/pt\/produto\/comprar-mdma-pills\/","title":{"rendered":"Compre p\u00edlulas de MDMA"},"content":{"rendered":"<h2><strong>Compre p\u00edlulas leg\u00edtimas de ecstasy on-line<\/strong><\/h2>\n<p>As p\u00edlulas de ecstasy, por vezes chamadas de <a href=\"https:\/\/chemswell.com\/pt\/produto\/comprar-mdma-pills\/\">MDMA<\/a>, Malcolm X, bombas eletr\u00f4nicas, rolinhos de ovo e outros nomes de rua, s\u00e3o drogas psicoativas normalmente usadas para fins recreativos. Os resultados desejados incluem maior vitalidade, empatia e prazer, bem como sentimentos alterados.<\/p>\n<p>Todos estes efeitos negativos s\u00e3o vivenciados por <a href=\"https:\/\/en.wikipedia.org\/wiki\/MDMA\">MDMA<\/a> , mas eles n\u00e3o conseguem parar de usar a droga. Na verdade, os usu\u00e1rios de MDMA valorizam seus fornecedores de ecstasy ainda mais do que suas refei\u00e7\u00f5es, j\u00e1 que est\u00e3o t\u00e3o pr\u00f3ximos deles.<\/p>\n<p>Semelhante \u00e0 medica\u00e7\u00e3o oral Adderall, o uso de p\u00edlulas de ecstasy est\u00e1 aumentando constantemente ao longo do tempo. Os efeitos quando tomados por via oral come\u00e7am em 30-45 minutos e permanecem por 3-6 horas. A subst\u00e2ncia sint\u00e9tica MDMA afeta o humor e a perspectiva. Ele compartilha semelhan\u00e7as qu\u00edmicas com estimulantes e alucin\u00f3genos, produzindo sensa\u00e7\u00f5es de aumento de energia, prazer, distor\u00e7\u00e3o sensorial e percep\u00e7\u00e3o do tempo.<\/p>\n<p>As primeiras p\u00edlulas de ecstasy foram criadas por Marc em 1912. A partir da d\u00e9cada de 1970, foi usada para aprimorar a psicoterapia e, na d\u00e9cada de 1980, ganhou popularidade como droga de rua. Atualmente, o MDMA afeta uma gama mais ampla de pessoas que se referem \u00e0 droga com mais frequ\u00eancia como Ecstasy ou Molly Powder. A droga j\u00e1 foi amplamente usada na cena noturna, em boates noturnas e durante divertidos bailes de m\u00e1scaras.<\/p>\n<p>As p\u00edlulas de ecstasy s\u00e3o frequentemente consideradas a droga preferida durante raves e festivais divertidos por causa de qu\u00e3o bem elas funcionam em conjunto com os impactos auditivos da m\u00fasica e da ilumina\u00e7\u00e3o. Os consumidores de tela MDMA costumam tom\u00e1-lo em c\u00e1psulas ou comprimidos, enquanto outros inalam o p\u00f3 ou o engolem na forma l\u00edquida. A maioria dos traficantes de drogas opera secretamente porque isso \u00e9 ilegal para vender Telsa MDMA na Am\u00e9rica.<\/p>\n<p>O termo \u201cp\u00edlulas Molly\u201d \u00e9 um apelido comum para p\u00edlulas de ecstasy. Freq\u00fcentemente, refere-se \u00e0 forma de p\u00f3 cristalino puro de MDMA que \u00e9 normalmente comercializado em c\u00e1psulas. No entanto, os consumidores que compram p\u00f3 ou c\u00e1psulas comercializados como Molly freq\u00fcentemente acabam com outros medicamentos, incluindo sais de banho sint\u00e9ticos, porque o que encontram na rua \u00e0s vezes \u00e9 misturado com aditivos em um esfor\u00e7o para aumentar as margens de lucro.<\/p>","protected":false},"excerpt":{"rendered":"<p>Buy Legit Ecstasy Pills Online Ecstasy pills, sometimes referred to as MDMA, Malcolm X, e-bombs, egg rolls, and other street names, are<\/p>","protected":false},"featured_media":10437,"comment_status":"open","ping_status":"closed","template":"","meta":{"_joinchat":[]},"product_cat":[1260],"product_tag":[1996,1986,1522,1978,1977,1981,1980,1988,1979,1989,1991,1998,1999,1997,1994,1993,1990,1985,1983,1995,1992,1530,1984,1987,1982],"yoast_head":"<!-- This site is optimized with the Yoast SEO plugin v23.0 - https:\/\/yoast.com\/wordpress\/plugins\/seo\/ -->\n<title>Buy Mdma Pills Online - Mdma Pills for Sale | ChemsWell<\/title>\n<meta name=\"description\" content=\"Are you looking for Mdma Pills for sale online? You&#039;ve come to the right place. Buy Mdma Pills from our secure and reliable online store. Order Your MDMA Pills Online with Secure Shipping!\" \/>\n<meta name=\"robots\" content=\"index, follow, max-snippet:-1, max-image-preview:large, max-video-preview:-1\" \/>\n<link rel=\"canonical\" href=\"https:\/\/chemswell.com\/pt\/produto\/comprar-mdma-pills\/\" \/>\n<meta property=\"og:locale\" content=\"pt_PT\" \/>\n<meta property=\"og:type\" content=\"article\" \/>\n<meta property=\"og:title\" content=\"Buy Mdma Pills Online - Mdma Pills for Sale | ChemsWell\" \/>\n<meta property=\"og:description\" content=\"Are you looking for Mdma Pills for sale online? You&#039;ve come to the right place. Buy Mdma Pills from our secure and reliable online store. Order Your MDMA Pills Online with Secure Shipping!\" \/>\n<meta property=\"og:url\" content=\"https:\/\/chemswell.com\/pt\/produto\/comprar-mdma-pills\/\" \/>\n<meta property=\"og:site_name\" content=\"Chemswell\" \/>\n<meta property=\"article:modified_time\" content=\"2026-04-23T09:31:36+00:00\" \/>\n<meta property=\"og:image\" content=\"https:\/\/chemswell.com\/wp-content\/uploads\/2023\/06\/dom-perignon-mdma.jpg\" \/>\n\t<meta property=\"og:image:width\" content=\"600\" \/>\n\t<meta property=\"og:image:height\" content=\"515\" \/>\n\t<meta property=\"og:image:type\" content=\"image\/jpeg\" \/>\n<meta name=\"twitter:card\" content=\"summary_large_image\" \/>\n<meta name=\"twitter:label1\" content=\"Tempo estimado de leitura\" \/>\n\t<meta name=\"twitter:data1\" content=\"2 minutos\" \/>\n<!-- \/ Yoast SEO plugin. -->","yoast_head_json":{"title":"Buy Mdma Pills Online - Mdma Pills for Sale | ChemsWell","description":"Are you looking for Mdma Pills for sale online? You've come to the right place. Buy Mdma Pills from our secure and reliable online store. Order Your MDMA Pills Online with Secure Shipping!","robots":{"index":"index","follow":"follow","max-snippet":"max-snippet:-1","max-image-preview":"max-image-preview:large","max-video-preview":"max-video-preview:-1"},"canonical":"https:\/\/chemswell.com\/pt\/produto\/comprar-mdma-pills\/","og_locale":"pt_PT","og_type":"article","og_title":"Buy Mdma Pills Online - Mdma Pills for Sale | ChemsWell","og_description":"Are you looking for Mdma Pills for sale online? You've come to the right place. Buy Mdma Pills from our secure and reliable online store. Order Your MDMA Pills Online with Secure Shipping!","og_url":"https:\/\/chemswell.com\/pt\/produto\/comprar-mdma-pills\/","og_site_name":"Chemswell","article_modified_time":"2026-04-23T09:31:36+00:00","og_image":[{"width":600,"height":515,"url":"https:\/\/chemswell.com\/wp-content\/uploads\/2023\/06\/dom-perignon-mdma.jpg","type":"image\/jpeg"}],"twitter_card":"summary_large_image","twitter_misc":{"Tempo estimado de leitura":"2 minutos"},"schema":{"@context":"https:\/\/schema.org","@graph":[{"@type":"WebPage","@id":"https:\/\/chemswell.com\/product\/buy-mdma-pills\/","url":"https:\/\/chemswell.com\/product\/buy-mdma-pills\/","name":"Buy Mdma Pills Online - Mdma Pills for Sale | ChemsWell","isPartOf":{"@id":"https:\/\/chemswell.com\/it\/#website"},"primaryImageOfPage":{"@id":"https:\/\/chemswell.com\/product\/buy-mdma-pills\/#primaryimage"},"image":{"@id":"https:\/\/chemswell.com\/product\/buy-mdma-pills\/#primaryimage"},"thumbnailUrl":"https:\/\/chemswell.com\/wp-content\/uploads\/2023\/06\/dom-perignon-mdma.jpg","datePublished":"2023-06-02T10:28:21+00:00","dateModified":"2026-04-23T09:31:36+00:00","description":"Are you looking for Mdma Pills for sale online? You've come to the right place. Buy Mdma Pills from our secure and reliable online store. Order Your MDMA Pills Online with Secure Shipping!","breadcrumb":{"@id":"https:\/\/chemswell.com\/product\/buy-mdma-pills\/#breadcrumb"},"inLanguage":"pt-PT","potentialAction":[{"@type":"ReadAction","target":["https:\/\/chemswell.com\/product\/buy-mdma-pills\/"]}]},{"@type":"ImageObject","inLanguage":"pt-PT","@id":"https:\/\/chemswell.com\/product\/buy-mdma-pills\/#primaryimage","url":"https:\/\/chemswell.com\/wp-content\/uploads\/2023\/06\/dom-perignon-mdma.jpg","contentUrl":"https:\/\/chemswell.com\/wp-content\/uploads\/2023\/06\/dom-perignon-mdma.jpg","width":600,"height":515,"caption":"buy dom perignon mdma online"},{"@type":"BreadcrumbList","@id":"https:\/\/chemswell.com\/product\/buy-mdma-pills\/#breadcrumb","itemListElement":[{"@type":"ListItem","position":1,"name":"Home","item":"https:\/\/chemswell.com\/ru\/"},{"@type":"ListItem","position":2,"name":"Shop","item":"https:\/\/chemswell.com\/ru\/%d0%bc%d0%b0%d0%b3%d0%b0%d0%b7%d0%b8%d0%bd\/"},{"@type":"ListItem","position":3,"name":"Buy MDMA Pills"}]},{"@type":"WebSite","@id":"https:\/\/chemswell.com\/it\/#website","url":"https:\/\/chemswell.com\/it\/","name":"Chemswell","description":"#1 Research Chemical Store","potentialAction":[{"@type":"SearchAction","target":{"@type":"EntryPoint","urlTemplate":"https:\/\/chemswell.com\/it\/?s={search_term_string}"},"query-input":"required name=search_term_string"}],"inLanguage":"pt-PT"}]}},"_links":{"self":[{"href":"https:\/\/chemswell.com\/pt\/wp-json\/wp\/v2\/product\/10407"}],"collection":[{"href":"https:\/\/chemswell.com\/pt\/wp-json\/wp\/v2\/product"}],"about":[{"href":"https:\/\/chemswell.com\/pt\/wp-json\/wp\/v2\/types\/product"}],"replies":[{"embeddable":true,"href":"https:\/\/chemswell.com\/pt\/wp-json\/wp\/v2\/comments?post=10407"}],"wp:featuredmedia":[{"embeddable":true,"href":"https:\/\/chemswell.com\/pt\/wp-json\/wp\/v2\/media\/10437"}],"wp:attachment":[{"href":"https:\/\/chemswell.com\/pt\/wp-json\/wp\/v2\/media?parent=10407"}],"wp:term":[{"taxonomy":"product_cat","embeddable":true,"href":"https:\/\/chemswell.com\/pt\/wp-json\/wp\/v2\/product_cat?post=10407"},{"taxonomy":"product_tag","embeddable":true,"href":"https:\/\/chemswell.com\/pt\/wp-json\/wp\/v2\/product_tag?post=10407"}],"curies":[{"name":"wp","href":"https:\/\/api.w.org\/{rel}","templated":true}]}}