{"id":10492,"date":"2023-06-03T03:59:58","date_gmt":"2023-06-03T03:59:58","guid":{"rendered":"https:\/\/chemswell.com\/?post_type=product&#038;p=10492"},"modified":"2025-01-08T07:08:13","modified_gmt":"2025-01-08T07:08:13","slug":"buy-bk-mdma-online","status":"publish","type":"product","link":"https:\/\/chemswell.com\/pt\/produto\/comprar-bk-mdma-online\/","title":{"rendered":"Compre BK-MDMA online"},"content":{"rendered":"<h2>BK MDMA PARA VENDA.<\/h2>\n<p>Compre MDMA online.<\/p>\n<p><a href=\"https:\/\/chemswell.com\/pt\/produto\/comprar-bk-mdma-online\/\">Bk mdma para venda<\/a>Compre MDMA online para experimentar os efeitos que alteram o humor e a percep\u00e7\u00e3o da droga sint\u00e9tica 3,4-metilenodioxi-metanfetamina (MDMA). Produz sentimentos de maior energia, prazer, calor emocional e percep\u00e7\u00e3o sensorial e temporal distorcida e compartilha semelhan\u00e7as qu\u00edmicas com estimulantes e alucin\u00f3genos. Compre MDMA online na CHEMIC ZONE ou entre em contato conosco para obter informa\u00e7\u00f5es adicionais. <a href=\"https:\/\/chemswell.com\/pt\/\">Chemswell<\/a> ou contacte-nos para obter informa\u00e7\u00f5es adicionais.<\/p>\n<p>Inicialmente popular em discotecas e festas dan\u00e7antes noturnas (ou \u201craves\u201d), o Bk <a href=\"https:\/\/en.wikipedia.org\/wiki\/MDMA\">mdma<\/a> \u00e0 venda afecta agora uma maior variedade de consumidores que se referem cada vez mais \u00e0 droga como Ecstasy ou Molly.<\/p>\n<p>V\u00edcio, problemas de mem\u00f3ria, paran\u00f3ia, problemas para dormir, ranger de dentes, vis\u00e3o turva, transpira\u00e7\u00e3o e batimentos card\u00edacos acelerados s\u00e3o alguns dos efeitos negativos. Compre comprimidos Pink Instagram XTC, desidrata\u00e7\u00e3o e temperatura corporal elevada t\u00eam sido associadas a mortes.[14] As pessoas freq\u00fcentemente experimentam fadiga e depress\u00e3o ap\u00f3s o uso. O MDMA afeta principalmente certas \u00e1reas do c\u00e9rebro, aumentando a atividade dos neurotransmissores serotonina, dopamina e noradrenalina. Pertence \u00e0 subclasse de medicamentos conhecidos como anfetaminas substitutas e possui propriedades estimulantes e alucin\u00f3genas.<\/p>\n<p>A maioria dos utilizadores de MDMA toma-a sob a forma de comprimido ou pastilha, mas alguns inalam o p\u00f3 ou ingerem-no sob a forma l\u00edquida. A forma aparentemente \"pura\" do p\u00f3 cristalino de MDMA, que \u00e9 normalmente fornecida em c\u00e1psulas, \u00e9 frequentemente designada por \"Molly\" (cal\u00e3o para \"molecular\"). No entanto, quando as pessoas compram p\u00f3 ou c\u00e1psulas comercializadas como Molly, acabam frequentemente por ingerir outros estupefacientes, como as catinonas sint\u00e9ticas<a href=\"https:\/\/chemswell.com\/pt\/\">.<\/a><\/p>","protected":false},"excerpt":{"rendered":"<p>BK MDMA PARA VENDA. Comprar MDMA online. Bk mdma for sale, Compre MDMA online para experimentar os efeitos de altera\u00e7\u00e3o de humor e perce\u00e7\u00e3o de<\/p>","protected":false},"featured_media":10499,"comment_status":"closed","ping_status":"closed","template":"","meta":{"_joinchat":[]},"product_cat":[1260],"product_tag":[1927,1917,1522,1908,1912,1911,1919,1910,1920,1922,1929,1930,1928,1925,1909,1924,1921,1916,1914,1926,1923,1530,1915,1918,1913],"yoast_head":"<!-- This site is optimized with the Yoast SEO plugin v23.0 - https:\/\/yoast.com\/wordpress\/plugins\/seo\/ -->\n<title>Bk Mdma for sale - Buy Bk Mdma Online - Order Bk Mdma Online<\/title>\n<meta name=\"description\" content=\"Bk mdma for sale is available on a leading chemicals store chemswell.com. Buy bk mdma online at reasonable price. Get Bk MDMA for sale in USA, UK and Europe with secure shipping. Order Now!\" \/>\n<meta name=\"robots\" content=\"index, follow, max-snippet:-1, max-image-preview:large, max-video-preview:-1\" \/>\n<link rel=\"canonical\" href=\"https:\/\/chemswell.com\/pt\/produto\/comprar-bk-mdma-online\/\" \/>\n<meta property=\"og:locale\" content=\"pt_PT\" \/>\n<meta property=\"og:type\" content=\"article\" \/>\n<meta property=\"og:title\" content=\"Bk Mdma for sale - Buy Bk Mdma Online - Order Bk Mdma Online\" \/>\n<meta property=\"og:description\" content=\"Bk mdma for sale is available on a leading chemicals store chemswell.com. Buy bk mdma online at reasonable price. Get Bk MDMA for sale in USA, UK and Europe with secure shipping. Order Now!\" \/>\n<meta property=\"og:url\" content=\"https:\/\/chemswell.com\/pt\/produto\/comprar-bk-mdma-online\/\" \/>\n<meta property=\"og:site_name\" content=\"Chemswell\" \/>\n<meta property=\"article:modified_time\" content=\"2025-01-08T07:08:13+00:00\" \/>\n<meta property=\"og:image\" content=\"https:\/\/chemswell.com\/wp-content\/uploads\/2023\/06\/BK-MDMA-1-768x576-1.jpg\" \/>\n\t<meta property=\"og:image:width\" content=\"768\" \/>\n\t<meta property=\"og:image:height\" content=\"576\" \/>\n\t<meta property=\"og:image:type\" content=\"image\/jpeg\" \/>\n<meta name=\"twitter:card\" content=\"summary_large_image\" \/>\n<meta name=\"twitter:label1\" content=\"Tempo estimado de leitura\" \/>\n\t<meta name=\"twitter:data1\" content=\"2 minutos\" \/>\n<!-- \/ Yoast SEO plugin. -->","yoast_head_json":{"title":"Bk Mdma for sale - Buy Bk Mdma Online - Order Bk Mdma Online","description":"Bk mdma for sale is available on a leading chemicals store chemswell.com. Buy bk mdma online at reasonable price. Get Bk MDMA for sale in USA, UK and Europe with secure shipping. Order Now!","robots":{"index":"index","follow":"follow","max-snippet":"max-snippet:-1","max-image-preview":"max-image-preview:large","max-video-preview":"max-video-preview:-1"},"canonical":"https:\/\/chemswell.com\/pt\/produto\/comprar-bk-mdma-online\/","og_locale":"pt_PT","og_type":"article","og_title":"Bk Mdma for sale - Buy Bk Mdma Online - Order Bk Mdma Online","og_description":"Bk mdma for sale is available on a leading chemicals store chemswell.com. Buy bk mdma online at reasonable price. Get Bk MDMA for sale in USA, UK and Europe with secure shipping. Order Now!","og_url":"https:\/\/chemswell.com\/pt\/produto\/comprar-bk-mdma-online\/","og_site_name":"Chemswell","article_modified_time":"2025-01-08T07:08:13+00:00","og_image":[{"width":768,"height":576,"url":"https:\/\/chemswell.com\/wp-content\/uploads\/2023\/06\/BK-MDMA-1-768x576-1.jpg","type":"image\/jpeg"}],"twitter_card":"summary_large_image","twitter_misc":{"Tempo estimado de leitura":"2 minutos"},"schema":{"@context":"https:\/\/schema.org","@graph":[{"@type":"WebPage","@id":"https:\/\/chemswell.com\/product\/buy-bk-mdma-online\/","url":"https:\/\/chemswell.com\/product\/buy-bk-mdma-online\/","name":"Bk Mdma for sale - Buy Bk Mdma Online - Order Bk Mdma Online","isPartOf":{"@id":"https:\/\/chemswell.com\/it\/#website"},"primaryImageOfPage":{"@id":"https:\/\/chemswell.com\/product\/buy-bk-mdma-online\/#primaryimage"},"image":{"@id":"https:\/\/chemswell.com\/product\/buy-bk-mdma-online\/#primaryimage"},"thumbnailUrl":"https:\/\/chemswell.com\/wp-content\/uploads\/2023\/06\/BK-MDMA-1-768x576-1.jpg","datePublished":"2023-06-03T03:59:58+00:00","dateModified":"2025-01-08T07:08:13+00:00","description":"Bk mdma for sale is available on a leading chemicals store chemswell.com. Buy bk mdma online at reasonable price. Get Bk MDMA for sale in USA, UK and Europe with secure shipping. Order Now!","breadcrumb":{"@id":"https:\/\/chemswell.com\/product\/buy-bk-mdma-online\/#breadcrumb"},"inLanguage":"pt-PT","potentialAction":[{"@type":"ReadAction","target":["https:\/\/chemswell.com\/product\/buy-bk-mdma-online\/"]}]},{"@type":"ImageObject","inLanguage":"pt-PT","@id":"https:\/\/chemswell.com\/product\/buy-bk-mdma-online\/#primaryimage","url":"https:\/\/chemswell.com\/wp-content\/uploads\/2023\/06\/BK-MDMA-1-768x576-1.jpg","contentUrl":"https:\/\/chemswell.com\/wp-content\/uploads\/2023\/06\/BK-MDMA-1-768x576-1.jpg","width":768,"height":576,"caption":"BK-MDMA-1-768x576"},{"@type":"BreadcrumbList","@id":"https:\/\/chemswell.com\/product\/buy-bk-mdma-online\/#breadcrumb","itemListElement":[{"@type":"ListItem","position":1,"name":"Home","item":"https:\/\/chemswell.com\/ru\/"},{"@type":"ListItem","position":2,"name":"Shop","item":"https:\/\/chemswell.com\/ru\/%d0%bc%d0%b0%d0%b3%d0%b0%d0%b7%d0%b8%d0%bd\/"},{"@type":"ListItem","position":3,"name":"Buy BK-MDMA online"}]},{"@type":"WebSite","@id":"https:\/\/chemswell.com\/it\/#website","url":"https:\/\/chemswell.com\/it\/","name":"Chemswell","description":"#1 Research Chemical Store","potentialAction":[{"@type":"SearchAction","target":{"@type":"EntryPoint","urlTemplate":"https:\/\/chemswell.com\/it\/?s={search_term_string}"},"query-input":"required name=search_term_string"}],"inLanguage":"pt-PT"}]}},"_links":{"self":[{"href":"https:\/\/chemswell.com\/pt\/wp-json\/wp\/v2\/product\/10492"}],"collection":[{"href":"https:\/\/chemswell.com\/pt\/wp-json\/wp\/v2\/product"}],"about":[{"href":"https:\/\/chemswell.com\/pt\/wp-json\/wp\/v2\/types\/product"}],"replies":[{"embeddable":true,"href":"https:\/\/chemswell.com\/pt\/wp-json\/wp\/v2\/comments?post=10492"}],"wp:featuredmedia":[{"embeddable":true,"href":"https:\/\/chemswell.com\/pt\/wp-json\/wp\/v2\/media\/10499"}],"wp:attachment":[{"href":"https:\/\/chemswell.com\/pt\/wp-json\/wp\/v2\/media?parent=10492"}],"wp:term":[{"taxonomy":"product_cat","embeddable":true,"href":"https:\/\/chemswell.com\/pt\/wp-json\/wp\/v2\/product_cat?post=10492"},{"taxonomy":"product_tag","embeddable":true,"href":"https:\/\/chemswell.com\/pt\/wp-json\/wp\/v2\/product_tag?post=10492"}],"curies":[{"name":"wp","href":"https:\/\/api.w.org\/{rel}","templated":true}]}}