{"id":9762,"date":"2023-01-18T11:03:13","date_gmt":"2023-01-18T11:03:13","guid":{"rendered":"https:\/\/legitchemicals.com\/chemswell\/product\/import-placeholder-for-11\/"},"modified":"2026-05-03T21:36:34","modified_gmt":"2026-05-03T21:36:34","slug":"3-mmc-crystalline-powder","status":"publish","type":"product","link":"https:\/\/chemswell.com\/pt\/produto\/3-mmc-cristalina-purpura\/","title":{"rendered":"Compre 3 MMC em p\u00f3 cristalino online"},"content":{"rendered":"<h2>COMPRE 3 P\u00d3 CRISTALINO MMC ONLINE NA CHEMSWELL<\/h2>\n<p><span style=\"font-weight: 400;\">The emergence of <\/span><a href=\"https:\/\/chemswell.com\/pt\/produto\/3-mmc-cristalina-purpura\/\"><i><span style=\"font-weight: 400;\">3-MMC Crystalline Powder<\/span><\/i><\/a><span style=\"font-weight: 400;\"> A presen\u00e7a nos mercados digitais representa uma tend\u00eancia crescente no com\u00e9rcio de subst\u00e2ncias sint\u00e9ticas, onde as plataformas online permitem o f\u00e1cil acesso a produtos qu\u00edmicos n\u00e3o regulamentados. Estes mercados cinzentos \u2014 alimentados por criptografia, criptomoedas e lacunas legais \u2014 operam \u00e0 margem da lei e da supervis\u00e3o da sa\u00fade p\u00fablica.<\/span><\/p>\n<p><span style=\"font-weight: 400;\">Este artigo explora a din\u00e2mica por detr\u00e1s da disponibilidade online do 3-MMC, as tens\u00f5es \u00e9ticas que este levanta e as poss\u00edveis respostas regulamentares num mundo descentralizado e digital em primeiro lugar.<\/span><\/p>\n<h3><b>What Makes the Sale of 3-MMC Crystalline Powder?<\/b><\/h3>\n<p><span style=\"font-weight: 400;\"><a href=\"https:\/\/en.wikipedia.org\/wiki\/3-Methylmethcathinone\">3-MMC<\/a>, uma catinona sint\u00e9tica estruturalmente semelhante \u00e0 mefedrona, \u00e9 comercializada online como um \"produto qu\u00edmico de investiga\u00e7\u00e3o\", \"alimento vegetal\" ou \"n\u00e3o indicado para consumo humano\". Estes r\u00f3tulos, embora distancie superficialmente os fornecedores de responsabilidade, mascaram claramente o uso pretendido em muitos casos.<\/span><\/p>\n<p>O apelo reside nos seus efeitos euf\u00f3ricos, no aumento de energia semelhante \u00e0 de um estimulante e na disponibilidade a curto prazo, especialmente em regi\u00f5es onde outras subst\u00e2ncias s\u00e3o rigorosamente controladas. O seu p\u00f3 cristalino \u00e9 f\u00e1cil de medir, enviar discretamente e misturar \u2014 fatores que o tornam atraente tanto para os vendedores digitais como para os utilizadores.<\/p>\n<h3><b>O Mercado Cinza Digital<\/b><\/h3>\n<h3><b>Vis\u00e3o geral dos fornecedores online, f\u00f3runs e avalia\u00e7\u00f5es de utilizadores<\/b><\/h3>\n<p><span style=\"font-weight: 400;\">Os vendedores online que vendem 3-MMC operam frequentemente de forma semi-aberta em plataformas encriptadas, sites especializados ou grupos de chat privados. F\u00f3runs comunit\u00e1rios como o Reddit (antes da modera\u00e7\u00e3o) ou sites da dark web oferecem avalia\u00e7\u00f5es de utilizadores, diretrizes de dosagem e relatos subjetivos de viagens \u2014 imitando modelos leg\u00edtimos de com\u00e9rcio eletr\u00f3nico.<\/span><\/p>\n<p>Os clientes classificam os produtos pela pureza, dura\u00e7\u00e3o do efeito, discri\u00e7\u00e3o da embalagem e servi\u00e7o ao cliente, criando um ecossistema de feedback que refor\u00e7a a cadeia de abastecimento, mesmo na aus\u00eancia de regulamenta\u00e7\u00e3o.<\/p>\n<h3><b>Papel da criptomoeda e do anonimato<\/b><\/h3>\n<p><span style=\"font-weight: 400;\">As criptomoedas s\u00e3o a alma destes mercados. O Bitcoin ainda \u00e9 comummente utilizado, embora as moedas de privacidade como o Monero se tenham tornado mais dominantes devido \u00e0 sua natureza n\u00e3o rastre\u00e1vel. Estas ferramentas permitem transa\u00e7\u00f5es pseud\u00f3nimas, reduzindo a rastreabilidade tanto para compradores como para vendedores.<\/span><\/p>\n<p><span style=\"font-weight: 400;\">Combined with VPNs, encrypted messaging apps (e.g., Signal, Telegram), and offshore hosting, these elements create a digital cloak that keeps 3-MMC and similar substances in circulation despite legal risks.<\/span><\/p>\n<h3><b>Autonomia vs. Dano<\/b><\/h3>\n<h3><b>Os indiv\u00edduos devem ter acesso a subst\u00e2ncias n\u00e3o controladas?<\/b><\/h3>\n<p><span style=\"font-weight: 400;\">Some argue that responsible adults should be free to experiment with unscheduled psychoactives, especially in personal, non-commercial contexts. The libertarian view prioritizes cognitive liberty, arguing that risk-aware users should have autonomy over what they consume.<\/span><\/p>\n<p>But others warn of the dangers: unpredictable dosages, neurotoxic effects, and long-term mental health impacts. With limited clinical research on 3-MMC, many users essentially conduct experiments on themselves \u2014 sometimes with tragic consequences.<\/p>\n<h3><b>O equil\u00edbrio entre liberdade e sa\u00fade p\u00fablica<\/b><\/h3>\n<p><span style=\"font-weight: 400;\">This ethical tug-of-war \u2014 between individual freedom and collective safety \u2014 defines the challenge of regulating gray-market substances. While heavy-handed bans may push markets further underground, total laissez-faire policies could enable widespread harm.<\/span><\/p>\n<p><span style=\"font-weight: 400;\">The middle ground? Education, testing, and controlled access rather than criminalization.<\/span><\/p>\n<h3><b>Responsabilidade da plataforma<\/b><\/h3>\n<h3><b>Os marketplaces s\u00e3o respons\u00e1veis pelo que \u00e9 vendido?<\/b><\/h3>\n<p><span style=\"font-weight: 400;\">Platform operators frequently disavow knowledge or responsibility for what users post or sell. But digital marketplaces that facilitate the sale of substances like 3-MMC \u2014 especially those that categorize and review products \u2014 are arguably curating a pharmacological marketplace.<\/span><\/p>\n<p><span style=\"font-weight: 400;\">From a legal standpoint, many countries now hold platforms accountable under &#8220;know your customer&#8221; (KYC) or &#8220;anti-money laundering&#8221; (AML) laws. But enforcement is difficult in jurisdictions with limited extradition treaties or lax data laws.<\/span><\/p>\n<h3><b>Case Studies of Shutdowns (e.g., 3-MMC Crystalline Powder)<\/b><\/h3>\n<p><span style=\"font-weight: 400;\">When popular vendors or platforms are shut down \u2014 such as Dutch or Eastern European labs distributing 3-MMC \u2014 the market doesn&#8217;t collapse. It migrates. Often, newly branded vendors re-emerge, offering \u201cimproved\u201d or re-labeled versions to skirt detection.<\/span><\/p>\n<p>Each shutdown highlights the whack-a-mole nature of enforcement in a decentralized environment.<\/p>\n<h3><b>Policy and Ethical Solutions<\/b><\/h3>\n<h3><b>Regulamenta\u00e7\u00e3o \u00c9tica na Era do Com\u00e9rcio Descentralizado<\/b><\/h3>\n<p>Experts increasingly call for regulated access to low-risk psychoactive substances rather than blanket prohibition. This may include:<\/p>\n<ul>\n<li style=\"font-weight: 400;\" aria-level=\"1\"><span style=\"font-weight: 400;\">Legalizing and monitoring specific compounds<\/span><span style=\"font-weight: 400;\"><br \/>\n<\/span><\/li>\n<li style=\"font-weight: 400;\" aria-level=\"1\"><span style=\"font-weight: 400;\">Establishing drug-checking stations<\/span><span style=\"font-weight: 400;\"><br \/>\n<\/span><\/li>\n<li style=\"font-weight: 400;\" aria-level=\"1\"><span style=\"font-weight: 400;\">Creating medically supervised consumption sites<\/span><span style=\"font-weight: 400;\"><br \/>\n<\/span><\/li>\n<li style=\"font-weight: 400;\" aria-level=\"1\"><span style=\"font-weight: 400;\">Supporting open research on effects and risks<\/span><span style=\"font-weight: 400;\"><br \/>\n<\/span><\/li>\n<\/ul>\n<h3><b>Monitoriza\u00e7\u00e3o digital sem excesso de vigil\u00e2ncia<\/b><\/h3>\n<p><span style=\"font-weight: 400;\">AI-driven trend analysis could monitor anonymized metadata from forums or encrypted marketplaces to detect emerging threats, like contaminated 3-MMC batches. But this must be done without violating digital privacy or setting dangerous precedents for surveillance.<\/span><\/p>\n<p><span style=\"font-weight: 400;\">Balancing technological capability with civil liberties is perhaps the biggest ethical challenge ahead.<\/span><\/p>\n<h3><b>Conclus\u00e3o: Navegando pelo Futuro da \u00c9tica Digital sobre Drogas<\/b><\/h3>\n<p><span style=\"font-weight: 400;\">The online availability of substances like 3-MMC Crystalline Powder forces societies to confront uncomfortable realities: demand for psychoactive experiences isn\u2019t going away, and current prohibitionist strategies are failing.<\/span><\/p>\n<p>Rather than chasing shadows, the future may lie in regulated autonomy, harm reduction, and digital-savvy oversight \u2014 protecting both individual freedom and public health in an increasingly interconnected world.<\/p>","protected":false},"excerpt":{"rendered":"<h1 id=\"firstHeading\" class=\"firstHeading mw-first-heading\"><span class=\"mw-page-title-main\">3-Metilmetcatinona<\/span><\/h1>\n<p><strong>3-Metilmetcatinona<\/strong> \u00e9 uma droga sint\u00e9tica pertencente \u00e0 fam\u00edlia das catinonas substitu\u00eddas, tamb\u00e9m designada por <strong>3-MMC<\/strong> e <strong>metafedrona.<\/strong> Desde <strong>3-MMC<\/strong> \u00e9 um is\u00f3mero estrutural da 4-MMC, \u00e9 ilegal na maioria dos pa\u00edses que proibiram a mefedrona. O 3-MMC partilha semelhan\u00e7as estruturais com o narc\u00f3tico il\u00edcito mais conhecido, o 4-MMC. Como substituto da mefedrona, o 3-MMC surgiu, no entanto, no mercado de drogas recreativas; foi inicialmente descoberto a ser comercializado na Su\u00e9cia em 2012. O 3-MMC foi testado em pelo menos um estudo consider\u00e1vel, incluindo mam\u00edferos, ao contr\u00e1rio de certas catinonas sint\u00e9ticas.<\/p>","protected":false},"featured_media":9952,"comment_status":"open","ping_status":"closed","template":"","meta":{"_joinchat":[]},"product_cat":[1255],"product_tag":[1316,1319,1317,1315,1318,1321,1320,1322],"yoast_head":"<!-- This site is optimized with the Yoast SEO plugin v23.0 - https:\/\/yoast.com\/wordpress\/plugins\/seo\/ -->\n<title>3 MMC Crystalline for Sale - Buy 3 MMC Crystalline Powder Online<\/title>\n<meta name=\"description\" content=\"You can buy 3 mmc crystalline powder at Chemswell.com. Place your order 3 mmc crystal for Sale and receive your product on time. Hit Your order now\" \/>\n<meta name=\"robots\" content=\"index, follow, max-snippet:-1, max-image-preview:large, max-video-preview:-1\" \/>\n<link rel=\"canonical\" href=\"https:\/\/chemswell.com\/pt\/produto\/3-mmc-cristalina-purpura\/\" \/>\n<meta property=\"og:locale\" content=\"pt_PT\" \/>\n<meta property=\"og:type\" content=\"article\" \/>\n<meta property=\"og:title\" content=\"3 MMC Crystalline for Sale - Buy 3 MMC Crystalline Powder Online\" \/>\n<meta property=\"og:description\" content=\"You can buy 3 mmc crystalline powder at Chemswell.com. Place your order 3 mmc crystal for Sale and receive your product on time. Hit Your order now\" \/>\n<meta property=\"og:url\" content=\"https:\/\/chemswell.com\/pt\/produto\/3-mmc-cristalina-purpura\/\" \/>\n<meta property=\"og:site_name\" content=\"Chemswell\" \/>\n<meta property=\"article:modified_time\" content=\"2026-05-03T21:36:34+00:00\" \/>\n<meta property=\"og:image\" content=\"https:\/\/chemswell.com\/wp-content\/uploads\/2023\/01\/3-mmc-Crystalline-Powder.jpg\" \/>\n\t<meta property=\"og:image:width\" content=\"600\" \/>\n\t<meta property=\"og:image:height\" content=\"600\" \/>\n\t<meta property=\"og:image:type\" content=\"image\/jpeg\" \/>\n<meta name=\"twitter:card\" content=\"summary_large_image\" \/>\n<meta name=\"twitter:label1\" content=\"Tempo estimado de leitura\" \/>\n\t<meta name=\"twitter:data1\" content=\"4 minutos\" \/>\n<!-- \/ Yoast SEO plugin. -->","yoast_head_json":{"title":"3 MMC Crystalline for Sale - Buy 3 MMC Crystalline Powder Online","description":"You can buy 3 mmc crystalline powder at Chemswell.com. Place your order 3 mmc crystal for Sale and receive your product on time. Hit Your order now","robots":{"index":"index","follow":"follow","max-snippet":"max-snippet:-1","max-image-preview":"max-image-preview:large","max-video-preview":"max-video-preview:-1"},"canonical":"https:\/\/chemswell.com\/pt\/produto\/3-mmc-cristalina-purpura\/","og_locale":"pt_PT","og_type":"article","og_title":"3 MMC Crystalline for Sale - Buy 3 MMC Crystalline Powder Online","og_description":"You can buy 3 mmc crystalline powder at Chemswell.com. Place your order 3 mmc crystal for Sale and receive your product on time. Hit Your order now","og_url":"https:\/\/chemswell.com\/pt\/produto\/3-mmc-cristalina-purpura\/","og_site_name":"Chemswell","article_modified_time":"2026-05-03T21:36:34+00:00","og_image":[{"width":600,"height":600,"url":"https:\/\/chemswell.com\/wp-content\/uploads\/2023\/01\/3-mmc-Crystalline-Powder.jpg","type":"image\/jpeg"}],"twitter_card":"summary_large_image","twitter_misc":{"Tempo estimado de leitura":"4 minutos"},"schema":{"@context":"https:\/\/schema.org","@graph":[{"@type":"WebPage","@id":"https:\/\/chemswell.com\/product\/3-mmc-crystalline-powder\/","url":"https:\/\/chemswell.com\/product\/3-mmc-crystalline-powder\/","name":"3 MMC Crystalline for Sale - Buy 3 MMC Crystalline Powder Online","isPartOf":{"@id":"https:\/\/chemswell.com\/it\/#website"},"primaryImageOfPage":{"@id":"https:\/\/chemswell.com\/product\/3-mmc-crystalline-powder\/#primaryimage"},"image":{"@id":"https:\/\/chemswell.com\/product\/3-mmc-crystalline-powder\/#primaryimage"},"thumbnailUrl":"https:\/\/chemswell.com\/wp-content\/uploads\/2023\/01\/3-mmc-Crystalline-Powder.jpg","datePublished":"2023-01-18T11:03:13+00:00","dateModified":"2026-05-03T21:36:34+00:00","description":"You can buy 3 mmc crystalline powder at Chemswell.com. Place your order 3 mmc crystal for Sale and receive your product on time. Hit Your order now","breadcrumb":{"@id":"https:\/\/chemswell.com\/product\/3-mmc-crystalline-powder\/#breadcrumb"},"inLanguage":"pt-PT","potentialAction":[{"@type":"ReadAction","target":["https:\/\/chemswell.com\/product\/3-mmc-crystalline-powder\/"]}]},{"@type":"ImageObject","inLanguage":"pt-PT","@id":"https:\/\/chemswell.com\/product\/3-mmc-crystalline-powder\/#primaryimage","url":"https:\/\/chemswell.com\/wp-content\/uploads\/2023\/01\/3-mmc-Crystalline-Powder.jpg","contentUrl":"https:\/\/chemswell.com\/wp-content\/uploads\/2023\/01\/3-mmc-Crystalline-Powder.jpg","width":600,"height":600,"caption":"3-mmc-Crystalline-Powder"},{"@type":"BreadcrumbList","@id":"https:\/\/chemswell.com\/product\/3-mmc-crystalline-powder\/#breadcrumb","itemListElement":[{"@type":"ListItem","position":1,"name":"Home","item":"https:\/\/chemswell.com\/ru\/"},{"@type":"ListItem","position":2,"name":"Shop","item":"https:\/\/chemswell.com\/ru\/%d0%bc%d0%b0%d0%b3%d0%b0%d0%b7%d0%b8%d0%bd\/"},{"@type":"ListItem","position":3,"name":"Buy 3 MMC Crystalline Powder Online"}]},{"@type":"WebSite","@id":"https:\/\/chemswell.com\/it\/#website","url":"https:\/\/chemswell.com\/it\/","name":"Chemswell","description":"#1 Research Chemical Store","potentialAction":[{"@type":"SearchAction","target":{"@type":"EntryPoint","urlTemplate":"https:\/\/chemswell.com\/it\/?s={search_term_string}"},"query-input":"required name=search_term_string"}],"inLanguage":"pt-PT"}]}},"_links":{"self":[{"href":"https:\/\/chemswell.com\/pt\/wp-json\/wp\/v2\/product\/9762"}],"collection":[{"href":"https:\/\/chemswell.com\/pt\/wp-json\/wp\/v2\/product"}],"about":[{"href":"https:\/\/chemswell.com\/pt\/wp-json\/wp\/v2\/types\/product"}],"replies":[{"embeddable":true,"href":"https:\/\/chemswell.com\/pt\/wp-json\/wp\/v2\/comments?post=9762"}],"wp:featuredmedia":[{"embeddable":true,"href":"https:\/\/chemswell.com\/pt\/wp-json\/wp\/v2\/media\/9952"}],"wp:attachment":[{"href":"https:\/\/chemswell.com\/pt\/wp-json\/wp\/v2\/media?parent=9762"}],"wp:term":[{"taxonomy":"product_cat","embeddable":true,"href":"https:\/\/chemswell.com\/pt\/wp-json\/wp\/v2\/product_cat?post=9762"},{"taxonomy":"product_tag","embeddable":true,"href":"https:\/\/chemswell.com\/pt\/wp-json\/wp\/v2\/product_tag?post=9762"}],"curies":[{"name":"wp","href":"https:\/\/api.w.org\/{rel}","templated":true}]}}