{"id":9764,"date":"2023-01-18T11:03:13","date_gmt":"2023-01-18T11:03:13","guid":{"rendered":"https:\/\/legitchemicals.com\/chemswell\/product\/import-placeholder-for-13\/"},"modified":"2025-07-14T11:31:29","modified_gmt":"2025-07-14T11:31:29","slug":"4f-adb","status":"publish","type":"product","link":"https:\/\/chemswell.com\/pt\/produto\/4f-adb\/","title":{"rendered":"Comprar 4F ADB Online"},"content":{"rendered":"<h2>Compre 4F ADB Online na ChemsWell AGORA!<\/h2>\n<p><span style=\"font-weight: 400;\">O 4F-ADB, um poderoso canabin\u00f3ide sint\u00e9tico, surgiu como substituto de compostos anteriormente proibidos, como o JWH-018 e o AB-FUBINACA. Conhecido pela sua extrema pot\u00eancia e riscos associados \u2014 incluindo convuls\u00f5es, insufici\u00eancia respirat\u00f3ria e morte \u2014, atraiu uma aten\u00e7\u00e3o significativa por parte de entidades reguladoras, especialistas em redu\u00e7\u00e3o de danos e comunidades online. O que torna a venda de <a href=\"https:\/\/chemswell.com\/pt\/produto\/4f-adb\/\"><strong>Comprar <\/strong><\/a><\/span><a href=\"https:\/\/chemswell.com\/pt\/produto\/4f-adb\/\"><b>4F-ADB online<\/b><\/a><span style=\"font-weight: 400;\"> Particularmente complexa do ponto de vista \u00e9tico \u00e9 a converg\u00eancia da ambiguidade jur\u00eddica, da facilidade de acesso e do elevado potencial de dano. A era digital possibilitou a distribui\u00e7\u00e3o em massa de subst\u00e2ncias como o 4F-ADB, levantando quest\u00f5es urgentes sobre a autonomia, a responsabiliza\u00e7\u00e3o e o futuro da governa\u00e7\u00e3o do medicamento.<\/span><\/p>\n<h3><b>O Mercado Cinza Digital <\/b><b>Vis\u00e3o geral dos fornecedores online, f\u00f3runs e avalia\u00e7\u00f5es de utilizadores<\/b><\/h3>\n<p>A acessibilidade dos canabinoides sint\u00e9ticos online expandiu-se rapidamente na \u00faltima d\u00e9cada. Os fornecedores apresentam frequentemente o 4F-ADB \u00e0 venda em sites que o publicitam como um \"produto qu\u00edmico de investiga\u00e7\u00e3o\", enquanto os f\u00f3runs e os marketplaces oferecem avalia\u00e7\u00f5es de utilizadores, resultados de testes de produtos e at\u00e9 relatos subjetivos de viagens. Estas intera\u00e7\u00f5es entre pares esbatem os limites entre o com\u00e9rcio e a comunidade, criando um sistema informal de garantia de qualidade \u2014 mas sem garantias reais de seguran\u00e7a.<\/p>\n<h3><b>Papel da criptomoeda e do anonimato<\/b><\/h3>\n<p><span style=\"font-weight: 400;\">O anonimato proporcionado por criptomoedas como a Bitcoin e a Monero, aliado \u00e0 navega\u00e7\u00e3o encriptada via Tor, permitiu que compradores e vendedores operassem em relativo sigilo. Este modelo descentralizado permite que subst\u00e2ncias de alto risco, como <a href=\"https:\/\/en.wikipedia.org\/wiki\/4F-MDMB-BINACA\">4F-ADB<\/a> to be bought and sold globally, with minimal traceability, limited enforcement, and virtually no consumer protections.<\/span><\/p>\n<h3><b>Os indiv\u00edduos devem ter acesso a subst\u00e2ncias n\u00e3o controladas?<\/b><\/h3>\n<p><span style=\"font-weight: 400;\">Os defensores da liberdade qu\u00edmica defendem que os adultos t\u00eam o direito de ingerir o que quiserem, principalmente quando um composto n\u00e3o \u00e9 explicitamente proibido. No entanto, os canabin\u00f3ides sint\u00e9ticos como o 4F-ADB apresentam frequentemente efeitos imprevis\u00edveis devido a inconsist\u00eancias vari\u00e1veis de fabrico e dosagem, o que aumenta consideravelmente o risco de danos.<\/span><\/p>\n<h3><b>O equil\u00edbrio entre liberdade e sa\u00fade p\u00fablica<\/b><\/h3>\n<p><span style=\"font-weight: 400;\">A liberdade deve ser ponderada em rela\u00e7\u00e3o \u00e0s implica\u00e7\u00f5es para a sa\u00fade p\u00fablica. Mesmo um \u00fanico grama de 4F-ADB pode produzir milhares de doses, fazendo das vendas em grande escala (por exemplo, 1 g ou mais) um potencial vetor para danos generalizados. Neste contexto, o Estado tem um interesse premente em intervir \u2014 n\u00e3o necessariamente atrav\u00e9s da proibi\u00e7\u00e3o, mas atrav\u00e9s de pol\u00edticas informadas e estrat\u00e9gias de mitiga\u00e7\u00e3o de riscos.<\/span><\/p>\n<h3><b>Os marketplaces s\u00e3o respons\u00e1veis pelo que \u00e9 vendido?<\/b><\/h3>\n<p><span style=\"font-weight: 400;\">Os marketplaces que alojam estas subst\u00e2ncias enfrentam um dilema \u00e9tico fundamental: s\u00e3o plataformas passivas ou facilitadores ativos? Em muitos casos, os vendedores exploram as lacunas legais, rotulando os produtos como \"n\u00e3o adequados para consumo humano\", enquanto os comercializam claramente para grupos demogr\u00e1ficos de utilizadores conhecidos.<\/span><\/p>\n<h3><b>Case Studies of Shutdowns (e.g., 4F-ADB)<\/b><\/h3>\n<p>V\u00e1rios canabin\u00f3ides sint\u00e9ticos, incluindo o 4F-ADB, t\u00eam sido implicados em sobredosagens em massa e fatalidades. A sua prolifera\u00e7\u00e3o levou \u00e0 retirada de mercados importantes, como o AlphaBay e o Hansa Market, onde estas subst\u00e2ncias eram listadas de forma rotineira. No entanto, a fiscaliza\u00e7\u00e3o revelou-se ineficaz a longo prazo, dado que surgem novas plataformas com a mesma rapidez.<\/p>\n<h3><b>Regulamenta\u00e7\u00e3o \u00c9tica na Era do Com\u00e9rcio Descentralizado<\/b><\/h3>\n<p><span style=\"font-weight: 400;\">As proibi\u00e7\u00f5es definitivas muitas vezes n\u00e3o conseguem acompanhar o ritmo de novos an\u00e1logos. A regulamenta\u00e7\u00e3o \u00e9tica exige uma abordagem mais \u00e1gil: monitoriza\u00e7\u00e3o de medicamentos em tempo real, programa\u00e7\u00e3o internacional de an\u00e1logos e coopera\u00e7\u00e3o entre investigadores, governos e plataformas digitais.<\/span><\/p>\n<h3><b>Monitoriza\u00e7\u00e3o digital sem excesso de vigil\u00e2ncia<\/b><\/h3>\n<p><span style=\"font-weight: 400;\">H\u00e1 uma necessidade cr\u00edtica de respeitar a privacidade digital e, ao mesmo tempo, evitar danos generalizados. As solu\u00e7\u00f5es poderiam incluir a utiliza\u00e7\u00e3o de metadados anonimizados para identificar amea\u00e7as emergentes, em vez de implementar sistemas de vigil\u00e2ncia abrangentes que comprometam as liberdades civis.<\/span><\/p>\n<h3><b>Conclus\u00e3o<\/b><\/h3>\n<p>A venda online do 4F-ADB ilustra a n\u00edtida divis\u00e3o entre liberdade individual e responsabilidade coletiva na era digital. \u00c0 medida que os utilizadores procuram subst\u00e2ncias por curiosidade, fuga ou experimenta\u00e7\u00e3o, a sociedade precisa de se debater para encontrar a melhor forma de regular sem repress\u00e3o, proteger sem paternalismo e adaptar as pol\u00edticas a um cen\u00e1rio digital sem fronteiras. No futuro, uma abordagem transparente e baseada em evid\u00eancias ser\u00e1 essencial para enfrentar estes complexos desafios \u00e9ticos.<\/p>","protected":false},"excerpt":{"rendered":"<p>Buy 4F ADB Online at ChemsWell NOW! 4F-ADB, a powerful synthetic cannabinoid, emerged as a replacement for previously banned compounds like JWH-018<\/p>","protected":false},"featured_media":9950,"comment_status":"open","ping_status":"closed","template":"","meta":{"_joinchat":[]},"product_cat":[1255],"product_tag":[3330,3335,3329,3336,3338,3345,3346,3344,3341,686,690,3343,3333,1522,687,3340,3337,3332,689,3342,3339,1530,693,3334,3331],"yoast_head":"<!-- This site is optimized with the Yoast SEO plugin v23.0 - https:\/\/yoast.com\/wordpress\/plugins\/seo\/ -->\n<title>Buy 4F ADB online - 4F ADB research chemical for sale<\/title>\n<meta name=\"description\" content=\"It is the best time to visit our online store and buy 4f adb online. We have high-quality 4f adb for sale here at most affordable price. Meet us online and place your order today.\" \/>\n<meta name=\"robots\" content=\"index, follow, max-snippet:-1, max-image-preview:large, max-video-preview:-1\" \/>\n<link rel=\"canonical\" href=\"https:\/\/chemswell.com\/pt\/produto\/4f-adb\/\" \/>\n<meta property=\"og:locale\" content=\"pt_PT\" \/>\n<meta property=\"og:type\" content=\"article\" \/>\n<meta property=\"og:title\" content=\"Buy 4F ADB online - 4F ADB research chemical for sale\" \/>\n<meta property=\"og:description\" content=\"It is the best time to visit our online store and buy 4f adb online. We have high-quality 4f adb for sale here at most affordable price. Meet us online and place your order today.\" \/>\n<meta property=\"og:url\" content=\"https:\/\/chemswell.com\/pt\/produto\/4f-adb\/\" \/>\n<meta property=\"og:site_name\" content=\"Chemswell\" \/>\n<meta property=\"article:modified_time\" content=\"2025-07-14T11:31:29+00:00\" \/>\n<meta property=\"og:image\" content=\"https:\/\/chemswell.com\/wp-content\/uploads\/2023\/01\/4F-ADB.jpg\" \/>\n\t<meta property=\"og:image:width\" content=\"600\" \/>\n\t<meta property=\"og:image:height\" content=\"600\" \/>\n\t<meta property=\"og:image:type\" content=\"image\/jpeg\" \/>\n<meta name=\"twitter:card\" content=\"summary_large_image\" \/>\n<meta name=\"twitter:label1\" content=\"Tempo estimado de leitura\" \/>\n\t<meta name=\"twitter:data1\" content=\"3 minutos\" \/>\n<!-- \/ Yoast SEO plugin. -->","yoast_head_json":{"title":"Buy 4F ADB online - 4F ADB research chemical for sale","description":"It is the best time to visit our online store and buy 4f adb online. We have high-quality 4f adb for sale here at most affordable price. Meet us online and place your order today.","robots":{"index":"index","follow":"follow","max-snippet":"max-snippet:-1","max-image-preview":"max-image-preview:large","max-video-preview":"max-video-preview:-1"},"canonical":"https:\/\/chemswell.com\/pt\/produto\/4f-adb\/","og_locale":"pt_PT","og_type":"article","og_title":"Buy 4F ADB online - 4F ADB research chemical for sale","og_description":"It is the best time to visit our online store and buy 4f adb online. We have high-quality 4f adb for sale here at most affordable price. Meet us online and place your order today.","og_url":"https:\/\/chemswell.com\/pt\/produto\/4f-adb\/","og_site_name":"Chemswell","article_modified_time":"2025-07-14T11:31:29+00:00","og_image":[{"width":600,"height":600,"url":"https:\/\/chemswell.com\/wp-content\/uploads\/2023\/01\/4F-ADB.jpg","type":"image\/jpeg"}],"twitter_card":"summary_large_image","twitter_misc":{"Tempo estimado de leitura":"3 minutos"},"schema":{"@context":"https:\/\/schema.org","@graph":[{"@type":"WebPage","@id":"https:\/\/chemswell.com\/product\/4f-adb\/","url":"https:\/\/chemswell.com\/product\/4f-adb\/","name":"Buy 4F ADB online - 4F ADB research chemical for sale","isPartOf":{"@id":"https:\/\/chemswell.com\/it\/#website"},"primaryImageOfPage":{"@id":"https:\/\/chemswell.com\/product\/4f-adb\/#primaryimage"},"image":{"@id":"https:\/\/chemswell.com\/product\/4f-adb\/#primaryimage"},"thumbnailUrl":"https:\/\/chemswell.com\/wp-content\/uploads\/2023\/01\/4F-ADB.jpg","datePublished":"2023-01-18T11:03:13+00:00","dateModified":"2025-07-14T11:31:29+00:00","description":"It is the best time to visit our online store and buy 4f adb online. We have high-quality 4f adb for sale here at most affordable price. Meet us online and place your order today.","breadcrumb":{"@id":"https:\/\/chemswell.com\/product\/4f-adb\/#breadcrumb"},"inLanguage":"pt-PT","potentialAction":[{"@type":"ReadAction","target":["https:\/\/chemswell.com\/product\/4f-adb\/"]}]},{"@type":"ImageObject","inLanguage":"pt-PT","@id":"https:\/\/chemswell.com\/product\/4f-adb\/#primaryimage","url":"https:\/\/chemswell.com\/wp-content\/uploads\/2023\/01\/4F-ADB.jpg","contentUrl":"https:\/\/chemswell.com\/wp-content\/uploads\/2023\/01\/4F-ADB.jpg","width":600,"height":600,"caption":"4F-ADB"},{"@type":"BreadcrumbList","@id":"https:\/\/chemswell.com\/product\/4f-adb\/#breadcrumb","itemListElement":[{"@type":"ListItem","position":1,"name":"Home","item":"https:\/\/chemswell.com\/ru\/"},{"@type":"ListItem","position":2,"name":"Shop","item":"https:\/\/chemswell.com\/ru\/%d0%bc%d0%b0%d0%b3%d0%b0%d0%b7%d0%b8%d0%bd\/"},{"@type":"ListItem","position":3,"name":"4F ADB"}]},{"@type":"WebSite","@id":"https:\/\/chemswell.com\/it\/#website","url":"https:\/\/chemswell.com\/it\/","name":"Chemswell","description":"#1 Research Chemical Store","potentialAction":[{"@type":"SearchAction","target":{"@type":"EntryPoint","urlTemplate":"https:\/\/chemswell.com\/it\/?s={search_term_string}"},"query-input":"required name=search_term_string"}],"inLanguage":"pt-PT"}]}},"_links":{"self":[{"href":"https:\/\/chemswell.com\/pt\/wp-json\/wp\/v2\/product\/9764"}],"collection":[{"href":"https:\/\/chemswell.com\/pt\/wp-json\/wp\/v2\/product"}],"about":[{"href":"https:\/\/chemswell.com\/pt\/wp-json\/wp\/v2\/types\/product"}],"replies":[{"embeddable":true,"href":"https:\/\/chemswell.com\/pt\/wp-json\/wp\/v2\/comments?post=9764"}],"wp:featuredmedia":[{"embeddable":true,"href":"https:\/\/chemswell.com\/pt\/wp-json\/wp\/v2\/media\/9950"}],"wp:attachment":[{"href":"https:\/\/chemswell.com\/pt\/wp-json\/wp\/v2\/media?parent=9764"}],"wp:term":[{"taxonomy":"product_cat","embeddable":true,"href":"https:\/\/chemswell.com\/pt\/wp-json\/wp\/v2\/product_cat?post=9764"},{"taxonomy":"product_tag","embeddable":true,"href":"https:\/\/chemswell.com\/pt\/wp-json\/wp\/v2\/product_tag?post=9764"}],"curies":[{"name":"wp","href":"https:\/\/api.w.org\/{rel}","templated":true}]}}