{"id":9783,"date":"2023-01-18T11:03:15","date_gmt":"2023-01-18T11:03:15","guid":{"rendered":"https:\/\/legitchemicals.com\/chemswell\/product\/import-placeholder-for-40\/"},"modified":"2026-02-28T10:31:55","modified_gmt":"2026-02-28T10:31:55","slug":"7h-herbal-incense","status":"publish","type":"product","link":"https:\/\/chemswell.com\/pt\/produto\/7h-herbal-incense\/","title":{"rendered":"Buy 7h Herbal Incense Online"},"content":{"rendered":"<h2>Ganhe 7h de incenso de ervas \u00e0 venda na ChemsWell!<\/h2>\n<p><a href=\"https:\/\/chemswell.com\/pt\/produto\/7h-herbal-incense\/\">Buy 7h Herbal Incense online<\/a>, Are you searching for a way to bring more peace and relaxation into your life? 7H Herbal Incense for sale might be the answer you&#8217;ve been searching for. Whether you want to use it for meditation, to improve your sleep, or just to fill your home with a pleasant aroma, 7H herbal incense can provide the soothing atmosphere you&#8217;re looking for. At <a href=\"https:\/\/chemswell.com\/pt\/\">ChemsWell<\/a>, you can easily order 7H Herbal incense online at the best prices available.<\/p>\n<h3>O que \u00e9 o incenso de ervas 7h?<\/h3>\n<p>7h Herbal Incenso \u00e9 uma forma \u00fanica de incenso que tem uma longa hist\u00f3ria de uso em muitas culturas diferentes. \u00c9 conhecido por seus efeitos poderosos e ben\u00e9ficos, que podem ajudar a melhorar sua sa\u00fade mental e f\u00edsica.<\/p>\n<p>Em primeiro lugar, o 7h Herbal Incense \u00e9 conhecido por seus efeitos duradouros. Ao contr\u00e1rio do incenso tradicional, que deve ser usado uma vez e depois descartado, o 7h Herbal Incense pode ser usado repetidamente sem perder sua pot\u00eancia. Isso o torna uma \u00f3tima op\u00e7\u00e3o se voc\u00ea deseja melhorar sua sa\u00fade mental ou f\u00edsica de maneira gradual \u2013 e n\u00e3o da noite para o dia.<\/p>\n<p>7h Herbal Incenso tem uma ampla variedade de aplica\u00e7\u00f5es. Se voc\u00ea deseja us\u00e1-lo para fins de relaxamento ou para melhorar sua vida espiritual, provavelmente h\u00e1 uma op\u00e7\u00e3o para voc\u00ea! Al\u00e9m disso, o incenso de ervas 7h oferece v\u00e1rios benef\u00edcios quando usado em combina\u00e7\u00e3o com outros tipos de incenso - portanto, \u00e9 importante encontrar a mistura certa para voc\u00ea!<\/p>\n<p>Finalmente, uma considera\u00e7\u00e3o ao usar qualquer tipo de incenso de ervas \u00e9 a seguran\u00e7a. Certifique-se sempre de ler os ingredientes antes de usar qualquer novo produto, especialmente se tiver sido prescrito por um profissional de sa\u00fade. Al\u00e9m disso, sempre evite fumar enquanto estiver usando qualquer tipo de erva, pois eles podem interagir negativamente entre si.<\/p>\n<h3>Usos do incenso de ervas 7h<\/h3>\n<p>Compre 7H Herbal Incenso porque \u00e9 um produto natural \u00e0 base de ervas que cont\u00e9m extratos naturais de ervas. Esses extratos s\u00e3o conhecidos por refrescar ambientes e neutralizar odores. Tamb\u00e9m pode ser usado para reduzir o estresse e a ansiedade, combater a depress\u00e3o e proporcionar uma sensa\u00e7\u00e3o de calma em momentos de alto estresse ou emo\u00e7\u00f5es avassaladoras. As propriedades naturais encontradas no 7h Herbal Incense tamb\u00e9m podem ajudar a melhorar o foco e a clareza mental, proporcionando uma melhor qualidade de vida.<\/p>\n<p>Compre incenso de ervas 7H online na ChemsWell hoje e espere a entrega em breve!<\/p>","protected":false},"excerpt":{"rendered":"<p>Get 7h Herbal Incense for Sale at ChemsWell! Buy 7h Herbal Incense online, Are you searching for a way to bring more<\/p>","protected":false},"featured_media":9945,"comment_status":"open","ping_status":"closed","template":"","meta":{"_joinchat":[]},"product_cat":[1255],"product_tag":[],"yoast_head":"<!-- This site is optimized with the Yoast SEO plugin v23.0 - https:\/\/yoast.com\/wordpress\/plugins\/seo\/ -->\n<title>Buy 7h Herbal Incense Online - 7h Herbal Incense for Sale | CW<\/title>\n<meta name=\"description\" content=\"If you wish to buy 7h herbal incense online, our online Chemswell store can help. We have 7h herbal incense for sale at the best rates here. Place your order now\" \/>\n<meta name=\"robots\" content=\"index, follow, max-snippet:-1, max-image-preview:large, max-video-preview:-1\" \/>\n<link rel=\"canonical\" href=\"https:\/\/chemswell.com\/pt\/produto\/7h-herbal-incense\/\" \/>\n<meta property=\"og:locale\" content=\"pt_PT\" \/>\n<meta property=\"og:type\" content=\"article\" \/>\n<meta property=\"og:title\" content=\"Buy 7h Herbal Incense Online - 7h Herbal Incense for Sale | CW\" \/>\n<meta property=\"og:description\" content=\"If you wish to buy 7h herbal incense online, our online Chemswell store can help. We have 7h herbal incense for sale at the best rates here. Place your order now\" \/>\n<meta property=\"og:url\" content=\"https:\/\/chemswell.com\/pt\/produto\/7h-herbal-incense\/\" \/>\n<meta property=\"og:site_name\" content=\"Chemswell\" \/>\n<meta property=\"article:modified_time\" content=\"2026-02-28T10:31:55+00:00\" \/>\n<meta property=\"og:image\" content=\"https:\/\/chemswell.com\/wp-content\/uploads\/2023\/01\/7h-Herbal-Incense.jpg\" \/>\n\t<meta property=\"og:image:width\" content=\"600\" \/>\n\t<meta property=\"og:image:height\" content=\"600\" \/>\n\t<meta property=\"og:image:type\" content=\"image\/jpeg\" \/>\n<meta name=\"twitter:card\" content=\"summary_large_image\" \/>\n<meta name=\"twitter:label1\" content=\"Tempo estimado de leitura\" \/>\n\t<meta name=\"twitter:data1\" content=\"2 minutos\" \/>\n<!-- \/ Yoast SEO plugin. -->","yoast_head_json":{"title":"Buy 7h Herbal Incense Online - 7h Herbal Incense for Sale | CW","description":"If you wish to buy 7h herbal incense online, our online Chemswell store can help. We have 7h herbal incense for sale at the best rates here. Place your order now","robots":{"index":"index","follow":"follow","max-snippet":"max-snippet:-1","max-image-preview":"max-image-preview:large","max-video-preview":"max-video-preview:-1"},"canonical":"https:\/\/chemswell.com\/pt\/produto\/7h-herbal-incense\/","og_locale":"pt_PT","og_type":"article","og_title":"Buy 7h Herbal Incense Online - 7h Herbal Incense for Sale | CW","og_description":"If you wish to buy 7h herbal incense online, our online Chemswell store can help. We have 7h herbal incense for sale at the best rates here. Place your order now","og_url":"https:\/\/chemswell.com\/pt\/produto\/7h-herbal-incense\/","og_site_name":"Chemswell","article_modified_time":"2026-02-28T10:31:55+00:00","og_image":[{"width":600,"height":600,"url":"https:\/\/chemswell.com\/wp-content\/uploads\/2023\/01\/7h-Herbal-Incense.jpg","type":"image\/jpeg"}],"twitter_card":"summary_large_image","twitter_misc":{"Tempo estimado de leitura":"2 minutos"},"schema":{"@context":"https:\/\/schema.org","@graph":[{"@type":"WebPage","@id":"https:\/\/chemswell.com\/product\/7h-herbal-incense\/","url":"https:\/\/chemswell.com\/product\/7h-herbal-incense\/","name":"Buy 7h Herbal Incense Online - 7h Herbal Incense for Sale | CW","isPartOf":{"@id":"https:\/\/chemswell.com\/it\/#website"},"primaryImageOfPage":{"@id":"https:\/\/chemswell.com\/product\/7h-herbal-incense\/#primaryimage"},"image":{"@id":"https:\/\/chemswell.com\/product\/7h-herbal-incense\/#primaryimage"},"thumbnailUrl":"https:\/\/chemswell.com\/wp-content\/uploads\/2023\/01\/7h-Herbal-Incense.jpg","datePublished":"2023-01-18T11:03:15+00:00","dateModified":"2026-02-28T10:31:55+00:00","description":"If you wish to buy 7h herbal incense online, our online Chemswell store can help. We have 7h herbal incense for sale at the best rates here. Place your order now","breadcrumb":{"@id":"https:\/\/chemswell.com\/product\/7h-herbal-incense\/#breadcrumb"},"inLanguage":"pt-PT","potentialAction":[{"@type":"ReadAction","target":["https:\/\/chemswell.com\/product\/7h-herbal-incense\/"]}]},{"@type":"ImageObject","inLanguage":"pt-PT","@id":"https:\/\/chemswell.com\/product\/7h-herbal-incense\/#primaryimage","url":"https:\/\/chemswell.com\/wp-content\/uploads\/2023\/01\/7h-Herbal-Incense.jpg","contentUrl":"https:\/\/chemswell.com\/wp-content\/uploads\/2023\/01\/7h-Herbal-Incense.jpg","width":600,"height":600,"caption":"7h-Herbal-Incense"},{"@type":"BreadcrumbList","@id":"https:\/\/chemswell.com\/product\/7h-herbal-incense\/#breadcrumb","itemListElement":[{"@type":"ListItem","position":1,"name":"Home","item":"https:\/\/chemswell.com\/ru\/"},{"@type":"ListItem","position":2,"name":"Shop","item":"https:\/\/chemswell.com\/ru\/%d0%bc%d0%b0%d0%b3%d0%b0%d0%b7%d0%b8%d0%bd\/"},{"@type":"ListItem","position":3,"name":"Buy 7h Herbal Incense Online"}]},{"@type":"WebSite","@id":"https:\/\/chemswell.com\/it\/#website","url":"https:\/\/chemswell.com\/it\/","name":"Chemswell","description":"#1 Research Chemical Store","potentialAction":[{"@type":"SearchAction","target":{"@type":"EntryPoint","urlTemplate":"https:\/\/chemswell.com\/it\/?s={search_term_string}"},"query-input":"required name=search_term_string"}],"inLanguage":"pt-PT"}]}},"_links":{"self":[{"href":"https:\/\/chemswell.com\/pt\/wp-json\/wp\/v2\/product\/9783"}],"collection":[{"href":"https:\/\/chemswell.com\/pt\/wp-json\/wp\/v2\/product"}],"about":[{"href":"https:\/\/chemswell.com\/pt\/wp-json\/wp\/v2\/types\/product"}],"replies":[{"embeddable":true,"href":"https:\/\/chemswell.com\/pt\/wp-json\/wp\/v2\/comments?post=9783"}],"wp:featuredmedia":[{"embeddable":true,"href":"https:\/\/chemswell.com\/pt\/wp-json\/wp\/v2\/media\/9945"}],"wp:attachment":[{"href":"https:\/\/chemswell.com\/pt\/wp-json\/wp\/v2\/media?parent=9783"}],"wp:term":[{"taxonomy":"product_cat","embeddable":true,"href":"https:\/\/chemswell.com\/pt\/wp-json\/wp\/v2\/product_cat?post=9783"},{"taxonomy":"product_tag","embeddable":true,"href":"https:\/\/chemswell.com\/pt\/wp-json\/wp\/v2\/product_tag?post=9783"}],"curies":[{"name":"wp","href":"https:\/\/api.w.org\/{rel}","templated":true}]}}