{"id":9821,"date":"2023-01-18T11:03:22","date_gmt":"2023-01-18T11:03:22","guid":{"rendered":"https:\/\/legitchemicals.com\/chemswell\/product\/import-placeholder-for-79\/"},"modified":"2026-03-02T11:48:47","modified_gmt":"2026-03-02T11:48:47","slug":"alpha-php-powder","status":"publish","type":"product","link":"https:\/\/chemswell.com\/pt\/produto\/alfa-php-em-po\/","title":{"rendered":"Comprar Alpha-PHP em p\u00f3"},"content":{"rendered":"<h2><strong>Compre Alpha PHP Powder na ChemsWell hoje!<\/strong><\/h2>\n<p><strong>Comprar Alpha PHP Powder<\/strong> \u00e9 um novo suplemento revolucion\u00e1rio que est\u00e1 conquistando o mundo do bem-estar. Ele n\u00e3o apenas cont\u00e9m ingredientes que aumentam a energia e fortalecem o sistema imunol\u00f3gico, mas tamb\u00e9m possui v\u00e1rios usos que podem ajud\u00e1-lo a atingir suas metas de sa\u00fade e condicionamento f\u00edsico. Portanto, se voc\u00ea est\u00e1 procurando o suplemento perfeito para ajud\u00e1-lo a atingir seus objetivos, n\u00e3o procure mais, <strong><a href=\"https:\/\/en.wikipedia.org\/wiki\/%CE%91-Pyrrolidinohexiophenone\">Alpha PHP<\/a> powder for sale<\/strong> at <a href=\"https:\/\/chemswell.com\/pt\/\">ChemsWell<\/a>.<\/p>\n<h3><strong>Os benef\u00edcios do p\u00f3 Alpha PHP<\/strong><\/h3>\n<p>Voc\u00ea deve <a href=\"https:\/\/chemswell.com\/pt\/produto\/alfa-php-em-po\/\"><strong>compre Alpha PHP em p\u00f3 online <\/strong><\/a>pois \u00e9 um ingrediente essencial na cria\u00e7\u00e3o de suplementos nutricionais personalizados. \u00c9 um ingrediente poderoso e essencial que pode ser usado para melhorar a sa\u00fade bucal, curar problemas digestivos e ajudar nas metas de perda de peso. O p\u00f3 Alpha PHP tamb\u00e9m cont\u00e9m propriedades antienvelhecimento que ajudam a melhorar a elasticidade da pele e reduzir as rugas. Al\u00e9m disso, cont\u00e9m nutrientes naturais \u00e0 base de plantas, amino\u00e1cidos e enzimas que aumentam o metabolismo.<\/p>\n<h3><strong>Alguns dos benef\u00edcios do p\u00f3 Alpha PHP incluem o seguinte:<\/strong><\/h3>\n<ul>\n<li>auxilia na produ\u00e7\u00e3o de col\u00e1geno, que ajuda a manter a sa\u00fade da pele e dos nervos;<\/li>\n<li>il soulage le stress et l'anxi\u00e9t\u00e9;<\/li>\n<li>ajuda a manter n\u00edveis saud\u00e1veis de a\u00e7\u00facar no sangue;<\/li>\n<li>melhora a fun\u00e7\u00e3o cognitiva e aumenta a clareza mental;<\/li>\n<li>fortalece o sistema imunol\u00f3gico, proporcionando prote\u00e7\u00e3o contra doen\u00e7as e enfermidades.<\/li>\n<\/ul>\n<p>No geral, o p\u00f3 Alpha PHP \u00e9 um suplemento poderoso que traz muitos benef\u00edcios para sua sa\u00fade e bem-estar!<\/p>\n<p><strong>Por que comprar Alpha PHP em p\u00f3?<\/strong><\/p>\n<p>Quer construir m\u00fasculos e perder gordura corporal? <strong>Encomende Alpha PHP em p\u00f3 online<\/strong> na ChemsWell imediatamente! Este suplemento exclusivo \u00e9 uma \u00f3tima maneira de atingir seus objetivos e traz muitos benef\u00edcios.<\/p>\n<p>O Alpha PHP Powder resulta em um crescimento muscular mais r\u00e1pido, estimulando a produ\u00e7\u00e3o natural do horm\u00f4nio de crescimento do corpo. Isso significa que voc\u00ea ver\u00e1 aumentos na for\u00e7a e resist\u00eancia, bem como um aumento na massa muscular. Al\u00e9m disso, o Alpha PHP Powder cont\u00e9m nutrientes essenciais necess\u00e1rios para o crescimento muscular, como prote\u00ednas e amino\u00e1cidos essenciais. Isso garante que voc\u00ea obtenha todos os principais blocos de constru\u00e7\u00e3o necess\u00e1rios para acumular quilos de m\u00fasculos.<\/p>\n<p>Portanto, n\u00e3o espere - comece a usar <strong>Alpha PHP em p\u00f3 on-line<\/strong> hoje para liberar todo o seu potencial e colher as recompensas por si mesmo!<a href=\"https:\/\/chemswell.com\/pt\/produto\/alfa-php-em-po\/\">!<\/a><\/p>","protected":false},"excerpt":{"rendered":"<p>Compre Alpha PHP Powder na ChemsWell hoje! Comprar Alpha PHP Powder \u00e9 um novo suplemento revolucion\u00e1rio que est\u00e1 a tomar o mundo do bem-estar<\/p>","protected":false},"featured_media":9944,"comment_status":"open","ping_status":"closed","template":"","meta":{"_joinchat":[]},"product_cat":[1255],"product_tag":[3412,3402,1522,3393,3397,3396,3404,3395,3405,3407,3414,3415,3413,3410,3394,3409,3406,3401,3399,3411,3408,1530,3400,3403,3398],"yoast_head":"<!-- This site is optimized with the Yoast SEO plugin v23.0 - https:\/\/yoast.com\/wordpress\/plugins\/seo\/ -->\n<title>Alpha PHP for Sale - Buy Alpha PHP Powder Online<\/title>\n<meta name=\"description\" content=\"Best research chemicals site to buy alpha php powder online at cheap prices. Place an order alpha php online, alpa php for sale, discreet alpha php delivery.\" \/>\n<meta name=\"robots\" content=\"index, follow, max-snippet:-1, max-image-preview:large, max-video-preview:-1\" \/>\n<link rel=\"canonical\" href=\"https:\/\/chemswell.com\/pt\/produto\/alfa-php-em-po\/\" \/>\n<meta property=\"og:locale\" content=\"pt_PT\" \/>\n<meta property=\"og:type\" content=\"article\" \/>\n<meta property=\"og:title\" content=\"Alpha PHP for Sale - Buy Alpha PHP Powder Online\" \/>\n<meta property=\"og:description\" content=\"Best research chemicals site to buy alpha php powder online at cheap prices. Place an order alpha php online, alpa php for sale, discreet alpha php delivery.\" \/>\n<meta property=\"og:url\" content=\"https:\/\/chemswell.com\/pt\/produto\/alfa-php-em-po\/\" \/>\n<meta property=\"og:site_name\" content=\"Chemswell\" \/>\n<meta property=\"article:modified_time\" content=\"2026-03-02T11:48:47+00:00\" \/>\n<meta property=\"og:image\" content=\"https:\/\/chemswell.com\/wp-content\/uploads\/2023\/01\/Alpha-PHP-Powder.jpg\" \/>\n\t<meta property=\"og:image:width\" content=\"600\" \/>\n\t<meta property=\"og:image:height\" content=\"600\" \/>\n\t<meta property=\"og:image:type\" content=\"image\/jpeg\" \/>\n<meta name=\"twitter:card\" content=\"summary_large_image\" \/>\n<meta name=\"twitter:label1\" content=\"Tempo estimado de leitura\" \/>\n\t<meta name=\"twitter:data1\" content=\"2 minutos\" \/>\n<!-- \/ Yoast SEO plugin. -->","yoast_head_json":{"title":"Alpha PHP for Sale - Buy Alpha PHP Powder Online","description":"Best research chemicals site to buy alpha php powder online at cheap prices. Place an order alpha php online, alpa php for sale, discreet alpha php delivery.","robots":{"index":"index","follow":"follow","max-snippet":"max-snippet:-1","max-image-preview":"max-image-preview:large","max-video-preview":"max-video-preview:-1"},"canonical":"https:\/\/chemswell.com\/pt\/produto\/alfa-php-em-po\/","og_locale":"pt_PT","og_type":"article","og_title":"Alpha PHP for Sale - Buy Alpha PHP Powder Online","og_description":"Best research chemicals site to buy alpha php powder online at cheap prices. Place an order alpha php online, alpa php for sale, discreet alpha php delivery.","og_url":"https:\/\/chemswell.com\/pt\/produto\/alfa-php-em-po\/","og_site_name":"Chemswell","article_modified_time":"2026-03-02T11:48:47+00:00","og_image":[{"width":600,"height":600,"url":"https:\/\/chemswell.com\/wp-content\/uploads\/2023\/01\/Alpha-PHP-Powder.jpg","type":"image\/jpeg"}],"twitter_card":"summary_large_image","twitter_misc":{"Tempo estimado de leitura":"2 minutos"},"schema":{"@context":"https:\/\/schema.org","@graph":[{"@type":"WebPage","@id":"https:\/\/chemswell.com\/product\/alpha-php-powder\/","url":"https:\/\/chemswell.com\/product\/alpha-php-powder\/","name":"Alpha PHP for Sale - Buy Alpha PHP Powder Online","isPartOf":{"@id":"https:\/\/chemswell.com\/it\/#website"},"primaryImageOfPage":{"@id":"https:\/\/chemswell.com\/product\/alpha-php-powder\/#primaryimage"},"image":{"@id":"https:\/\/chemswell.com\/product\/alpha-php-powder\/#primaryimage"},"thumbnailUrl":"https:\/\/chemswell.com\/wp-content\/uploads\/2023\/01\/Alpha-PHP-Powder.jpg","datePublished":"2023-01-18T11:03:22+00:00","dateModified":"2026-03-02T11:48:47+00:00","description":"Best research chemicals site to buy alpha php powder online at cheap prices. Place an order alpha php online, alpa php for sale, discreet alpha php delivery.","breadcrumb":{"@id":"https:\/\/chemswell.com\/product\/alpha-php-powder\/#breadcrumb"},"inLanguage":"pt-PT","potentialAction":[{"@type":"ReadAction","target":["https:\/\/chemswell.com\/product\/alpha-php-powder\/"]}]},{"@type":"ImageObject","inLanguage":"pt-PT","@id":"https:\/\/chemswell.com\/product\/alpha-php-powder\/#primaryimage","url":"https:\/\/chemswell.com\/wp-content\/uploads\/2023\/01\/Alpha-PHP-Powder.jpg","contentUrl":"https:\/\/chemswell.com\/wp-content\/uploads\/2023\/01\/Alpha-PHP-Powder.jpg","width":600,"height":600,"caption":"Alpha-PHP-Powder"},{"@type":"BreadcrumbList","@id":"https:\/\/chemswell.com\/product\/alpha-php-powder\/#breadcrumb","itemListElement":[{"@type":"ListItem","position":1,"name":"Home","item":"https:\/\/chemswell.com\/ru\/"},{"@type":"ListItem","position":2,"name":"Shop","item":"https:\/\/chemswell.com\/ru\/%d0%bc%d0%b0%d0%b3%d0%b0%d0%b7%d0%b8%d0%bd\/"},{"@type":"ListItem","position":3,"name":"Buy Alpha-PHP Powder"}]},{"@type":"WebSite","@id":"https:\/\/chemswell.com\/it\/#website","url":"https:\/\/chemswell.com\/it\/","name":"Chemswell","description":"#1 Research Chemical Store","potentialAction":[{"@type":"SearchAction","target":{"@type":"EntryPoint","urlTemplate":"https:\/\/chemswell.com\/it\/?s={search_term_string}"},"query-input":"required name=search_term_string"}],"inLanguage":"pt-PT"}]}},"_links":{"self":[{"href":"https:\/\/chemswell.com\/pt\/wp-json\/wp\/v2\/product\/9821"}],"collection":[{"href":"https:\/\/chemswell.com\/pt\/wp-json\/wp\/v2\/product"}],"about":[{"href":"https:\/\/chemswell.com\/pt\/wp-json\/wp\/v2\/types\/product"}],"replies":[{"embeddable":true,"href":"https:\/\/chemswell.com\/pt\/wp-json\/wp\/v2\/comments?post=9821"}],"wp:featuredmedia":[{"embeddable":true,"href":"https:\/\/chemswell.com\/pt\/wp-json\/wp\/v2\/media\/9944"}],"wp:attachment":[{"href":"https:\/\/chemswell.com\/pt\/wp-json\/wp\/v2\/media?parent=9821"}],"wp:term":[{"taxonomy":"product_cat","embeddable":true,"href":"https:\/\/chemswell.com\/pt\/wp-json\/wp\/v2\/product_cat?post=9821"},{"taxonomy":"product_tag","embeddable":true,"href":"https:\/\/chemswell.com\/pt\/wp-json\/wp\/v2\/product_tag?post=9821"}],"curies":[{"name":"wp","href":"https:\/\/api.w.org\/{rel}","templated":true}]}}