{"id":9847,"date":"2023-01-18T11:03:28","date_gmt":"2023-01-18T11:03:28","guid":{"rendered":"https:\/\/legitchemicals.com\/chemswell\/product\/import-placeholder-for-106\/"},"modified":"2025-07-16T09:08:46","modified_gmt":"2025-07-16T09:08:46","slug":"crazy-monkey-spice","status":"publish","type":"product","link":"https:\/\/chemswell.com\/pt\/produto\/tempero-de-macaco-louco\/","title":{"rendered":"Crazy Monkey Spice"},"content":{"rendered":"<h2>Compre o Crazy Monkey Spice a pre\u00e7os econ\u00f4micos hoje na ChemsWell <a href=\"https:\/\/en.wikisource.org\/w\/index.php?go=Go&amp;search=Crazy+Monkey+Spice&amp;title=Special%3ASearch&amp;ns0=1&amp;ns100=1&amp;ns102=1&amp;ns106=1&amp;ns114=1\">!<\/a><\/h2>\n<p>Est\u00e1 \u00e0 procura de um novo produto qu\u00edmico de investiga\u00e7\u00e3o que tenha efeitos loucos? <a href=\"https:\/\/chemswell.com\/pt\/produto\/tempero-de-macaco-louco\/\">Comprar Especiaria de Macaco Louco online<\/a> at <a href=\"https:\/\/chemswell.com\/pt\/\">Chemswell<\/a>. Este produto qu\u00edmico foi desenvolvido para ter efeitos alucinantes e pode ser utilizado de diferentes formas.<\/p>\n<p>Crazy <a href=\"https:\/\/en.wikipedia.org\/wiki\/Monkey\">Monkey<\/a> O Spice \u00e0 venda pode ser utilizado para melhorar a sua experi\u00eancia com outras drogas. Pode ajudar a aumentar a intensidade e a dura\u00e7\u00e3o das suas experi\u00eancias com drogas, dando-lhe uma vantagem sobre a concorr\u00eancia. Al\u00e9m disso, o Crazy Monkey Spice pode ser utilizado como droga isolada ou em combina\u00e7\u00e3o com outras drogas. Como tal, tem potenciais aplica\u00e7\u00f5es numa variedade de campos, como o entretenimento, a recrea\u00e7\u00e3o e o tratamento da depend\u00eancia.<\/p>\n<p>Embora as utiliza\u00e7\u00f5es da Crazy Monkey Spice online sejam infinitas, h\u00e1 algumas coisas que deve ter em mente antes de a adquirir. O correcto armazenamento e utiliza\u00e7\u00e3o deste produto qu\u00edmico s\u00e3o considera\u00e7\u00f5es importantes - certifique-se de que o mant\u00e9m afastado das crian\u00e7as e de outros materiais sens\u00edveis como produtos qu\u00edmicos inflam\u00e1veis ou explosivos.<\/p>\n<h3>Benef\u00edcios da compra de especiarias qu\u00edmicas Crazy Monkey Spice da ChemsWells<\/h3>\n<p>Est\u00e1 \u00e0 procura de um fornecedor fi\u00e1vel de tempero Crazy Monkey online? Se sim, est\u00e1 no s\u00edtio certo. A nossa loja online dedica-se a fornecer produtos de alta qualidade com excelente pot\u00eancia. Al\u00e9m disso, a nossa empresa oferece diversas op\u00e7\u00f5es de pagamento, descontos para grandes quantidades e entrega r\u00e1pida para todo o mundo. Al\u00e9m disso, as nossas fichas de dados de seguran\u00e7a garantem que sabe exatamente no que se est\u00e1 a meter com este fornecedor.<\/p>\n<p>Se procura produtos qu\u00edmicos legais para investiga\u00e7\u00e3o, n\u00e3o deixe de experimentar o Crazy Monkey Spice \u2013 a sua satisfa\u00e7\u00e3o \u00e9 garantida! Eleve hoje mesmo a sua experi\u00eancia ao pr\u00f3ximo n\u00edvel com o produto qu\u00edmico de investiga\u00e7\u00e3o Crazy Monkey Spice da ChemsWell. Encomende Crazy Monkey Spice online na ChemsWell agora mesmo e receba o pacote completo num curto espa\u00e7o de tempo. <a href=\"https:\/\/chemswell.com\/pt\/produto\/tempero-de-macaco-louco\/\">.<\/a><\/p>","protected":false},"excerpt":{"rendered":"<p>Compre Crazy Monkey Spice a pre\u00e7os de custo-benef\u00edcio hoje em ChemsWell! Voc\u00ea est\u00e1 procurando um novo produto qu\u00edmico de pesquisa que tenha louco<\/p>","protected":false},"featured_media":9938,"comment_status":"open","ping_status":"closed","template":"","meta":{"_joinchat":[]},"product_cat":[1256,1257],"product_tag":[2986,2976,1522,2968,2983,2967,2971,2970,2978,2969,2979,2981,2988,2989,2987,2984,2980,2975,2973,2985,2982,1530,2974,2977,2972],"yoast_head":"<!-- This site is optimized with the Yoast SEO plugin v23.0 - https:\/\/yoast.com\/wordpress\/plugins\/seo\/ -->\n<title>Buy Crazy Monkey Spice Online - Crazy Monkey Spice for Sale<\/title>\n<meta name=\"description\" content=\"Your order for crazy monkey spice for sale is our responsibility. We will take your order to crazy monkey spice for sale into consideration and reach you in a short period. Place bulk orders now!\" \/>\n<meta name=\"robots\" content=\"index, follow, max-snippet:-1, max-image-preview:large, max-video-preview:-1\" \/>\n<link rel=\"canonical\" href=\"https:\/\/chemswell.com\/pt\/produto\/tempero-de-macaco-louco\/\" \/>\n<meta property=\"og:locale\" content=\"pt_PT\" \/>\n<meta property=\"og:type\" content=\"article\" \/>\n<meta property=\"og:title\" content=\"Buy Crazy Monkey Spice Online - Crazy Monkey Spice for Sale\" \/>\n<meta property=\"og:description\" content=\"Your order for crazy monkey spice for sale is our responsibility. We will take your order to crazy monkey spice for sale into consideration and reach you in a short period. Place bulk orders now!\" \/>\n<meta property=\"og:url\" content=\"https:\/\/chemswell.com\/pt\/produto\/tempero-de-macaco-louco\/\" \/>\n<meta property=\"og:site_name\" content=\"Chemswell\" \/>\n<meta property=\"article:modified_time\" content=\"2025-07-16T09:08:46+00:00\" \/>\n<meta property=\"og:image\" content=\"https:\/\/chemswell.com\/wp-content\/uploads\/2023\/01\/Crazy-Monkey-Spice.jpg\" \/>\n\t<meta property=\"og:image:width\" content=\"600\" \/>\n\t<meta property=\"og:image:height\" content=\"600\" \/>\n\t<meta property=\"og:image:type\" content=\"image\/jpeg\" \/>\n<meta name=\"twitter:card\" content=\"summary_large_image\" \/>\n<meta name=\"twitter:label1\" content=\"Tempo estimado de leitura\" \/>\n\t<meta name=\"twitter:data1\" content=\"2 minutos\" \/>\n<!-- \/ Yoast SEO plugin. -->","yoast_head_json":{"title":"Buy Crazy Monkey Spice Online - Crazy Monkey Spice for Sale","description":"Your order for crazy monkey spice for sale is our responsibility. We will take your order to crazy monkey spice for sale into consideration and reach you in a short period. Place bulk orders now!","robots":{"index":"index","follow":"follow","max-snippet":"max-snippet:-1","max-image-preview":"max-image-preview:large","max-video-preview":"max-video-preview:-1"},"canonical":"https:\/\/chemswell.com\/pt\/produto\/tempero-de-macaco-louco\/","og_locale":"pt_PT","og_type":"article","og_title":"Buy Crazy Monkey Spice Online - Crazy Monkey Spice for Sale","og_description":"Your order for crazy monkey spice for sale is our responsibility. We will take your order to crazy monkey spice for sale into consideration and reach you in a short period. Place bulk orders now!","og_url":"https:\/\/chemswell.com\/pt\/produto\/tempero-de-macaco-louco\/","og_site_name":"Chemswell","article_modified_time":"2025-07-16T09:08:46+00:00","og_image":[{"width":600,"height":600,"url":"https:\/\/chemswell.com\/wp-content\/uploads\/2023\/01\/Crazy-Monkey-Spice.jpg","type":"image\/jpeg"}],"twitter_card":"summary_large_image","twitter_misc":{"Tempo estimado de leitura":"2 minutos"},"schema":{"@context":"https:\/\/schema.org","@graph":[{"@type":"WebPage","@id":"https:\/\/chemswell.com\/product\/crazy-monkey-spice\/","url":"https:\/\/chemswell.com\/product\/crazy-monkey-spice\/","name":"Buy Crazy Monkey Spice Online - Crazy Monkey Spice for Sale","isPartOf":{"@id":"https:\/\/chemswell.com\/it\/#website"},"primaryImageOfPage":{"@id":"https:\/\/chemswell.com\/product\/crazy-monkey-spice\/#primaryimage"},"image":{"@id":"https:\/\/chemswell.com\/product\/crazy-monkey-spice\/#primaryimage"},"thumbnailUrl":"https:\/\/chemswell.com\/wp-content\/uploads\/2023\/01\/Crazy-Monkey-Spice.jpg","datePublished":"2023-01-18T11:03:28+00:00","dateModified":"2025-07-16T09:08:46+00:00","description":"Your order for crazy monkey spice for sale is our responsibility. We will take your order to crazy monkey spice for sale into consideration and reach you in a short period. Place bulk orders now!","breadcrumb":{"@id":"https:\/\/chemswell.com\/product\/crazy-monkey-spice\/#breadcrumb"},"inLanguage":"pt-PT","potentialAction":[{"@type":"ReadAction","target":["https:\/\/chemswell.com\/product\/crazy-monkey-spice\/"]}]},{"@type":"ImageObject","inLanguage":"pt-PT","@id":"https:\/\/chemswell.com\/product\/crazy-monkey-spice\/#primaryimage","url":"https:\/\/chemswell.com\/wp-content\/uploads\/2023\/01\/Crazy-Monkey-Spice.jpg","contentUrl":"https:\/\/chemswell.com\/wp-content\/uploads\/2023\/01\/Crazy-Monkey-Spice.jpg","width":600,"height":600,"caption":"Crazy-Monkey-Spice"},{"@type":"BreadcrumbList","@id":"https:\/\/chemswell.com\/product\/crazy-monkey-spice\/#breadcrumb","itemListElement":[{"@type":"ListItem","position":1,"name":"Home","item":"https:\/\/chemswell.com\/ru\/"},{"@type":"ListItem","position":2,"name":"Shop","item":"https:\/\/chemswell.com\/ru\/%d0%bc%d0%b0%d0%b3%d0%b0%d0%b7%d0%b8%d0%bd\/"},{"@type":"ListItem","position":3,"name":"Crazy Monkey Spice"}]},{"@type":"WebSite","@id":"https:\/\/chemswell.com\/it\/#website","url":"https:\/\/chemswell.com\/it\/","name":"Chemswell","description":"#1 Research Chemical Store","potentialAction":[{"@type":"SearchAction","target":{"@type":"EntryPoint","urlTemplate":"https:\/\/chemswell.com\/it\/?s={search_term_string}"},"query-input":"required name=search_term_string"}],"inLanguage":"pt-PT"}]}},"_links":{"self":[{"href":"https:\/\/chemswell.com\/pt\/wp-json\/wp\/v2\/product\/9847"}],"collection":[{"href":"https:\/\/chemswell.com\/pt\/wp-json\/wp\/v2\/product"}],"about":[{"href":"https:\/\/chemswell.com\/pt\/wp-json\/wp\/v2\/types\/product"}],"replies":[{"embeddable":true,"href":"https:\/\/chemswell.com\/pt\/wp-json\/wp\/v2\/comments?post=9847"}],"wp:featuredmedia":[{"embeddable":true,"href":"https:\/\/chemswell.com\/pt\/wp-json\/wp\/v2\/media\/9938"}],"wp:attachment":[{"href":"https:\/\/chemswell.com\/pt\/wp-json\/wp\/v2\/media?parent=9847"}],"wp:term":[{"taxonomy":"product_cat","embeddable":true,"href":"https:\/\/chemswell.com\/pt\/wp-json\/wp\/v2\/product_cat?post=9847"},{"taxonomy":"product_tag","embeddable":true,"href":"https:\/\/chemswell.com\/pt\/wp-json\/wp\/v2\/product_tag?post=9847"}],"curies":[{"name":"wp","href":"https:\/\/api.w.org\/{rel}","templated":true}]}}