{"id":9850,"date":"2023-01-18T11:03:28","date_gmt":"2023-01-18T11:03:28","guid":{"rendered":"https:\/\/legitchemicals.com\/chemswell\/product\/import-placeholder-for-109\/"},"modified":"2026-04-01T03:51:14","modified_gmt":"2026-04-01T03:51:14","slug":"jwh-018","status":"publish","type":"product","link":"https:\/\/chemswell.com\/pt\/produto\/jwh-018\/","title":{"rendered":"BUY JWH 018 Online"},"content":{"rendered":"<h2>Compre produtos qu\u00edmicos de pesquisa JWH 018 na ChemsWell<\/h2>\n<p><a href=\"https:\/\/chemswell.com\/pt\/produto\/jwh-018\/\">Comprar JWH-018 Powder Online<\/a>, Are you looking to <strong>compre JWH 018 online<\/strong>? Se assim for, ent\u00e3o voc\u00ea deve considerar ChemsWell para todas as suas necessidades de JWH 018 para venda. ChemsWell \u00e9 a sua fonte de refer\u00eancia para produtos qu\u00edmicos de pesquisa premium, e JWH 018 n\u00e3o \u00e9 exce\u00e7\u00e3o.<\/p>\n<h3>A qualidade de JW18 da ChemsWell<\/h3>\n<p>Ao comprar produtos qu\u00edmicos para pesquisa, \u00e9 importante encontrar uma loja em que voc\u00ea possa confiar. Na ChemsWell, temos a reputa\u00e7\u00e3o de fornecer <strong>JW18 a venda<\/strong> e outros produtos qu\u00edmicos de pesquisa.<\/p>\n<p>Um die Qualit\u00e4t unserer Produkte zu gew\u00e4hrleisten, befolgen wir strenge Sicherheitsprotokolle. Wir verwenden modernste Pr\u00fcfger\u00e4te, um sicherzustellen, dass alle unsere Produkte sicher sind und internationalen Standards entsprechen. Dar\u00fcber hinaus \u00fcberwachen wir aktiv Online-Bewertungen, um sicherzustellen, dass unsere Kunden mit ihrer Erfahrung zufrieden sind....<\/p>\n<p>Na ChemsWell, entendemos que a conveni\u00eancia \u00e9 fundamental ao adquirir produtos qu\u00edmicos de pesquisa. \u00c9 por isso que oferecemos uma plataforma de pedidos online f\u00e1cil de usar e acess\u00edvel de qualquer lugar do mundo. Al\u00e9m disso, nossa garantia de entrega garante que seu pedido chegue com seguran\u00e7a e no prazo.<a href=\"https:\/\/en.wikipedia.org\/wiki\/Chemical_substance\">.<\/a><\/p>\n<p>Por \u00faltimo, mas n\u00e3o menos importante, acreditamos em oferecer aos nossos clientes mais do que apenas <a href=\"https:\/\/en.wikipedia.org\/wiki\/JWH-018\"><strong>JW18 on-line<\/strong><\/a>\u00a0\u2013 oferecemos uma ampla variedade de tipos e especifica\u00e7\u00f5es de produtos para que voc\u00ea possa encontrar o produto qu\u00edmico de pesquisa certo para suas necessidades. E como a qualidade sempre vem em primeiro lugar na ChemsWell, todos os nossos produtos s\u00e3o apoiados por padr\u00f5es incompar\u00e1veis de atendimento ao cliente. Compre JWH-018 Powder Online.<\/p>\n<p>Na ChemsWell, entendemos a import\u00e2ncia de encontrar produtos qu\u00edmicos de pesquisa confi\u00e1veis e de qualidade a um pre\u00e7o acess\u00edvel. Voc\u00ea pode comprar JWH 018 online a pre\u00e7os competitivos e receber atendimento ao cliente imbat\u00edvel. Voc\u00ea pode comprar com confian\u00e7a ao adquirir seus produtos qu\u00edmicos de pesquisa conosco. Portanto, n\u00e3o espere mais - visite ChemsWell hoje para obter as melhores ofertas no JWH 018 de primeira qualidade. <strong>Encomende JWH 018 online<\/strong> imediatamente e espere a entrega no menor per\u00edodo de tempo.<a href=\"https:\/\/chemswell.com\/pt\/\">.<\/a><\/p>\n<h2 id=\"where-is-the-best-spot-to-purchase-jwh-018\">Qual \u00e9 o melhor s\u00edtio para comprar o JWH-018 Online<\/h2>\n<p>Atualmente, \u00e9 extremamente dif\u00edcil encontrar fornecedores de materiais artificiais de exame cuidadoso extraordin\u00e1rio. Se vive na UE, EUA, Fran\u00e7a, Alemanha, Su\u00e9cia, Su\u00ed\u00e7a, Reino Unido, Espanha, It\u00e1lia, Holanda ou noutro pa\u00eds. Pode comprar qualquer coisa, pois enviamos para todo o planeta. V\u00e1rios dos nossos clientes favorecem-nos considerando a forma como ningu\u00e9m. Podemos dar uma assist\u00eancia incr\u00edvel e despesas extraordin\u00e1rias para descontos, investigar cria\u00e7\u00f5es manufaturadas e varejo. A nossa reuni\u00e3o habitual observa novas formas para a melhor mudan\u00e7a, embalagem, por\u00e7\u00e3o. Al\u00e9m disso, de forma confi\u00e1vel, nossa reuni\u00e3o rastreia coisas novas. Por exemplo, JWH 210, MAM-2201, A-PVP, 4-CMC, 5F-AKB48 e claramente AB-FUBINACA AB-PINACA AB-CHMINACA. Da mesma forma, garantimos que nosso teste de subst\u00e2ncias projetadas de avalia\u00e7\u00e3o \u00e9 mais do que quase 100%. As coisas s\u00e3o espremidas e transmitidas dentro de um par de dias depois de pagar a solicita\u00e7\u00e3o. Usamos grupos not\u00e1veis e envelopes excepcionais que impedem que as coisas se machuquem. Comprar 2-FMC online<\/p>","protected":false},"excerpt":{"rendered":"<h1 id=\"firstHeading\" class=\"firstHeading mw-first-heading\"><span class=\"mw-page-title-main\">JWH-018<\/span><\/h1>\n<p><b>JWH-018<\/b>\u00a0(<b>1-pentil-3-(1-naftoil)indole<\/b>,\u00a0<b>NA-PIMO<\/b><sup id=\"cite_ref-2\" class=\"reference\">[<\/sup>\u00a0ou\u00a0<b>AM-678<\/b>) <sup id=\"cite_ref-3\" class=\"reference\"><\/sup>\u00e9 uma subst\u00e2ncia qu\u00edmica analg\u00e9sica da fam\u00edlia do naftoilindole que actua como um agonista completo em ambos os receptores CB<sub>1<\/sub>\u00a0e CB<sub>2<\/sub>\u00a0receptores canabin\u00f3ides, com alguma seletividade para os receptores CB<sub>2<\/sub>. Produz efeitos em animais semelhantes aos do tetrahidrocanabinol (THC), um canabin\u00f3ide naturalmente presente na can\u00e1bis, levando \u00e0 sua utiliza\u00e7\u00e3o em produtos sint\u00e9ticos de can\u00e1bis que, em alguns pa\u00edses, s\u00e3o vendidos legalmente como \"misturas de incenso<\/p>","protected":false},"featured_media":9935,"comment_status":"open","ping_status":"closed","template":"","meta":{"_joinchat":[]},"product_cat":[1255],"product_tag":[1287,1286,1289,1285,1283,1288,1284,1282,1291,1293,1292,1290],"yoast_head":"<!-- This site is optimized with the Yoast SEO plugin v23.0 - https:\/\/yoast.com\/wordpress\/plugins\/seo\/ -->\n<title>Buy JWH-018 Powder Online - JWH-018 for Sale | Chemswell<\/title>\n<meta name=\"description\" content=\"Best research chemicals site to buy jwh 018 online at cheap prices. Place an order jwh-018 online, jwh-018 for sale, discreet jwh-018 delivery.\" \/>\n<meta name=\"robots\" content=\"index, follow, max-snippet:-1, max-image-preview:large, max-video-preview:-1\" \/>\n<link rel=\"canonical\" href=\"https:\/\/chemswell.com\/pt\/produto\/jwh-018\/\" \/>\n<meta property=\"og:locale\" content=\"pt_PT\" \/>\n<meta property=\"og:type\" content=\"article\" \/>\n<meta property=\"og:title\" content=\"Buy JWH-018 Powder Online - JWH-018 for Sale | Chemswell\" \/>\n<meta property=\"og:description\" content=\"Best research chemicals site to buy jwh 018 online at cheap prices. Place an order jwh-018 online, jwh-018 for sale, discreet jwh-018 delivery.\" \/>\n<meta property=\"og:url\" content=\"https:\/\/chemswell.com\/pt\/produto\/jwh-018\/\" \/>\n<meta property=\"og:site_name\" content=\"Chemswell\" \/>\n<meta property=\"article:modified_time\" content=\"2026-04-01T03:51:14+00:00\" \/>\n<meta property=\"og:image\" content=\"https:\/\/chemswell.com\/wp-content\/uploads\/2023\/01\/JWH-018.jpg\" \/>\n\t<meta property=\"og:image:width\" content=\"600\" \/>\n\t<meta property=\"og:image:height\" content=\"600\" \/>\n\t<meta property=\"og:image:type\" content=\"image\/jpeg\" \/>\n<meta name=\"twitter:card\" content=\"summary_large_image\" \/>\n<meta name=\"twitter:label1\" content=\"Tempo estimado de leitura\" \/>\n\t<meta name=\"twitter:data1\" content=\"3 minutos\" \/>\n<!-- \/ Yoast SEO plugin. -->","yoast_head_json":{"title":"Buy JWH-018 Powder Online - JWH-018 for Sale | Chemswell","description":"Best research chemicals site to buy jwh 018 online at cheap prices. Place an order jwh-018 online, jwh-018 for sale, discreet jwh-018 delivery.","robots":{"index":"index","follow":"follow","max-snippet":"max-snippet:-1","max-image-preview":"max-image-preview:large","max-video-preview":"max-video-preview:-1"},"canonical":"https:\/\/chemswell.com\/pt\/produto\/jwh-018\/","og_locale":"pt_PT","og_type":"article","og_title":"Buy JWH-018 Powder Online - JWH-018 for Sale | Chemswell","og_description":"Best research chemicals site to buy jwh 018 online at cheap prices. Place an order jwh-018 online, jwh-018 for sale, discreet jwh-018 delivery.","og_url":"https:\/\/chemswell.com\/pt\/produto\/jwh-018\/","og_site_name":"Chemswell","article_modified_time":"2026-04-01T03:51:14+00:00","og_image":[{"width":600,"height":600,"url":"https:\/\/chemswell.com\/wp-content\/uploads\/2023\/01\/JWH-018.jpg","type":"image\/jpeg"}],"twitter_card":"summary_large_image","twitter_misc":{"Tempo estimado de leitura":"3 minutos"},"schema":{"@context":"https:\/\/schema.org","@graph":[{"@type":"WebPage","@id":"https:\/\/chemswell.com\/product\/jwh-018\/","url":"https:\/\/chemswell.com\/product\/jwh-018\/","name":"Buy JWH-018 Powder Online - JWH-018 for Sale | Chemswell","isPartOf":{"@id":"https:\/\/chemswell.com\/it\/#website"},"primaryImageOfPage":{"@id":"https:\/\/chemswell.com\/product\/jwh-018\/#primaryimage"},"image":{"@id":"https:\/\/chemswell.com\/product\/jwh-018\/#primaryimage"},"thumbnailUrl":"https:\/\/chemswell.com\/wp-content\/uploads\/2023\/01\/JWH-018.jpg","datePublished":"2023-01-18T11:03:28+00:00","dateModified":"2026-04-01T03:51:14+00:00","description":"Best research chemicals site to buy jwh 018 online at cheap prices. Place an order jwh-018 online, jwh-018 for sale, discreet jwh-018 delivery.","breadcrumb":{"@id":"https:\/\/chemswell.com\/product\/jwh-018\/#breadcrumb"},"inLanguage":"pt-PT","potentialAction":[{"@type":"ReadAction","target":["https:\/\/chemswell.com\/product\/jwh-018\/"]}]},{"@type":"ImageObject","inLanguage":"pt-PT","@id":"https:\/\/chemswell.com\/product\/jwh-018\/#primaryimage","url":"https:\/\/chemswell.com\/wp-content\/uploads\/2023\/01\/JWH-018.jpg","contentUrl":"https:\/\/chemswell.com\/wp-content\/uploads\/2023\/01\/JWH-018.jpg","width":600,"height":600,"caption":"Buy JWH-018 Powder Online"},{"@type":"BreadcrumbList","@id":"https:\/\/chemswell.com\/product\/jwh-018\/#breadcrumb","itemListElement":[{"@type":"ListItem","position":1,"name":"Home","item":"https:\/\/chemswell.com\/ru\/"},{"@type":"ListItem","position":2,"name":"Shop","item":"https:\/\/chemswell.com\/ru\/%d0%bc%d0%b0%d0%b3%d0%b0%d0%b7%d0%b8%d0%bd\/"},{"@type":"ListItem","position":3,"name":"BUY JWH 018 Online"}]},{"@type":"WebSite","@id":"https:\/\/chemswell.com\/it\/#website","url":"https:\/\/chemswell.com\/it\/","name":"Chemswell","description":"#1 Research Chemical Store","potentialAction":[{"@type":"SearchAction","target":{"@type":"EntryPoint","urlTemplate":"https:\/\/chemswell.com\/it\/?s={search_term_string}"},"query-input":"required name=search_term_string"}],"inLanguage":"pt-PT"}]}},"_links":{"self":[{"href":"https:\/\/chemswell.com\/pt\/wp-json\/wp\/v2\/product\/9850"}],"collection":[{"href":"https:\/\/chemswell.com\/pt\/wp-json\/wp\/v2\/product"}],"about":[{"href":"https:\/\/chemswell.com\/pt\/wp-json\/wp\/v2\/types\/product"}],"replies":[{"embeddable":true,"href":"https:\/\/chemswell.com\/pt\/wp-json\/wp\/v2\/comments?post=9850"}],"wp:featuredmedia":[{"embeddable":true,"href":"https:\/\/chemswell.com\/pt\/wp-json\/wp\/v2\/media\/9935"}],"wp:attachment":[{"href":"https:\/\/chemswell.com\/pt\/wp-json\/wp\/v2\/media?parent=9850"}],"wp:term":[{"taxonomy":"product_cat","embeddable":true,"href":"https:\/\/chemswell.com\/pt\/wp-json\/wp\/v2\/product_cat?post=9850"},{"taxonomy":"product_tag","embeddable":true,"href":"https:\/\/chemswell.com\/pt\/wp-json\/wp\/v2\/product_tag?post=9850"}],"curies":[{"name":"wp","href":"https:\/\/api.w.org\/{rel}","templated":true}]}}