{"id":9881,"date":"2023-01-18T11:03:36","date_gmt":"2023-01-18T11:03:36","guid":{"rendered":"https:\/\/legitchemicals.com\/chemswell\/product\/import-placeholder-for-140\/"},"modified":"2025-08-22T09:30:46","modified_gmt":"2025-08-22T09:30:46","slug":"k2-spice-paper","status":"publish","type":"product","link":"https:\/\/chemswell.com\/pt\/produto\/papel-k2-para-especiarias\/","title":{"rendered":"Papel K2 Spice"},"content":{"rendered":"<h2>Compre papel picante K2 para venda na ChemsWell!<\/h2>\n<p>O K2 Spice Paper \u00e9 um novo produto que tem vindo a ganhar popularidade recentemente. \u00c9 feito a partir de uma combina\u00e7\u00e3o de especiarias e ervas arom\u00e1ticas, e tem muitos benef\u00edcios tanto para o utilizador como para o ambiente. Se quiser <a href=\"https:\/\/chemswell.com\/pt\/produto\/papel-k2-para-especiarias\/\">comprar K2 Spice Paper online<\/a>, ent\u00e3o chegou \u00e0 loja online certa. Em <a href=\"https:\/\/chemswell.com\/pt\/\">Chemswell<\/a>Temos para venda o Papel para Especiarias K2, dispon\u00edvel a pre\u00e7os acess\u00edveis. Pode encomendar qualquer quantidade e receb\u00ea-lo em breve no endere\u00e7o mencionado.<\/p>\n<h3>O que \u00e9 K Spice Paper?<\/h3>\n<p>K2 Spice Paper \u00e9 um papel feito a partir de uma combina\u00e7\u00e3o de especiarias e ervas arom\u00e1ticas. Est\u00e1 dispon\u00edvel em diferentes tipos, incluindo ervas, org\u00e2nico, desintoxica\u00e7\u00e3o, melhoramento masculino, al\u00edvio da ansiedade, aumento de energia (reduzir a fadiga), sa\u00fade das articula\u00e7\u00f5es (reduzir a inflama\u00e7\u00e3o), e muito mais. Cada tipo de K Spice Paper tem benef\u00edcios \u00fanicos que vale a pena explorar.<\/p>\n<h3>Como utilizo o K SpicePaper?<\/h3>\n<p>Existem muitas formas de usar <a href=\"https:\/\/en.wikipedia.org\/wiki\/K2\">K2<\/a> SpicePaper \u2013 pode ser utilizado como superf\u00edcie de escrita ou como suplemento \u00e0 sua dieta regular. Alguns exemplos incluem a sua utiliza\u00e7\u00e3o como substituto de toalhas de papel ou guardanapos tradicionais; utiliz\u00e1-lo para absorver o excesso de \u00f3leo ou gordura; lev\u00e1-lo consigo em viagens para evitar comer fora; ou adicion\u00e1-lo \u00e0 sua receita favorita para real\u00e7ar o seu sabor ou conte\u00fado nutricional.<\/p>\n<h3>Porque \u00e9 que a ChemsWell \u00e9 o melhor local para comprar papel picante K2 de qualidade?<\/h3>\n<p>Quando se trata de encontrar produtos qu\u00edmicos de qualidade, n\u00e3o h\u00e1 melhor local do que ChemsWell. N\u00e3o s\u00f3 garantimos a qualidade dos nossos produtos qu\u00edmicos, como tamb\u00e9m oferecemos os melhores pre\u00e7os e descontos em produtos qu\u00edmicos seleccionados. As nossas op\u00e7\u00f5es de envio e entrega a n\u00edvel mundial s\u00e3o discretas e r\u00e1pidas, enquanto o nosso servi\u00e7o ao cliente \u00e9 de primeira qualidade.<\/p>\n<p>Para garantir que obt\u00e9m o m\u00e1ximo da sua compra, oferecemos tamb\u00e9m documentos legais e de conformidade com cada compra. Desta forma, pode ter a certeza de que est\u00e1 a utilizar o produto qu\u00edmico correcto para o seu projecto e que \u00e9 legal utiliz\u00e1-lo no seu pa\u00eds\/regi\u00e3o <a href=\"https:\/\/en.wikisource.org\/w\/index.php?fulltext=1&amp;profile=default&amp;search=k2+space+papers&amp;title=Special:Search&amp;ns0=1&amp;ns100=1&amp;ns102=1&amp;ns106=1&amp;ns114=1\">.<\/a><\/p>\n<p>Encomende o papel K2 Spice online na ChemsWell agora mesmo <a href=\"https:\/\/chemswell.com\/pt\/produto\/papel-k2-para-especiarias\/\">!<\/a><\/p>","protected":false},"excerpt":{"rendered":"<p>Compre papel picante K2 para venda na ChemsWell! O K2 Spice Paper \u00e9 um novo produto que tem vindo a ganhar popularidade recentemente. Este  \u00e9 um novo produto que tem ganho popularidade recentemente.<\/p>","protected":false},"featured_media":9932,"comment_status":"open","ping_status":"closed","template":"","meta":{"_joinchat":[]},"product_cat":[1257],"product_tag":[3101,3091,1522,3083,3098,3095,3090,3082,3085,3086,3093,3084,3094,3096,3103,3104,3102,3099,3088,3100,3097,1530,3089,3092,3087],"yoast_head":"<!-- This site is optimized with the Yoast SEO plugin v23.0 - https:\/\/yoast.com\/wordpress\/plugins\/seo\/ -->\n<title>Buy K2 Spice Paper Online - K2 Spice Paper for sale | Chemswell<\/title>\n<meta name=\"description\" content=\"Get k2 spice paper for sale at ChemsWell! k2 spice paper is a new product that has been gaining popularity recently. Buy k2 spice paper dugs online,\" \/>\n<meta name=\"robots\" content=\"index, follow, max-snippet:-1, max-image-preview:large, max-video-preview:-1\" \/>\n<link rel=\"canonical\" href=\"https:\/\/chemswell.com\/pt\/produto\/papel-k2-para-especiarias\/\" \/>\n<meta property=\"og:locale\" content=\"pt_PT\" \/>\n<meta property=\"og:type\" content=\"article\" \/>\n<meta property=\"og:title\" content=\"Buy K2 Spice Paper Online - K2 Spice Paper for sale | Chemswell\" \/>\n<meta property=\"og:description\" content=\"Get k2 spice paper for sale at ChemsWell! k2 spice paper is a new product that has been gaining popularity recently. Buy k2 spice paper dugs online,\" \/>\n<meta property=\"og:url\" content=\"https:\/\/chemswell.com\/pt\/produto\/papel-k2-para-especiarias\/\" \/>\n<meta property=\"og:site_name\" content=\"Chemswell\" \/>\n<meta property=\"article:modified_time\" content=\"2025-08-22T09:30:46+00:00\" \/>\n<meta property=\"og:image\" content=\"https:\/\/chemswell.com\/wp-content\/uploads\/2023\/01\/K2-Spice-Paper.jpg\" \/>\n\t<meta property=\"og:image:width\" content=\"600\" \/>\n\t<meta property=\"og:image:height\" content=\"600\" \/>\n\t<meta property=\"og:image:type\" content=\"image\/jpeg\" \/>\n<meta name=\"twitter:card\" content=\"summary_large_image\" \/>\n<meta name=\"twitter:label1\" content=\"Tempo estimado de leitura\" \/>\n\t<meta name=\"twitter:data1\" content=\"2 minutos\" \/>\n<!-- \/ Yoast SEO plugin. -->","yoast_head_json":{"title":"Buy K2 Spice Paper Online - K2 Spice Paper for sale | Chemswell","description":"Get k2 spice paper for sale at ChemsWell! k2 spice paper is a new product that has been gaining popularity recently. Buy k2 spice paper dugs online,","robots":{"index":"index","follow":"follow","max-snippet":"max-snippet:-1","max-image-preview":"max-image-preview:large","max-video-preview":"max-video-preview:-1"},"canonical":"https:\/\/chemswell.com\/pt\/produto\/papel-k2-para-especiarias\/","og_locale":"pt_PT","og_type":"article","og_title":"Buy K2 Spice Paper Online - K2 Spice Paper for sale | Chemswell","og_description":"Get k2 spice paper for sale at ChemsWell! k2 spice paper is a new product that has been gaining popularity recently. Buy k2 spice paper dugs online,","og_url":"https:\/\/chemswell.com\/pt\/produto\/papel-k2-para-especiarias\/","og_site_name":"Chemswell","article_modified_time":"2025-08-22T09:30:46+00:00","og_image":[{"width":600,"height":600,"url":"https:\/\/chemswell.com\/wp-content\/uploads\/2023\/01\/K2-Spice-Paper.jpg","type":"image\/jpeg"}],"twitter_card":"summary_large_image","twitter_misc":{"Tempo estimado de leitura":"2 minutos"},"schema":{"@context":"https:\/\/schema.org","@graph":[{"@type":"WebPage","@id":"https:\/\/chemswell.com\/product\/k2-spice-paper\/","url":"https:\/\/chemswell.com\/product\/k2-spice-paper\/","name":"Buy K2 Spice Paper Online - K2 Spice Paper for sale | Chemswell","isPartOf":{"@id":"https:\/\/chemswell.com\/it\/#website"},"primaryImageOfPage":{"@id":"https:\/\/chemswell.com\/product\/k2-spice-paper\/#primaryimage"},"image":{"@id":"https:\/\/chemswell.com\/product\/k2-spice-paper\/#primaryimage"},"thumbnailUrl":"https:\/\/chemswell.com\/wp-content\/uploads\/2023\/01\/K2-Spice-Paper.jpg","datePublished":"2023-01-18T11:03:36+00:00","dateModified":"2025-08-22T09:30:46+00:00","description":"Get k2 spice paper for sale at ChemsWell! k2 spice paper is a new product that has been gaining popularity recently. Buy k2 spice paper dugs online,","breadcrumb":{"@id":"https:\/\/chemswell.com\/product\/k2-spice-paper\/#breadcrumb"},"inLanguage":"pt-PT","potentialAction":[{"@type":"ReadAction","target":["https:\/\/chemswell.com\/product\/k2-spice-paper\/"]}]},{"@type":"ImageObject","inLanguage":"pt-PT","@id":"https:\/\/chemswell.com\/product\/k2-spice-paper\/#primaryimage","url":"https:\/\/chemswell.com\/wp-content\/uploads\/2023\/01\/K2-Spice-Paper.jpg","contentUrl":"https:\/\/chemswell.com\/wp-content\/uploads\/2023\/01\/K2-Spice-Paper.jpg","width":600,"height":600,"caption":"K2-Spice-Paper"},{"@type":"BreadcrumbList","@id":"https:\/\/chemswell.com\/product\/k2-spice-paper\/#breadcrumb","itemListElement":[{"@type":"ListItem","position":1,"name":"Home","item":"https:\/\/chemswell.com\/ru\/"},{"@type":"ListItem","position":2,"name":"Shop","item":"https:\/\/chemswell.com\/ru\/%d0%bc%d0%b0%d0%b3%d0%b0%d0%b7%d0%b8%d0%bd\/"},{"@type":"ListItem","position":3,"name":"K2 Spice Paper"}]},{"@type":"WebSite","@id":"https:\/\/chemswell.com\/it\/#website","url":"https:\/\/chemswell.com\/it\/","name":"Chemswell","description":"#1 Research Chemical Store","potentialAction":[{"@type":"SearchAction","target":{"@type":"EntryPoint","urlTemplate":"https:\/\/chemswell.com\/it\/?s={search_term_string}"},"query-input":"required name=search_term_string"}],"inLanguage":"pt-PT"}]}},"_links":{"self":[{"href":"https:\/\/chemswell.com\/pt\/wp-json\/wp\/v2\/product\/9881"}],"collection":[{"href":"https:\/\/chemswell.com\/pt\/wp-json\/wp\/v2\/product"}],"about":[{"href":"https:\/\/chemswell.com\/pt\/wp-json\/wp\/v2\/types\/product"}],"replies":[{"embeddable":true,"href":"https:\/\/chemswell.com\/pt\/wp-json\/wp\/v2\/comments?post=9881"}],"wp:featuredmedia":[{"embeddable":true,"href":"https:\/\/chemswell.com\/pt\/wp-json\/wp\/v2\/media\/9932"}],"wp:attachment":[{"href":"https:\/\/chemswell.com\/pt\/wp-json\/wp\/v2\/media?parent=9881"}],"wp:term":[{"taxonomy":"product_cat","embeddable":true,"href":"https:\/\/chemswell.com\/pt\/wp-json\/wp\/v2\/product_cat?post=9881"},{"taxonomy":"product_tag","embeddable":true,"href":"https:\/\/chemswell.com\/pt\/wp-json\/wp\/v2\/product_tag?post=9881"}],"curies":[{"name":"wp","href":"https:\/\/api.w.org\/{rel}","templated":true}]}}