{"id":9883,"date":"2023-01-18T11:03:36","date_gmt":"2023-01-18T11:03:36","guid":{"rendered":"https:\/\/legitchemicals.com\/chemswell\/product\/import-placeholder-for-142\/"},"modified":"2025-04-12T16:43:39","modified_gmt":"2025-04-12T16:43:39","slug":"king-kong-herbal-incense","status":"publish","type":"product","link":"https:\/\/chemswell.com\/pt\/produto\/incenso-de-ervas-de-king-kong\/","title":{"rendered":"Incenso de ervas King Kong"},"content":{"rendered":"<h2>Compre King Kong Herbal Incenso na ChemsWell <a href=\"https:\/\/chemswell.com\/pt\/produto\/incenso-de-ervas-de-king-kong\/\">!<\/a><\/h2>\n<p>Procura uma forma natural de melhorar o seu humor e clareza mental? <a href=\"https:\/\/chemswell.com\/pt\/produto\/incenso-de-ervas-de-king-kong\/\">Incenso de ervas King Kong para venda<\/a> \u00e9 perfeito para voc\u00ea! Este incenso \u00e9 feito com ingredientes 100% naturais e n\u00e3o cont\u00e9m produtos qu\u00edmicos ou sint\u00e9ticos. Ele tamb\u00e9m n\u00e3o tem efeitos colaterais, ent\u00e3o voc\u00ea pode ter certeza de que est\u00e1 usando um produto seguro e eficaz. Al\u00e9m de seus ingredientes naturais, King Kong Herbal Incense tamb\u00e9m \u00e9 enriquecido com \u00f3leos essenciais e extratos de plantas. Esses ingredientes trabalham juntos para criar um resultado estimulante e calmante que melhorar\u00e1 seu humor geral.<\/p>\n<p>Voc\u00ea pode <strong>Comprar <a href=\"https:\/\/en.wikipedia.org\/wiki\/King_Kong\">Incenso de ervas King Kong<\/a> online<\/strong> at <a href=\"https:\/\/chemswell.com\/pt\/\">Chemswell<\/a>. Tamb\u00e9m n\u00e3o \u00e9 t\u00f3xico e n\u00e3o cria h\u00e1bito, o que significa que n\u00e3o causar\u00e1 efeitos colaterais negativos a longo prazo. Al\u00e9m disso, este incenso foi testado em laborat\u00f3rio quanto \u00e0 seguran\u00e7a e garantia de qualidade. Como resultado, voc\u00ea pode ter certeza de que este produto \u00e9 da mais alta qualidade e fornecer\u00e1 os resultados que voc\u00ea est\u00e1 procurando.<\/p>\n<p>Finalmente, quando se trata de efeitos de aromaterapia, King Kong Herbal Incense online n\u00e3o decepciona! Este incenso cont\u00e9m ervas potentes conhecidas por promover relaxamento e al\u00edvio do estresse. Combinadas com suas propriedades calmantes, essas ervas ajudam a reduzir a inflama\u00e7\u00e3o enquanto estimulam o sistema imunol\u00f3gico. Se voc\u00ea est\u00e1 procurando uma maneira eficaz de melhorar seu humor e clareza mental, <strong>encomendar King Kong Herbal Incense online<\/strong> hoje!<\/p>\n<h3>Satisfa\u00e7\u00e3o 100% garantida com os pedidos da ChemsWell<\/h3>\n<p>Procurando o produto qu\u00edmico de pesquisa de incenso de ervas King Kong da mais alta qualidade dispon\u00edvel? N\u00e3o procure mais do que ChemsWell! Nossos produtos s\u00e3o da mais alta qualidade e oferecemos 100% de garantia de satisfa\u00e7\u00e3o em cada compra. Al\u00e9m disso, nosso sistema de entrega r\u00e1pida far\u00e1 com que seus pedidos cheguem at\u00e9 voc\u00ea de forma r\u00e1pida e global. Voc\u00ea poder\u00e1 escolher entre uma variedade de op\u00e7\u00f5es, e nossa equipe de atendimento ao cliente est\u00e1 dispon\u00edvel 24 horas por dia, 7 dias por semana, para ajud\u00e1-lo com tudo o que voc\u00ea precisar. Com m\u00e9todos de pagamento seguros e produtos inovadores, nunca houve um momento melhor para comprar na ChemsWell. Portanto, n\u00e3o espere mais - encomende hoje mesmo o seu King Kong Herbal Incenso Research Chemical de alta qualidade <a href=\"https:\/\/en.wikisource.org\/w\/index.php?go=Go&amp;search=king+kong+Incense&amp;title=Special%3ASearch&amp;ns0=1&amp;ns100=1&amp;ns102=1&amp;ns106=1&amp;ns114=1\">!<\/a><\/p>","protected":false},"excerpt":{"rendered":"<p>Comprar Incenso de Ervas King Kong em ChemsWell! Est\u00e1 \u00e0 procura de uma forma natural de melhorar o seu humor e clareza mental?<\/p>","protected":false},"featured_media":9934,"comment_status":"open","ping_status":"closed","template":"","meta":{"_joinchat":[]},"product_cat":[1256],"product_tag":[3055,3045,1522,3037,3052,3049,3044,3036,3039,3040,3047,3038,3048,3050,3057,3058,3056,3053,3042,3054,3051,1530,3043,3046,3041],"yoast_head":"<!-- This site is optimized with the Yoast SEO plugin v23.0 - https:\/\/yoast.com\/wordpress\/plugins\/seo\/ -->\n<title>Buy King Kong Herbal Incense Online - King Kong Herbal for Sale<\/title>\n<meta name=\"description\" content=\"If you are passionate to buy king kong herbal incense online, then our store is the best place to king kong herbal incense for sale. Order now and receive it shortly!\" \/>\n<meta name=\"robots\" content=\"index, follow, max-snippet:-1, max-image-preview:large, max-video-preview:-1\" \/>\n<link rel=\"canonical\" href=\"https:\/\/chemswell.com\/pt\/produto\/incenso-de-ervas-de-king-kong\/\" \/>\n<meta property=\"og:locale\" content=\"pt_PT\" \/>\n<meta property=\"og:type\" content=\"article\" \/>\n<meta property=\"og:title\" content=\"Buy King Kong Herbal Incense Online - King Kong Herbal for Sale\" \/>\n<meta property=\"og:description\" content=\"If you are passionate to buy king kong herbal incense online, then our store is the best place to king kong herbal incense for sale. Order now and receive it shortly!\" \/>\n<meta property=\"og:url\" content=\"https:\/\/chemswell.com\/pt\/produto\/incenso-de-ervas-de-king-kong\/\" \/>\n<meta property=\"og:site_name\" content=\"Chemswell\" \/>\n<meta property=\"article:modified_time\" content=\"2025-04-12T16:43:39+00:00\" \/>\n<meta property=\"og:image\" content=\"https:\/\/chemswell.com\/wp-content\/uploads\/2023\/01\/King-Kong-Herbal-Incense.jpg\" \/>\n\t<meta property=\"og:image:width\" content=\"600\" \/>\n\t<meta property=\"og:image:height\" content=\"600\" \/>\n\t<meta property=\"og:image:type\" content=\"image\/jpeg\" \/>\n<meta name=\"twitter:card\" content=\"summary_large_image\" \/>\n<meta name=\"twitter:label1\" content=\"Tempo estimado de leitura\" \/>\n\t<meta name=\"twitter:data1\" content=\"2 minutos\" \/>\n<!-- \/ Yoast SEO plugin. -->","yoast_head_json":{"title":"Buy King Kong Herbal Incense Online - King Kong Herbal for Sale","description":"If you are passionate to buy king kong herbal incense online, then our store is the best place to king kong herbal incense for sale. Order now and receive it shortly!","robots":{"index":"index","follow":"follow","max-snippet":"max-snippet:-1","max-image-preview":"max-image-preview:large","max-video-preview":"max-video-preview:-1"},"canonical":"https:\/\/chemswell.com\/pt\/produto\/incenso-de-ervas-de-king-kong\/","og_locale":"pt_PT","og_type":"article","og_title":"Buy King Kong Herbal Incense Online - King Kong Herbal for Sale","og_description":"If you are passionate to buy king kong herbal incense online, then our store is the best place to king kong herbal incense for sale. Order now and receive it shortly!","og_url":"https:\/\/chemswell.com\/pt\/produto\/incenso-de-ervas-de-king-kong\/","og_site_name":"Chemswell","article_modified_time":"2025-04-12T16:43:39+00:00","og_image":[{"width":600,"height":600,"url":"https:\/\/chemswell.com\/wp-content\/uploads\/2023\/01\/King-Kong-Herbal-Incense.jpg","type":"image\/jpeg"}],"twitter_card":"summary_large_image","twitter_misc":{"Tempo estimado de leitura":"2 minutos"},"schema":{"@context":"https:\/\/schema.org","@graph":[{"@type":"WebPage","@id":"https:\/\/chemswell.com\/product\/king-kong-herbal-incense\/","url":"https:\/\/chemswell.com\/product\/king-kong-herbal-incense\/","name":"Buy King Kong Herbal Incense Online - King Kong Herbal for Sale","isPartOf":{"@id":"https:\/\/chemswell.com\/it\/#website"},"primaryImageOfPage":{"@id":"https:\/\/chemswell.com\/product\/king-kong-herbal-incense\/#primaryimage"},"image":{"@id":"https:\/\/chemswell.com\/product\/king-kong-herbal-incense\/#primaryimage"},"thumbnailUrl":"https:\/\/chemswell.com\/wp-content\/uploads\/2023\/01\/King-Kong-Herbal-Incense.jpg","datePublished":"2023-01-18T11:03:36+00:00","dateModified":"2025-04-12T16:43:39+00:00","description":"If you are passionate to buy king kong herbal incense online, then our store is the best place to king kong herbal incense for sale. Order now and receive it shortly!","breadcrumb":{"@id":"https:\/\/chemswell.com\/product\/king-kong-herbal-incense\/#breadcrumb"},"inLanguage":"pt-PT","potentialAction":[{"@type":"ReadAction","target":["https:\/\/chemswell.com\/product\/king-kong-herbal-incense\/"]}]},{"@type":"ImageObject","inLanguage":"pt-PT","@id":"https:\/\/chemswell.com\/product\/king-kong-herbal-incense\/#primaryimage","url":"https:\/\/chemswell.com\/wp-content\/uploads\/2023\/01\/King-Kong-Herbal-Incense.jpg","contentUrl":"https:\/\/chemswell.com\/wp-content\/uploads\/2023\/01\/King-Kong-Herbal-Incense.jpg","width":600,"height":600,"caption":"King-Kong-Herbal-Incense"},{"@type":"BreadcrumbList","@id":"https:\/\/chemswell.com\/product\/king-kong-herbal-incense\/#breadcrumb","itemListElement":[{"@type":"ListItem","position":1,"name":"Home","item":"https:\/\/chemswell.com\/ru\/"},{"@type":"ListItem","position":2,"name":"Shop","item":"https:\/\/chemswell.com\/ru\/%d0%bc%d0%b0%d0%b3%d0%b0%d0%b7%d0%b8%d0%bd\/"},{"@type":"ListItem","position":3,"name":"King Kong Herbal Incense"}]},{"@type":"WebSite","@id":"https:\/\/chemswell.com\/it\/#website","url":"https:\/\/chemswell.com\/it\/","name":"Chemswell","description":"#1 Research Chemical Store","potentialAction":[{"@type":"SearchAction","target":{"@type":"EntryPoint","urlTemplate":"https:\/\/chemswell.com\/it\/?s={search_term_string}"},"query-input":"required name=search_term_string"}],"inLanguage":"pt-PT"}]}},"_links":{"self":[{"href":"https:\/\/chemswell.com\/pt\/wp-json\/wp\/v2\/product\/9883"}],"collection":[{"href":"https:\/\/chemswell.com\/pt\/wp-json\/wp\/v2\/product"}],"about":[{"href":"https:\/\/chemswell.com\/pt\/wp-json\/wp\/v2\/types\/product"}],"replies":[{"embeddable":true,"href":"https:\/\/chemswell.com\/pt\/wp-json\/wp\/v2\/comments?post=9883"}],"wp:featuredmedia":[{"embeddable":true,"href":"https:\/\/chemswell.com\/pt\/wp-json\/wp\/v2\/media\/9934"}],"wp:attachment":[{"href":"https:\/\/chemswell.com\/pt\/wp-json\/wp\/v2\/media?parent=9883"}],"wp:term":[{"taxonomy":"product_cat","embeddable":true,"href":"https:\/\/chemswell.com\/pt\/wp-json\/wp\/v2\/product_cat?post=9883"},{"taxonomy":"product_tag","embeddable":true,"href":"https:\/\/chemswell.com\/pt\/wp-json\/wp\/v2\/product_tag?post=9883"}],"curies":[{"name":"wp","href":"https:\/\/api.w.org\/{rel}","templated":true}]}}