{"id":9911,"date":"2023-01-18T11:03:43","date_gmt":"2023-01-18T11:03:43","guid":{"rendered":"https:\/\/legitchemicals.com\/chemswell\/product\/import-placeholder-for-171\/"},"modified":"2025-01-08T09:34:24","modified_gmt":"2025-01-08T09:34:24","slug":"space-cadet-herbal-incense","status":"publish","type":"product","link":"https:\/\/chemswell.com\/pt\/produto\/incenso-de-ervas-space-cadet\/","title":{"rendered":"Space Cadet Herbal Incense"},"content":{"rendered":"<h2>Compre Space Cadet Herbal Incenso na ChemsWell!<\/h2>\n<p>Se procura incenso de ervas de qualidade premium e sem qu\u00edmicos, <a href=\"https:\/\/chemswell.com\/pt\/produto\/incenso-de-ervas-space-cadet\/\">comprar incenso de ervas Space Cadet online<\/a> na ChemsWell. Os nossos produtos s\u00e3o provenientes dos laborat\u00f3rios mais conceituados do mundo e s\u00e3o concebidos para fornecer aromas excitantes para uso em rituais e cerim\u00f3nias. Os nossos ingredientes naturais s\u00e3o utilizados para produzir produtos eficazes e seguros que ir\u00e3o impulsionar o seu bem-estar espiritual e emocional.<\/p>\n<p><a href=\"https:\/\/en.wikipedia.org\/wiki\/Synthetic_cannabinoids\"><strong>Space Cadet Herbal Incenso para venda<\/strong><\/a> vem numa variedade de aromas diferentes que agradar\u00e3o a todos, incluindo c\u00edtricos, menta, lavanda, baunilha, e aromas de madeira. Al\u00e9m disso, o nosso processo seguro de encomenda online torna mais f\u00e1cil para si deitar as m\u00e3os a um incenso com cheiro espantoso, mesmo quando precisa dele. <a href=\"https:\/\/chemswell.com\/pt\/\">Chemswell<\/a><\/p>\n<p>Os nossos produtos qu\u00edmicos testados em laborat\u00f3rio e a an\u00e1lise do perfil qu\u00edmico atribu\u00eddo significam que pode confiar nos nossos produtos - eles t\u00eam a garantia de serem eficazes e seguros. Tamb\u00e9m oferecemos transporte de baixo custo em todo o mundo com embalagens discretas, para que possa manter a sua privacidade intacta.<a href=\"https:\/\/chemswell.com\/pt\/produto\/incenso-de-ervas-space-cadet\/\">.<\/a><\/p>\n<h3>Instru\u00e7\u00f5es de armazenamento de incenso para cadete espacial Herbal<\/h3>\n<p>A fim de armazenar e medir a sua dosagem de Space Cadet de forma segura e respons\u00e1vel, siga estas directrizes: Mantenha o incenso num local fresco e seco, longe da luz solar directa; me\u00e7a a sua dose por peso em vez do volume; evite fumar enquanto toma Space Cadet; se sentir efeitos secund\u00e1rios negativos, tais como sonol\u00eancia ou coordena\u00e7\u00e3o deficiente ap\u00f3s tomar Space Cadet, por favor interrompa imediatamente a sua utiliza\u00e7\u00e3o e consulte o seu prestador de cuidados de sa\u00fade.<\/p>\n<p>A Chemswell oferece compras seguras online de incenso \u00e0 base de ervas, tais como Space Cadet, fornecendo medidas de controlo de qualidade, tais como um processo de pagamento seguro e embalagem discreta. Todos os produtos vendidos atrav\u00e9s da Chemswell s\u00e3o legais na maioria dos pa\u00edses do mundo devido \u00e0s suas listas de ingredientes convencionais (\u00f3leo de eucalipto, etc.). Tamb\u00e9m levamos a s\u00e9rio as preocupa\u00e7\u00f5es de privacidade na ChemsWell e nunca venderemos dados de clientes sem o seu consentimento expresso.<\/p>\n<p>Pode agora encomendar facilmente o Space Cadet Herbal Incense online na ChemsWell. Estamos aqui para entregar a sua encomenda dentro de um curto espa\u00e7o de tempo<a href=\"https:\/\/en.wikisource.org\/wiki\/Hobson-Jobson\/B\">.<\/a><\/p>","protected":false},"excerpt":{"rendered":"<p>Comprar Incenso de Ervas Space Cadet em ChemsWell! Se est\u00e1 \u00e0 procura de incenso de ervas de qualidade superior e sem qu\u00edmicos, compre Space Cadet Herbal Incense online em<\/p>","protected":false},"featured_media":9927,"comment_status":"open","ping_status":"closed","template":"","meta":{"_joinchat":[]},"product_cat":[1256],"product_tag":[3193,3183,1522,3175,3190,3187,3182,3180,3192,3189,3174,3177,3185,3176,3186,3178,3188,3195,3196,3194,3191,1530,3181,3184,3179],"yoast_head":"<!-- This site is optimized with the Yoast SEO plugin v23.0 - https:\/\/yoast.com\/wordpress\/plugins\/seo\/ -->\n<title>Buy Space Cadet Herbal Incense Online @ Best Price | Chemswell<\/title>\n<meta name=\"description\" content=\"At our Chemswell, you can get space cadet herbal incense for sale at cheap rates. Here you can buy space cadet herbal incense online. Place your order now!\" \/>\n<meta name=\"robots\" content=\"index, follow, max-snippet:-1, max-image-preview:large, max-video-preview:-1\" \/>\n<link rel=\"canonical\" href=\"https:\/\/chemswell.com\/pt\/produto\/incenso-de-ervas-space-cadet\/\" \/>\n<meta property=\"og:locale\" content=\"pt_PT\" \/>\n<meta property=\"og:type\" content=\"article\" \/>\n<meta property=\"og:title\" content=\"Buy Space Cadet Herbal Incense Online @ Best Price | Chemswell\" \/>\n<meta property=\"og:description\" content=\"At our Chemswell, you can get space cadet herbal incense for sale at cheap rates. Here you can buy space cadet herbal incense online. Place your order now!\" \/>\n<meta property=\"og:url\" content=\"https:\/\/chemswell.com\/pt\/produto\/incenso-de-ervas-space-cadet\/\" \/>\n<meta property=\"og:site_name\" content=\"Chemswell\" \/>\n<meta property=\"article:modified_time\" content=\"2025-01-08T09:34:24+00:00\" \/>\n<meta property=\"og:image\" content=\"https:\/\/chemswell.com\/wp-content\/uploads\/2023\/01\/Space-Cadet-Herbal-Incense.jpg\" \/>\n\t<meta property=\"og:image:width\" content=\"600\" \/>\n\t<meta property=\"og:image:height\" content=\"600\" \/>\n\t<meta property=\"og:image:type\" content=\"image\/jpeg\" \/>\n<meta name=\"twitter:card\" content=\"summary_large_image\" \/>\n<meta name=\"twitter:label1\" content=\"Tempo estimado de leitura\" \/>\n\t<meta name=\"twitter:data1\" content=\"2 minutos\" \/>\n<!-- \/ Yoast SEO plugin. -->","yoast_head_json":{"title":"Buy Space Cadet Herbal Incense Online @ Best Price | Chemswell","description":"At our Chemswell, you can get space cadet herbal incense for sale at cheap rates. Here you can buy space cadet herbal incense online. Place your order now!","robots":{"index":"index","follow":"follow","max-snippet":"max-snippet:-1","max-image-preview":"max-image-preview:large","max-video-preview":"max-video-preview:-1"},"canonical":"https:\/\/chemswell.com\/pt\/produto\/incenso-de-ervas-space-cadet\/","og_locale":"pt_PT","og_type":"article","og_title":"Buy Space Cadet Herbal Incense Online @ Best Price | Chemswell","og_description":"At our Chemswell, you can get space cadet herbal incense for sale at cheap rates. Here you can buy space cadet herbal incense online. Place your order now!","og_url":"https:\/\/chemswell.com\/pt\/produto\/incenso-de-ervas-space-cadet\/","og_site_name":"Chemswell","article_modified_time":"2025-01-08T09:34:24+00:00","og_image":[{"width":600,"height":600,"url":"https:\/\/chemswell.com\/wp-content\/uploads\/2023\/01\/Space-Cadet-Herbal-Incense.jpg","type":"image\/jpeg"}],"twitter_card":"summary_large_image","twitter_misc":{"Tempo estimado de leitura":"2 minutos"},"schema":{"@context":"https:\/\/schema.org","@graph":[{"@type":"WebPage","@id":"https:\/\/chemswell.com\/product\/space-cadet-herbal-incense\/","url":"https:\/\/chemswell.com\/product\/space-cadet-herbal-incense\/","name":"Buy Space Cadet Herbal Incense Online @ Best Price | Chemswell","isPartOf":{"@id":"https:\/\/chemswell.com\/it\/#website"},"primaryImageOfPage":{"@id":"https:\/\/chemswell.com\/product\/space-cadet-herbal-incense\/#primaryimage"},"image":{"@id":"https:\/\/chemswell.com\/product\/space-cadet-herbal-incense\/#primaryimage"},"thumbnailUrl":"https:\/\/chemswell.com\/wp-content\/uploads\/2023\/01\/Space-Cadet-Herbal-Incense.jpg","datePublished":"2023-01-18T11:03:43+00:00","dateModified":"2025-01-08T09:34:24+00:00","description":"At our Chemswell, you can get space cadet herbal incense for sale at cheap rates. Here you can buy space cadet herbal incense online. Place your order now!","breadcrumb":{"@id":"https:\/\/chemswell.com\/product\/space-cadet-herbal-incense\/#breadcrumb"},"inLanguage":"pt-PT","potentialAction":[{"@type":"ReadAction","target":["https:\/\/chemswell.com\/product\/space-cadet-herbal-incense\/"]}]},{"@type":"ImageObject","inLanguage":"pt-PT","@id":"https:\/\/chemswell.com\/product\/space-cadet-herbal-incense\/#primaryimage","url":"https:\/\/chemswell.com\/wp-content\/uploads\/2023\/01\/Space-Cadet-Herbal-Incense.jpg","contentUrl":"https:\/\/chemswell.com\/wp-content\/uploads\/2023\/01\/Space-Cadet-Herbal-Incense.jpg","width":600,"height":600,"caption":"Space-Cadet-Herbal-Incense"},{"@type":"BreadcrumbList","@id":"https:\/\/chemswell.com\/product\/space-cadet-herbal-incense\/#breadcrumb","itemListElement":[{"@type":"ListItem","position":1,"name":"Home","item":"https:\/\/chemswell.com\/ru\/"},{"@type":"ListItem","position":2,"name":"Shop","item":"https:\/\/chemswell.com\/ru\/%d0%bc%d0%b0%d0%b3%d0%b0%d0%b7%d0%b8%d0%bd\/"},{"@type":"ListItem","position":3,"name":"Space Cadet Herbal Incense"}]},{"@type":"WebSite","@id":"https:\/\/chemswell.com\/it\/#website","url":"https:\/\/chemswell.com\/it\/","name":"Chemswell","description":"#1 Research Chemical Store","potentialAction":[{"@type":"SearchAction","target":{"@type":"EntryPoint","urlTemplate":"https:\/\/chemswell.com\/it\/?s={search_term_string}"},"query-input":"required name=search_term_string"}],"inLanguage":"pt-PT"}]}},"_links":{"self":[{"href":"https:\/\/chemswell.com\/pt\/wp-json\/wp\/v2\/product\/9911"}],"collection":[{"href":"https:\/\/chemswell.com\/pt\/wp-json\/wp\/v2\/product"}],"about":[{"href":"https:\/\/chemswell.com\/pt\/wp-json\/wp\/v2\/types\/product"}],"replies":[{"embeddable":true,"href":"https:\/\/chemswell.com\/pt\/wp-json\/wp\/v2\/comments?post=9911"}],"wp:featuredmedia":[{"embeddable":true,"href":"https:\/\/chemswell.com\/pt\/wp-json\/wp\/v2\/media\/9927"}],"wp:attachment":[{"href":"https:\/\/chemswell.com\/pt\/wp-json\/wp\/v2\/media?parent=9911"}],"wp:term":[{"taxonomy":"product_cat","embeddable":true,"href":"https:\/\/chemswell.com\/pt\/wp-json\/wp\/v2\/product_cat?post=9911"},{"taxonomy":"product_tag","embeddable":true,"href":"https:\/\/chemswell.com\/pt\/wp-json\/wp\/v2\/product_tag?post=9911"}],"curies":[{"name":"wp","href":"https:\/\/api.w.org\/{rel}","templated":true}]}}