{"id":9953,"date":"2023-01-21T15:56:56","date_gmt":"2023-01-21T15:56:56","guid":{"rendered":"https:\/\/chemswell.com\/?post_type=product&#038;p=9953"},"modified":"2025-08-22T18:08:59","modified_gmt":"2025-08-22T18:08:59","slug":"crystal-meth","status":"publish","type":"product","link":"https:\/\/chemswell.com\/pt\/produto\/metanfetamina-cristalina\/","title":{"rendered":"Metanfetamina"},"content":{"rendered":"<h2><strong>Compre Crystal Meth Research Chemical na ChemsWell!<\/strong><\/h2>\n<p>Procurando o melhor <a href=\"https:\/\/chemswell.com\/pt\/produto\/metanfetamina-cristalina\/\"><strong>Cristal Metanfetamina para venda<\/strong><\/a> l\u00e1 fora? N\u00e3o procure mais do que <a href=\"https:\/\/chemswell.com\/pt\/\">Chemswell<\/a>Oferecemos uma vasta gama de produtos fi\u00e1veis e de alta qualidade, perfeitos para quem procura progredir no mercado da droga. A nossa miss\u00e3o \u00e9 oferecer aos nossos clientes a melhor qualidade e pureza poss\u00edveis a pre\u00e7os imbat\u00edveis. Al\u00e9m disso, oferecemos total confidencialidade \u2013 para que tenha a certeza de que as suas informa\u00e7\u00f5es permanecer\u00e3o confidenciais.<\/p>\n<p>Nossa promessa de pre\u00e7o garante que voc\u00ea nunca ficar\u00e1 desapontado com nossos produtos. Al\u00e9m disso, se algo der errado com seu pedido \u2013 n\u00e3o importa o qu\u00e3o pequeno \u2013 faremos de tudo para consertar. Tamb\u00e9m temos um plano de compensa\u00e7\u00e3o em vigor caso algo d\u00ea errado com sua remessa. Finalmente, temos uma equipe experiente de atendimento ao cliente que se dedica a tudo relacionado ao Crystal Meth e suas aplica\u00e7\u00f5es. Portanto, seja voc\u00ea um novato ou um especialista, temos o conhecimento e o suporte de que voc\u00ea precisa para aproveitar ao m\u00e1ximo os produtos ChemsWell!<\/p>\n<h3><strong>Envio seguro e embalagem discreta<\/strong><\/h3>\n<p>Quando voc\u00ea <strong>Comprar <a href=\"https:\/\/en.wikipedia.org\/wiki\/Crystal%20Meth?redirect=no&amp;useFormat=mobile\">metanfetamina cristalina<\/a> online<\/strong>, voc\u00ea precisa ter certeza de que est\u00e1 obtendo a melhor qualidade poss\u00edvel. \u00c9 a\u00ed que entramos. Nossa loja online oferece cristais de alta qualidade a pre\u00e7os acess\u00edveis e entregamos produtos diretamente \u00e0 sua porta. Usamos embalagens discretas e m\u00e9todos de envio seguros para garantir que seus produtos estejam seguros e protegidos quando chegarem. Al\u00e9m disso, temos uma equipe de pessoal treinado que garantir\u00e1 que os produtos sejam manuseados com seguran\u00e7a durante o transporte.<\/p>\n<p>Tamb\u00e9m levamos a satisfa\u00e7\u00e3o do cliente muito a s\u00e9rio, e \u00e9 por isso que oferecemos um gateway de pagamento 100% seguro para todos os clientes. Portanto, nossa loja \u00e9 o lugar perfeito para ir se voc\u00ea quiser <strong>encomendar metanfetaminas de cristal online<\/strong> para fins educacionais ou para uso pessoal.<\/p>\n<p><strong>Comprar metanfetaminas de cristal<\/strong> na ChemsWell imediatamente e receber o pacote completo dentro de um curto per\u00edodo de tempo. <a href=\"https:\/\/chemswell.com\/pt\/produto\/metanfetamina-cristalina\/\">.<\/a><\/p>","protected":false},"excerpt":{"rendered":"<p>Buy Crystal Meth Research Chemical At ChemsWell! Looking for the best Crystal Meth for sale out there? Look no further than Chemswell.<\/p>","protected":false},"featured_media":9954,"comment_status":"open","ping_status":"closed","template":"","meta":{"_joinchat":[]},"product_cat":[1258],"product_tag":[3233,3223,1522,120,3230,119,3220,123,3225,122,3226,3228,3235,3236,3234,3231,3227,3222,124,3232,3229,1530,128,3224,3221],"yoast_head":"<!-- This site is optimized with the Yoast SEO plugin v23.0 - https:\/\/yoast.com\/wordpress\/plugins\/seo\/ -->\n<title>Buy Crystal Meth online - Crystal Meth for Sale | Chemswell<\/title>\n<meta name=\"description\" content=\"Buy Crystal Meth online, Research chemicals for sale at chemswell! Looking for the best crystal meth for sale out there? Look no further than ChemsWell.\" \/>\n<meta name=\"robots\" content=\"index, follow, max-snippet:-1, max-image-preview:large, max-video-preview:-1\" \/>\n<link rel=\"canonical\" href=\"https:\/\/chemswell.com\/pt\/produto\/metanfetamina-cristalina\/\" \/>\n<meta property=\"og:locale\" content=\"pt_PT\" \/>\n<meta property=\"og:type\" content=\"article\" \/>\n<meta property=\"og:title\" content=\"Buy Crystal Meth online - Crystal Meth for Sale | Chemswell\" \/>\n<meta property=\"og:description\" content=\"Buy Crystal Meth online, Research chemicals for sale at chemswell! Looking for the best crystal meth for sale out there? Look no further than ChemsWell.\" \/>\n<meta property=\"og:url\" content=\"https:\/\/chemswell.com\/pt\/produto\/metanfetamina-cristalina\/\" \/>\n<meta property=\"og:site_name\" content=\"Chemswell\" \/>\n<meta property=\"article:modified_time\" content=\"2025-08-22T18:08:59+00:00\" \/>\n<meta property=\"og:image\" content=\"https:\/\/chemswell.com\/wp-content\/uploads\/2023\/01\/crystal-meth.jpg\" \/>\n\t<meta property=\"og:image:width\" content=\"600\" \/>\n\t<meta property=\"og:image:height\" content=\"600\" \/>\n\t<meta property=\"og:image:type\" content=\"image\/jpeg\" \/>\n<meta name=\"twitter:card\" content=\"summary_large_image\" \/>\n<meta name=\"twitter:label1\" content=\"Tempo estimado de leitura\" \/>\n\t<meta name=\"twitter:data1\" content=\"2 minutos\" \/>\n<!-- \/ Yoast SEO plugin. -->","yoast_head_json":{"title":"Buy Crystal Meth online - Crystal Meth for Sale | Chemswell","description":"Buy Crystal Meth online, Research chemicals for sale at chemswell! Looking for the best crystal meth for sale out there? Look no further than ChemsWell.","robots":{"index":"index","follow":"follow","max-snippet":"max-snippet:-1","max-image-preview":"max-image-preview:large","max-video-preview":"max-video-preview:-1"},"canonical":"https:\/\/chemswell.com\/pt\/produto\/metanfetamina-cristalina\/","og_locale":"pt_PT","og_type":"article","og_title":"Buy Crystal Meth online - Crystal Meth for Sale | Chemswell","og_description":"Buy Crystal Meth online, Research chemicals for sale at chemswell! Looking for the best crystal meth for sale out there? Look no further than ChemsWell.","og_url":"https:\/\/chemswell.com\/pt\/produto\/metanfetamina-cristalina\/","og_site_name":"Chemswell","article_modified_time":"2025-08-22T18:08:59+00:00","og_image":[{"width":600,"height":600,"url":"https:\/\/chemswell.com\/wp-content\/uploads\/2023\/01\/crystal-meth.jpg","type":"image\/jpeg"}],"twitter_card":"summary_large_image","twitter_misc":{"Tempo estimado de leitura":"2 minutos"},"schema":{"@context":"https:\/\/schema.org","@graph":[{"@type":"WebPage","@id":"https:\/\/chemswell.com\/product\/crystal-meth\/","url":"https:\/\/chemswell.com\/product\/crystal-meth\/","name":"Buy Crystal Meth online - Crystal Meth for Sale | Chemswell","isPartOf":{"@id":"https:\/\/chemswell.com\/it\/#website"},"primaryImageOfPage":{"@id":"https:\/\/chemswell.com\/product\/crystal-meth\/#primaryimage"},"image":{"@id":"https:\/\/chemswell.com\/product\/crystal-meth\/#primaryimage"},"thumbnailUrl":"https:\/\/chemswell.com\/wp-content\/uploads\/2023\/01\/crystal-meth.jpg","datePublished":"2023-01-21T15:56:56+00:00","dateModified":"2025-08-22T18:08:59+00:00","description":"Buy Crystal Meth online, Research chemicals for sale at chemswell! Looking for the best crystal meth for sale out there? Look no further than ChemsWell.","breadcrumb":{"@id":"https:\/\/chemswell.com\/product\/crystal-meth\/#breadcrumb"},"inLanguage":"pt-PT","potentialAction":[{"@type":"ReadAction","target":["https:\/\/chemswell.com\/product\/crystal-meth\/"]}]},{"@type":"ImageObject","inLanguage":"pt-PT","@id":"https:\/\/chemswell.com\/product\/crystal-meth\/#primaryimage","url":"https:\/\/chemswell.com\/wp-content\/uploads\/2023\/01\/crystal-meth.jpg","contentUrl":"https:\/\/chemswell.com\/wp-content\/uploads\/2023\/01\/crystal-meth.jpg","width":600,"height":600,"caption":"Buy Crystal Meth online"},{"@type":"BreadcrumbList","@id":"https:\/\/chemswell.com\/product\/crystal-meth\/#breadcrumb","itemListElement":[{"@type":"ListItem","position":1,"name":"Home","item":"https:\/\/chemswell.com\/ru\/"},{"@type":"ListItem","position":2,"name":"Shop","item":"https:\/\/chemswell.com\/ru\/%d0%bc%d0%b0%d0%b3%d0%b0%d0%b7%d0%b8%d0%bd\/"},{"@type":"ListItem","position":3,"name":"Crystal Meth"}]},{"@type":"WebSite","@id":"https:\/\/chemswell.com\/it\/#website","url":"https:\/\/chemswell.com\/it\/","name":"Chemswell","description":"#1 Research Chemical Store","potentialAction":[{"@type":"SearchAction","target":{"@type":"EntryPoint","urlTemplate":"https:\/\/chemswell.com\/it\/?s={search_term_string}"},"query-input":"required name=search_term_string"}],"inLanguage":"pt-PT"}]}},"_links":{"self":[{"href":"https:\/\/chemswell.com\/pt\/wp-json\/wp\/v2\/product\/9953"}],"collection":[{"href":"https:\/\/chemswell.com\/pt\/wp-json\/wp\/v2\/product"}],"about":[{"href":"https:\/\/chemswell.com\/pt\/wp-json\/wp\/v2\/types\/product"}],"replies":[{"embeddable":true,"href":"https:\/\/chemswell.com\/pt\/wp-json\/wp\/v2\/comments?post=9953"}],"wp:featuredmedia":[{"embeddable":true,"href":"https:\/\/chemswell.com\/pt\/wp-json\/wp\/v2\/media\/9954"}],"wp:attachment":[{"href":"https:\/\/chemswell.com\/pt\/wp-json\/wp\/v2\/media?parent=9953"}],"wp:term":[{"taxonomy":"product_cat","embeddable":true,"href":"https:\/\/chemswell.com\/pt\/wp-json\/wp\/v2\/product_cat?post=9953"},{"taxonomy":"product_tag","embeddable":true,"href":"https:\/\/chemswell.com\/pt\/wp-json\/wp\/v2\/product_tag?post=9953"}],"curies":[{"name":"wp","href":"https:\/\/api.w.org\/{rel}","templated":true}]}}